{"id":463,"date":"2016-12-16T09:58:07","date_gmt":"2016-12-16T09:58:07","guid":{"rendered":"http:\/\/parforce.dk\/kontakt-parforcejagtlandskabet\/"},"modified":"2025-05-28T06:16:00","modified_gmt":"2025-05-28T06:16:00","slug":"kontakt-parforcejagtlandskabet","status":"publish","type":"page","link":"https:\/\/parforce.dk\/en\/kontakt-parforcejagtlandskabet\/","title":{"rendered":"Contact"},"content":{"rendered":"<section class=\"wpb-content-wrapper\"><p>[vc_row][vc_column][vc_column_text]<\/p>\n<h2>Contact<\/h2>\n<p>[\/vc_column_text][\/vc_column][\/vc_row][vc_row][vc_column width=&#8221;1\/2&#8243;][vc_column_text]Representatives from the Danish Nature Agency, the Agency for Culture and Palaces and six local municipalities are part of the Steering Committee for the North Zealand Par Force Hunting Landscape.<\/p>\n<p>Also represented on the committee are The Green Museum (formerly known as The Danish Museum of Hunting and Forestry), Rudersdal Museer\u00a0and Museum Nordsj\u00e6lland (The Museum of North Zealand). This collaboration between government agencies, municipalities and museums helps to ensure the preservation of this world heritage site.[\/vc_column_text][\/vc_column][vc_column width=&#8221;1\/2&#8243;][vc_column_text]<\/p>\n<h5>Contact information:<\/h5>\n<p>The Par Force Hunting Landscape in North Zealand<\/p>\n<p>Liv Appel<br \/>\nSite Manager<\/p>\n<p>2148 9343<br \/>\nlap@museumns.dk[\/vc_column_text][\/vc_column][\/vc_row]<\/p>\n<\/section>","protected":false},"excerpt":{"rendered":"<p>[vc_row][vc_column][vc_column_text] Contact [\/vc_column_text][\/vc_column][\/vc_row][vc_row][vc_column width=&#8221;1\/2&#8243;][vc_column_text]Representatives from the Danish Nature Agency, the Agency for Culture and Palaces and six local municipalities are part of the Steering Committee for the North Zealand Par Force Hunting Landscape. Also represented on the committee are The Green Museum (formerly known as The Danish Museum of Hunting and Forestry), Rudersdal Museer\u00a0and Museum [&hellip;]<\/p>\n","protected":false},"author":2,"featured_media":0,"parent":0,"menu_order":0,"comment_status":"closed","ping_status":"closed","template":"","meta":{"_acf_changed":false,"inline_featured_image":false,"footnotes":""},"class_list":["post-463","page","type-page","status-publish","hentry"],"acf":[],"yoast_head":"<!-- This site is optimized with the Yoast SEO plugin v27.4 - https:\/\/yoast.com\/product\/yoast-seo-wordpress\/ -->\n<title>Kontakt UNESCO verdensarvsomr\u00e5det Parforcejagtlandskabet i Nordsj\u00e6lland<\/title>\n<meta name=\"description\" content=\"Parforcejagtlandskabet i Nordsj\u00e6lland er som projekt forankret p\u00e5 Museum Nordsj\u00e6lland, hvor der er ansat en site manager til at st\u00e5 for den daglige drift.\" \/>\n<meta name=\"robots\" content=\"index, follow, max-snippet:-1, max-image-preview:large, max-video-preview:-1\" \/>\n<link rel=\"canonical\" href=\"https:\/\/parforce.dk\/kontakt-parforcejagtlandskabet\/\" \/>\n<meta property=\"og:locale\" content=\"en_US\" \/>\n<meta property=\"og:type\" content=\"article\" \/>\n<meta property=\"og:title\" content=\"Kontakt UNESCO verdensarvsomr\u00e5det Parforcejagtlandskabet i Nordsj\u00e6lland\" \/>\n<meta property=\"og:description\" content=\"Parforcejagtlandskabet i Nordsj\u00e6lland er som projekt forankret p\u00e5 Museum Nordsj\u00e6lland, hvor der er ansat en site manager til at st\u00e5 for den daglige drift.\" \/>\n<meta property=\"og:url\" content=\"https:\/\/parforce.dk\/kontakt-parforcejagtlandskabet\/\" \/>\n<meta property=\"og:site_name\" content=\"Parforce\" \/>\n<meta property=\"article:modified_time\" content=\"2025-05-28T06:16:00+00:00\" \/>\n<meta name=\"twitter:card\" content=\"summary_large_image\" \/>\n<meta name=\"twitter:label1\" content=\"Est. reading time\" \/>\n\t<meta name=\"twitter:data1\" content=\"1 minute\" \/>\n<script type=\"application\/ld+json\" class=\"yoast-schema-graph\">{\"@context\":\"https:\\\/\\\/schema.org\",\"@graph\":[{\"@type\":\"WebPage\",\"@id\":\"https:\\\/\\\/parforce.dk\\\/kontakt-parforcejagtlandskabet\\\/\",\"url\":\"https:\\\/\\\/parforce.dk\\\/kontakt-parforcejagtlandskabet\\\/\",\"name\":\"Kontakt UNESCO verdensarvsomr\u00e5det Parforcejagtlandskabet i Nordsj\u00e6lland\",\"isPartOf\":{\"@id\":\"https:\\\/\\\/parforce.dk\\\/#website\"},\"datePublished\":\"2016-12-16T09:58:07+00:00\",\"dateModified\":\"2025-05-28T06:16:00+00:00\",\"description\":\"Parforcejagtlandskabet i Nordsj\u00e6lland er som projekt forankret p\u00e5 Museum Nordsj\u00e6lland, hvor der er ansat en site manager til at st\u00e5 for den daglige drift.\",\"breadcrumb\":{\"@id\":\"https:\\\/\\\/parforce.dk\\\/kontakt-parforcejagtlandskabet\\\/#breadcrumb\"},\"inLanguage\":\"en-US\",\"potentialAction\":[{\"@type\":\"ReadAction\",\"target\":[\"https:\\\/\\\/parforce.dk\\\/kontakt-parforcejagtlandskabet\\\/\"]}]},{\"@type\":\"BreadcrumbList\",\"@id\":\"https:\\\/\\\/parforce.dk\\\/kontakt-parforcejagtlandskabet\\\/#breadcrumb\",\"itemListElement\":[{\"@type\":\"ListItem\",\"position\":1,\"name\":\"Hjem\",\"item\":\"https:\\\/\\\/parforce.dk\\\/?lang=en\"},{\"@type\":\"ListItem\",\"position\":2,\"name\":\"Contact\"}]},{\"@type\":\"WebSite\",\"@id\":\"https:\\\/\\\/parforce.dk\\\/#website\",\"url\":\"https:\\\/\\\/parforce.dk\\\/\",\"name\":\"Parforce\",\"description\":\"Parforcejagtlandskabet i Nordsj\u00e6lland\",\"potentialAction\":[{\"@type\":\"SearchAction\",\"target\":{\"@type\":\"EntryPoint\",\"urlTemplate\":\"https:\\\/\\\/parforce.dk\\\/?s={search_term_string}\"},\"query-input\":{\"@type\":\"PropertyValueSpecification\",\"valueRequired\":true,\"valueName\":\"search_term_string\"}}],\"inLanguage\":\"en-US\"}]}<\/script>\n<!-- \/ Yoast SEO plugin. -->","yoast_head_json":{"title":"Kontakt UNESCO verdensarvsomr\u00e5det Parforcejagtlandskabet i Nordsj\u00e6lland","description":"Parforcejagtlandskabet i Nordsj\u00e6lland er som projekt forankret p\u00e5 Museum Nordsj\u00e6lland, hvor der er ansat en site manager til at st\u00e5 for den daglige drift.","robots":{"index":"index","follow":"follow","max-snippet":"max-snippet:-1","max-image-preview":"max-image-preview:large","max-video-preview":"max-video-preview:-1"},"canonical":"https:\/\/parforce.dk\/kontakt-parforcejagtlandskabet\/","og_locale":"en_US","og_type":"article","og_title":"Kontakt UNESCO verdensarvsomr\u00e5det Parforcejagtlandskabet i Nordsj\u00e6lland","og_description":"Parforcejagtlandskabet i Nordsj\u00e6lland er som projekt forankret p\u00e5 Museum Nordsj\u00e6lland, hvor der er ansat en site manager til at st\u00e5 for den daglige drift.","og_url":"https:\/\/parforce.dk\/kontakt-parforcejagtlandskabet\/","og_site_name":"Parforce","article_modified_time":"2025-05-28T06:16:00+00:00","twitter_card":"summary_large_image","twitter_misc":{"Est. reading time":"1 minute"},"schema":{"@context":"https:\/\/schema.org","@graph":[{"@type":"WebPage","@id":"https:\/\/parforce.dk\/kontakt-parforcejagtlandskabet\/","url":"https:\/\/parforce.dk\/kontakt-parforcejagtlandskabet\/","name":"Kontakt UNESCO verdensarvsomr\u00e5det Parforcejagtlandskabet i Nordsj\u00e6lland","isPartOf":{"@id":"https:\/\/parforce.dk\/#website"},"datePublished":"2016-12-16T09:58:07+00:00","dateModified":"2025-05-28T06:16:00+00:00","description":"Parforcejagtlandskabet i Nordsj\u00e6lland er som projekt forankret p\u00e5 Museum Nordsj\u00e6lland, hvor der er ansat en site manager til at st\u00e5 for den daglige drift.","breadcrumb":{"@id":"https:\/\/parforce.dk\/kontakt-parforcejagtlandskabet\/#breadcrumb"},"inLanguage":"en-US","potentialAction":[{"@type":"ReadAction","target":["https:\/\/parforce.dk\/kontakt-parforcejagtlandskabet\/"]}]},{"@type":"BreadcrumbList","@id":"https:\/\/parforce.dk\/kontakt-parforcejagtlandskabet\/#breadcrumb","itemListElement":[{"@type":"ListItem","position":1,"name":"Hjem","item":"https:\/\/parforce.dk\/?lang=en"},{"@type":"ListItem","position":2,"name":"Contact"}]},{"@type":"WebSite","@id":"https:\/\/parforce.dk\/#website","url":"https:\/\/parforce.dk\/","name":"Parforce","description":"Parforcejagtlandskabet i Nordsj\u00e6lland","potentialAction":[{"@type":"SearchAction","target":{"@type":"EntryPoint","urlTemplate":"https:\/\/parforce.dk\/?s={search_term_string}"},"query-input":{"@type":"PropertyValueSpecification","valueRequired":true,"valueName":"search_term_string"}}],"inLanguage":"en-US"}]}},"_links":{"self":[{"href":"https:\/\/parforce.dk\/en\/wp-json\/wp\/v2\/pages\/463","targetHints":{"allow":["GET"]}}],"collection":[{"href":"https:\/\/parforce.dk\/en\/wp-json\/wp\/v2\/pages"}],"about":[{"href":"https:\/\/parforce.dk\/en\/wp-json\/wp\/v2\/types\/page"}],"author":[{"embeddable":true,"href":"https:\/\/parforce.dk\/en\/wp-json\/wp\/v2\/users\/2"}],"replies":[{"embeddable":true,"href":"https:\/\/parforce.dk\/en\/wp-json\/wp\/v2\/comments?post=463"}],"version-history":[{"count":2,"href":"https:\/\/parforce.dk\/en\/wp-json\/wp\/v2\/pages\/463\/revisions"}],"predecessor-version":[{"id":2039,"href":"https:\/\/parforce.dk\/en\/wp-json\/wp\/v2\/pages\/463\/revisions\/2039"}],"wp:attachment":[{"href":"https:\/\/parforce.dk\/en\/wp-json\/wp\/v2\/media?parent=463"}],"curies":[{"name":"wp","href":"https:\/\/api.w.org\/{rel}","templated":true}]}}