{"id":230,"date":"2016-12-08T09:39:27","date_gmt":"2016-12-08T09:39:27","guid":{"rendered":"http:\/\/parforce.dk\/besoeg\/"},"modified":"2017-03-14T09:19:17","modified_gmt":"2017-03-14T09:19:17","slug":"visit-verdensarvsomraadet","status":"publish","type":"page","link":"https:\/\/parforce.dk\/en\/visit-verdensarvsomraadet\/","title":{"rendered":"Visit"},"content":{"rendered":"<section class=\"wpb-content-wrapper\"><p>[vc_row][vc_column][vc_column_text]<\/p>\n<h2>Visit the par force hunting landscape in North Zealand<\/h2>\n<h5>The forests of North Zealand combine beautiful landscapes and unique culture. Forests, lakes and meadows along with world-class cultural features all contribute to the attraction of the area. Fortunately, it is easy to visit these sights, as visitors have unrestricted access to Gribskov Forest, the Great Deer Park and J\u00e6gersborg Deer Park and Enclosure all day, every day, all year round.<\/h5>\n<p>[\/vc_column_text][\/vc_column][\/vc_row][vc_row][vc_column][vc_column_text]If you would you like to experience the World Heritage site, the old hunting rides, which set the scene for the absolutist Kings\u2019 par force hunts in the 1600s, provide access to the three areas with their unique natural features and history.<\/p>\n<p>The three areas that comprise the par force hunting landscape in North Zealand cover a large area \u2013 more than 4500 hectares. Therefore, it is advisable to plan your visit in advance. Click on the links to read more about the individual areas, what you can experience and how to get there.<br \/>\n[\/vc_column_text][\/vc_column][\/vc_row][vc_row][vc_column width=&#8221;1\/3&#8243;][vc_single_image image=&#8221;344&#8243; img_size=&#8221;full&#8221; style=&#8221;vc_box_rounded&#8221; onclick=&#8221;custom_link&#8221; link=&#8221;http:\/\/parforce.dk\/besoeg-gribskov\/&#8221;][vc_column_text]<strong>Gribskov Forest <\/strong>is one of Denmark\u2019s largest forests. The area boasts wild natural surroundings, an abundance of wildlife and a great deal of history. Today, the old hunting rides are still the easiest way to move through the forest, just as they were 300 years ago. [\/vc_column_text][\/vc_column][vc_column width=&#8221;1\/3&#8243;][vc_single_image image=&#8221;345&#8243; img_size=&#8221;full&#8221; style=&#8221;vc_box_rounded&#8221; onclick=&#8221;custom_link&#8221; link=&#8221;http:\/\/parforce.dk\/besoeg\/besoeg-store-dyrehave\/&#8221;][vc_column_text]<strong>The Great Deer Park <\/strong> (in Danish <em>Store Dyrehave<\/em>) unites nature and culture. Christian IV\u2019s well-preserved stone walls from the early 1600s enclose the area, which is an exceptional cultural landscape due to its geometric system of par force hunting rides.[\/vc_column_text][\/vc_column][vc_column width=&#8221;1\/3&#8243;][vc_single_image image=&#8221;346&#8243; img_size=&#8221;full&#8221; style=&#8221;vc_box_rounded&#8221; onclick=&#8221;custom_link&#8221; link=&#8221;http:\/\/parforce.dk\/besoeg\/besoeg-verdensarvsomraadet-i-dyrehaven\/&#8221;][vc_column_text]<strong>J\u00e6gersborg Deer Park and Enclosure <\/strong>was for many years the preferred royal playground. The large population of deer, the numerous hunting rides and, not least, the Hermitage Hunting Lodge bear witness to the great significance this area once held. [\/vc_column_text][\/vc_column][\/vc_row]<\/p>\n<\/section>","protected":false},"excerpt":{"rendered":"<p>[vc_row][vc_column][vc_column_text] Visit the par force hunting landscape in North Zealand The forests of North Zealand combine beautiful landscapes and unique culture. Forests, lakes and meadows along with world-class cultural features all contribute to the attraction of the area. Fortunately, it is easy to visit these sights, as visitors have unrestricted access to Gribskov Forest, the [&hellip;]<\/p>\n","protected":false},"author":2,"featured_media":0,"parent":0,"menu_order":0,"comment_status":"closed","ping_status":"closed","template":"","meta":{"_acf_changed":false,"inline_featured_image":false,"footnotes":""},"class_list":["post-230","page","type-page","status-publish","hentry"],"acf":[],"yoast_head":"<!-- This site is optimized with the Yoast SEO plugin v27.4 - https:\/\/yoast.com\/product\/yoast-seo-wordpress\/ -->\n<title>Bes\u00f8g UNESCO Verdensarvsomr\u00e5det Parforcejagtlandskabet i Nordsj\u00e6lland<\/title>\n<meta name=\"description\" content=\"De nordsj\u00e6llandske skove er smuk natur og unik kultur samlet i \u00e9t. Skove, s\u00f8er og enge, kombineret med kulturspor i verdensklasse, indbyder til bes\u00f8g.\" \/>\n<meta name=\"robots\" content=\"index, follow, max-snippet:-1, max-image-preview:large, max-video-preview:-1\" \/>\n<link rel=\"canonical\" href=\"https:\/\/parforce.dk\/visit-verdensarvsomraadet\/?lang=en\" \/>\n<meta property=\"og:locale\" content=\"en_US\" \/>\n<meta property=\"og:type\" content=\"article\" \/>\n<meta property=\"og:title\" content=\"Bes\u00f8g UNESCO Verdensarvsomr\u00e5det Parforcejagtlandskabet i Nordsj\u00e6lland\" \/>\n<meta property=\"og:description\" content=\"De nordsj\u00e6llandske skove er smuk natur og unik kultur samlet i \u00e9t. Skove, s\u00f8er og enge, kombineret med kulturspor i verdensklasse, indbyder til bes\u00f8g.\" \/>\n<meta property=\"og:url\" content=\"https:\/\/parforce.dk\/visit-verdensarvsomraadet\/?lang=en\" \/>\n<meta property=\"og:site_name\" content=\"Parforce\" \/>\n<meta property=\"article:modified_time\" content=\"2017-03-14T09:19:17+00:00\" \/>\n<meta name=\"twitter:card\" content=\"summary_large_image\" \/>\n<meta name=\"twitter:label1\" content=\"Est. reading time\" \/>\n\t<meta name=\"twitter:data1\" content=\"2 minutes\" \/>\n<script type=\"application\/ld+json\" class=\"yoast-schema-graph\">{\"@context\":\"https:\\\/\\\/schema.org\",\"@graph\":[{\"@type\":\"WebPage\",\"@id\":\"https:\\\/\\\/parforce.dk\\\/visit-verdensarvsomraadet\\\/?lang=en\",\"url\":\"https:\\\/\\\/parforce.dk\\\/visit-verdensarvsomraadet\\\/?lang=en\",\"name\":\"Bes\u00f8g UNESCO Verdensarvsomr\u00e5det Parforcejagtlandskabet i Nordsj\u00e6lland\",\"isPartOf\":{\"@id\":\"https:\\\/\\\/parforce.dk\\\/#website\"},\"datePublished\":\"2016-12-08T09:39:27+00:00\",\"dateModified\":\"2017-03-14T09:19:17+00:00\",\"description\":\"De nordsj\u00e6llandske skove er smuk natur og unik kultur samlet i \u00e9t. Skove, s\u00f8er og enge, kombineret med kulturspor i verdensklasse, indbyder til bes\u00f8g.\",\"breadcrumb\":{\"@id\":\"https:\\\/\\\/parforce.dk\\\/visit-verdensarvsomraadet\\\/?lang=en#breadcrumb\"},\"inLanguage\":\"en-US\",\"potentialAction\":[{\"@type\":\"ReadAction\",\"target\":[\"https:\\\/\\\/parforce.dk\\\/visit-verdensarvsomraadet\\\/?lang=en\"]}]},{\"@type\":\"BreadcrumbList\",\"@id\":\"https:\\\/\\\/parforce.dk\\\/visit-verdensarvsomraadet\\\/?lang=en#breadcrumb\",\"itemListElement\":[{\"@type\":\"ListItem\",\"position\":1,\"name\":\"Hjem\",\"item\":\"https:\\\/\\\/parforce.dk\\\/?lang=en\"},{\"@type\":\"ListItem\",\"position\":2,\"name\":\"Visit\"}]},{\"@type\":\"WebSite\",\"@id\":\"https:\\\/\\\/parforce.dk\\\/#website\",\"url\":\"https:\\\/\\\/parforce.dk\\\/\",\"name\":\"Parforce\",\"description\":\"Parforcejagtlandskabet i Nordsj\u00e6lland\",\"potentialAction\":[{\"@type\":\"SearchAction\",\"target\":{\"@type\":\"EntryPoint\",\"urlTemplate\":\"https:\\\/\\\/parforce.dk\\\/?s={search_term_string}\"},\"query-input\":{\"@type\":\"PropertyValueSpecification\",\"valueRequired\":true,\"valueName\":\"search_term_string\"}}],\"inLanguage\":\"en-US\"}]}<\/script>\n<!-- \/ Yoast SEO plugin. -->","yoast_head_json":{"title":"Bes\u00f8g UNESCO Verdensarvsomr\u00e5det Parforcejagtlandskabet i Nordsj\u00e6lland","description":"De nordsj\u00e6llandske skove er smuk natur og unik kultur samlet i \u00e9t. Skove, s\u00f8er og enge, kombineret med kulturspor i verdensklasse, indbyder til bes\u00f8g.","robots":{"index":"index","follow":"follow","max-snippet":"max-snippet:-1","max-image-preview":"max-image-preview:large","max-video-preview":"max-video-preview:-1"},"canonical":"https:\/\/parforce.dk\/visit-verdensarvsomraadet\/?lang=en","og_locale":"en_US","og_type":"article","og_title":"Bes\u00f8g UNESCO Verdensarvsomr\u00e5det Parforcejagtlandskabet i Nordsj\u00e6lland","og_description":"De nordsj\u00e6llandske skove er smuk natur og unik kultur samlet i \u00e9t. Skove, s\u00f8er og enge, kombineret med kulturspor i verdensklasse, indbyder til bes\u00f8g.","og_url":"https:\/\/parforce.dk\/visit-verdensarvsomraadet\/?lang=en","og_site_name":"Parforce","article_modified_time":"2017-03-14T09:19:17+00:00","twitter_card":"summary_large_image","twitter_misc":{"Est. reading time":"2 minutes"},"schema":{"@context":"https:\/\/schema.org","@graph":[{"@type":"WebPage","@id":"https:\/\/parforce.dk\/visit-verdensarvsomraadet\/?lang=en","url":"https:\/\/parforce.dk\/visit-verdensarvsomraadet\/?lang=en","name":"Bes\u00f8g UNESCO Verdensarvsomr\u00e5det Parforcejagtlandskabet i Nordsj\u00e6lland","isPartOf":{"@id":"https:\/\/parforce.dk\/#website"},"datePublished":"2016-12-08T09:39:27+00:00","dateModified":"2017-03-14T09:19:17+00:00","description":"De nordsj\u00e6llandske skove er smuk natur og unik kultur samlet i \u00e9t. Skove, s\u00f8er og enge, kombineret med kulturspor i verdensklasse, indbyder til bes\u00f8g.","breadcrumb":{"@id":"https:\/\/parforce.dk\/visit-verdensarvsomraadet\/?lang=en#breadcrumb"},"inLanguage":"en-US","potentialAction":[{"@type":"ReadAction","target":["https:\/\/parforce.dk\/visit-verdensarvsomraadet\/?lang=en"]}]},{"@type":"BreadcrumbList","@id":"https:\/\/parforce.dk\/visit-verdensarvsomraadet\/?lang=en#breadcrumb","itemListElement":[{"@type":"ListItem","position":1,"name":"Hjem","item":"https:\/\/parforce.dk\/?lang=en"},{"@type":"ListItem","position":2,"name":"Visit"}]},{"@type":"WebSite","@id":"https:\/\/parforce.dk\/#website","url":"https:\/\/parforce.dk\/","name":"Parforce","description":"Parforcejagtlandskabet i Nordsj\u00e6lland","potentialAction":[{"@type":"SearchAction","target":{"@type":"EntryPoint","urlTemplate":"https:\/\/parforce.dk\/?s={search_term_string}"},"query-input":{"@type":"PropertyValueSpecification","valueRequired":true,"valueName":"search_term_string"}}],"inLanguage":"en-US"}]}},"_links":{"self":[{"href":"https:\/\/parforce.dk\/en\/wp-json\/wp\/v2\/pages\/230","targetHints":{"allow":["GET"]}}],"collection":[{"href":"https:\/\/parforce.dk\/en\/wp-json\/wp\/v2\/pages"}],"about":[{"href":"https:\/\/parforce.dk\/en\/wp-json\/wp\/v2\/types\/page"}],"author":[{"embeddable":true,"href":"https:\/\/parforce.dk\/en\/wp-json\/wp\/v2\/users\/2"}],"replies":[{"embeddable":true,"href":"https:\/\/parforce.dk\/en\/wp-json\/wp\/v2\/comments?post=230"}],"version-history":[{"count":0,"href":"https:\/\/parforce.dk\/en\/wp-json\/wp\/v2\/pages\/230\/revisions"}],"wp:attachment":[{"href":"https:\/\/parforce.dk\/en\/wp-json\/wp\/v2\/media?parent=230"}],"curies":[{"name":"wp","href":"https:\/\/api.w.org\/{rel}","templated":true}]}}