{"id":873,"date":"2018-09-17T12:00:46","date_gmt":"2018-09-17T12:00:46","guid":{"rendered":"https:\/\/parforce.dk\/?page_id=873"},"modified":"2018-09-17T12:00:46","modified_gmt":"2018-09-17T12:00:46","slug":"forside-2","status":"publish","type":"page","link":"https:\/\/parforce.dk\/de\/","title":{"rendered":"Forside"},"content":{"rendered":"<section class=\"wpb-content-wrapper\"><p>[vc_row][vc_column][vc_column_text]<\/p>\n<h2>Macht, Jagd und Pracht<\/h2>\n<h4>Die W\u00e4lder Nordseelands bestehen nicht nur aus sch\u00f6ner Natur. Sie sind auch einzigartige Kulturgebiete. Die W\u00e4lder sind n\u00e4mlich als eine Art B\u00fchne f\u00fcr die gro\u00dfz\u00fcgigste aller Jagdformen eingerichtet: die pr\u00e4chtige Parforcejagd des machtvollen, absolutistischen K\u00f6nigs.<\/h4>\n<p>[\/vc_column_text][\/vc_column][\/vc_row][vc_row][vc_column width=&#8220;1\/2&#8243;][vc_column_text]<\/p>\n<h3>Gribskov, Store Dyrehave und J\u00e6gersborg Dyrehave und Hegn<\/h3>\n<p>Die Parforcejagdlandschaft in Nordseeland besteht aus Gribskov, Store Dyrehave und J\u00e6gersborg Dyrehave und Hegn.<\/p>\n<p>Die drei W\u00e4lder bilden eine einzigartige Kulturlandschaft, die von der enormen Macht von K\u00f6nig Christian dem V. erz\u00e4hlen und die sein Bed\u00fcrfnis demonstrieren, auch die Natur kontrollieren zu k\u00f6nnen.<\/p>\n<p>Im Jahre 2015 wurde die Parforcejagdlandschaft Nordseelands f\u00fcr die UNESCO Liste \u00fcber Weltkulturerben ausgew\u00e4hlt.<\/p>\n<p>Lesen Sie mehr \u00fcber die Parforcejagdlandschaft und werden Sie inspiriert, das Welterbe zu besuchen und zu erleben.[\/vc_column_text][\/vc_column][vc_column width=&#8220;1\/2&#8243;][vc_tta_tour autoplay=&#8220;10&#8243; active_section=&#8220;1&#8243; pagination_style=&#8220;flat-round&#8220; pagination_color=&#8220;orange&#8220;][vc_tta_section title=&#8220;Section 1&#8243; tab_id=&#8220;1485250965912-e6ae05b3-9ed0&#8243;][vc_column_text el_class=&#8220;aktuelt&#8220;]<\/p>\n<h3>Parforcejagd<\/h3>\n<p>Die Parforcejagd war gro\u00dfe Mode bei Europas absolutistischen F\u00fcrsten im 17.Jahrhundert. Die Jagd war ein gro\u00dfes, vornehm angelegtes Schauspiel, wobei es darum ging, Macht und Pracht vorzuf\u00fchren. In D\u00e4nemark waren die W\u00e4lder von Nordseeland der Austragungsort f\u00fcr die besondere Jagdform. Die Parforcejagd wurde von Christian dem V. in D\u00e4nemark eingef\u00fchrt. Sie stammt aus Frankreich, wo Christian der V. als junger Prinz den franz\u00f6sischen Hof und den Sonnenk\u00f6nig Ludwig den IVX. besuchte und von dieser pomp\u00f6sen Jagdform fasziniert wurde.[\/vc_column_text][\/vc_tta_section][\/vc_tta_tour][\/vc_column][\/vc_row]<\/p>\n<\/section>","protected":false},"excerpt":{"rendered":"<p>[vc_row][vc_column][vc_column_text] Macht, Jagd und Pracht Die W\u00e4lder Nordseelands bestehen nicht nur aus sch\u00f6ner Natur. Sie sind auch einzigartige Kulturgebiete. Die W\u00e4lder sind n\u00e4mlich als eine Art B\u00fchne f\u00fcr die gro\u00dfz\u00fcgigste aller Jagdformen eingerichtet: die pr\u00e4chtige Parforcejagd des machtvollen, absolutistischen K\u00f6nigs. [\/vc_column_text][\/vc_column][\/vc_row][vc_row][vc_column width=&#8220;1\/2&#8243;][vc_column_text] Gribskov, Store Dyrehave und J\u00e6gersborg Dyrehave und Hegn Die Parforcejagdlandschaft in Nordseeland besteht [&hellip;]<\/p>\n","protected":false},"author":2,"featured_media":0,"parent":0,"menu_order":0,"comment_status":"closed","ping_status":"closed","template":"","meta":{"_acf_changed":false,"inline_featured_image":false,"footnotes":""},"class_list":["post-873","page","type-page","status-publish","hentry"],"acf":[],"yoast_head":"<!-- This site is optimized with the Yoast SEO plugin v27.4 - https:\/\/yoast.com\/product\/yoast-seo-wordpress\/ -->\n<title>Forside - Parforce<\/title>\n<meta name=\"robots\" content=\"index, follow, max-snippet:-1, max-image-preview:large, max-video-preview:-1\" \/>\n<link rel=\"canonical\" href=\"https:\/\/parforce.dk\/?lang=de\" \/>\n<meta property=\"og:locale\" content=\"de_DE\" \/>\n<meta property=\"og:type\" content=\"article\" \/>\n<meta property=\"og:title\" content=\"Forside - Parforce\" \/>\n<meta property=\"og:description\" content=\"[vc_row][vc_column][vc_column_text] Macht, Jagd und Pracht Die W\u00e4lder Nordseelands bestehen nicht nur aus sch\u00f6ner Natur. Sie sind auch einzigartige Kulturgebiete. Die W\u00e4lder sind n\u00e4mlich als eine Art B\u00fchne f\u00fcr die gro\u00dfz\u00fcgigste aller Jagdformen eingerichtet: die pr\u00e4chtige Parforcejagd des machtvollen, absolutistischen K\u00f6nigs. [\/vc_column_text][\/vc_column][\/vc_row][vc_row][vc_column width=&#8220;1\/2&#8243;][vc_column_text] Gribskov, Store Dyrehave und J\u00e6gersborg Dyrehave und Hegn Die Parforcejagdlandschaft in Nordseeland besteht [&hellip;]\" \/>\n<meta property=\"og:url\" content=\"https:\/\/parforce.dk\/?lang=de\" \/>\n<meta property=\"og:site_name\" content=\"Parforce\" \/>\n<meta name=\"twitter:card\" content=\"summary_large_image\" \/>\n<meta name=\"twitter:label1\" content=\"Gesch\u00e4tzte Lesezeit\" \/>\n\t<meta name=\"twitter:data1\" content=\"2\u00a0Minuten\" \/>\n<script type=\"application\/ld+json\" class=\"yoast-schema-graph\">{\"@context\":\"https:\\\/\\\/schema.org\",\"@graph\":[{\"@type\":\"WebPage\",\"@id\":\"https:\\\/\\\/parforce.dk\\\/?lang=de\",\"url\":\"https:\\\/\\\/parforce.dk\\\/?lang=de\",\"name\":\"Forside - Parforce\",\"isPartOf\":{\"@id\":\"https:\\\/\\\/parforce.dk\\\/#website\"},\"datePublished\":\"2018-09-17T12:00:46+00:00\",\"breadcrumb\":{\"@id\":\"https:\\\/\\\/parforce.dk\\\/?lang=de#breadcrumb\"},\"inLanguage\":\"de\",\"potentialAction\":[{\"@type\":\"ReadAction\",\"target\":[\"https:\\\/\\\/parforce.dk\\\/?lang=de\"]}]},{\"@type\":\"BreadcrumbList\",\"@id\":\"https:\\\/\\\/parforce.dk\\\/?lang=de#breadcrumb\",\"itemListElement\":[{\"@type\":\"ListItem\",\"position\":1,\"name\":\"Hjem\",\"item\":\"https:\\\/\\\/parforce.dk\\\/?lang=de\"},{\"@type\":\"ListItem\",\"position\":2,\"name\":\"Forside\"}]},{\"@type\":\"WebSite\",\"@id\":\"https:\\\/\\\/parforce.dk\\\/#website\",\"url\":\"https:\\\/\\\/parforce.dk\\\/\",\"name\":\"Parforce\",\"description\":\"Parforcejagtlandskabet i Nordsj\u00e6lland\",\"potentialAction\":[{\"@type\":\"SearchAction\",\"target\":{\"@type\":\"EntryPoint\",\"urlTemplate\":\"https:\\\/\\\/parforce.dk\\\/?s={search_term_string}\"},\"query-input\":{\"@type\":\"PropertyValueSpecification\",\"valueRequired\":true,\"valueName\":\"search_term_string\"}}],\"inLanguage\":\"de\"}]}<\/script>\n<!-- \/ Yoast SEO plugin. -->","yoast_head_json":{"title":"Forside - Parforce","robots":{"index":"index","follow":"follow","max-snippet":"max-snippet:-1","max-image-preview":"max-image-preview:large","max-video-preview":"max-video-preview:-1"},"canonical":"https:\/\/parforce.dk\/?lang=de","og_locale":"de_DE","og_type":"article","og_title":"Forside - Parforce","og_description":"[vc_row][vc_column][vc_column_text] Macht, Jagd und Pracht Die W\u00e4lder Nordseelands bestehen nicht nur aus sch\u00f6ner Natur. Sie sind auch einzigartige Kulturgebiete. Die W\u00e4lder sind n\u00e4mlich als eine Art B\u00fchne f\u00fcr die gro\u00dfz\u00fcgigste aller Jagdformen eingerichtet: die pr\u00e4chtige Parforcejagd des machtvollen, absolutistischen K\u00f6nigs. [\/vc_column_text][\/vc_column][\/vc_row][vc_row][vc_column width=&#8220;1\/2&#8243;][vc_column_text] Gribskov, Store Dyrehave und J\u00e6gersborg Dyrehave und Hegn Die Parforcejagdlandschaft in Nordseeland besteht [&hellip;]","og_url":"https:\/\/parforce.dk\/?lang=de","og_site_name":"Parforce","twitter_card":"summary_large_image","twitter_misc":{"Gesch\u00e4tzte Lesezeit":"2\u00a0Minuten"},"schema":{"@context":"https:\/\/schema.org","@graph":[{"@type":"WebPage","@id":"https:\/\/parforce.dk\/?lang=de","url":"https:\/\/parforce.dk\/?lang=de","name":"Forside - Parforce","isPartOf":{"@id":"https:\/\/parforce.dk\/#website"},"datePublished":"2018-09-17T12:00:46+00:00","breadcrumb":{"@id":"https:\/\/parforce.dk\/?lang=de#breadcrumb"},"inLanguage":"de","potentialAction":[{"@type":"ReadAction","target":["https:\/\/parforce.dk\/?lang=de"]}]},{"@type":"BreadcrumbList","@id":"https:\/\/parforce.dk\/?lang=de#breadcrumb","itemListElement":[{"@type":"ListItem","position":1,"name":"Hjem","item":"https:\/\/parforce.dk\/?lang=de"},{"@type":"ListItem","position":2,"name":"Forside"}]},{"@type":"WebSite","@id":"https:\/\/parforce.dk\/#website","url":"https:\/\/parforce.dk\/","name":"Parforce","description":"Parforcejagtlandskabet i Nordsj\u00e6lland","potentialAction":[{"@type":"SearchAction","target":{"@type":"EntryPoint","urlTemplate":"https:\/\/parforce.dk\/?s={search_term_string}"},"query-input":{"@type":"PropertyValueSpecification","valueRequired":true,"valueName":"search_term_string"}}],"inLanguage":"de"}]}},"_links":{"self":[{"href":"https:\/\/parforce.dk\/de\/wp-json\/wp\/v2\/pages\/873","targetHints":{"allow":["GET"]}}],"collection":[{"href":"https:\/\/parforce.dk\/de\/wp-json\/wp\/v2\/pages"}],"about":[{"href":"https:\/\/parforce.dk\/de\/wp-json\/wp\/v2\/types\/page"}],"author":[{"embeddable":true,"href":"https:\/\/parforce.dk\/de\/wp-json\/wp\/v2\/users\/2"}],"replies":[{"embeddable":true,"href":"https:\/\/parforce.dk\/de\/wp-json\/wp\/v2\/comments?post=873"}],"version-history":[{"count":0,"href":"https:\/\/parforce.dk\/de\/wp-json\/wp\/v2\/pages\/873\/revisions"}],"wp:attachment":[{"href":"https:\/\/parforce.dk\/de\/wp-json\/wp\/v2\/media?parent=873"}],"curies":[{"name":"wp","href":"https:\/\/api.w.org\/{rel}","templated":true}]}}