{"id":572,"date":"2017-03-03T13:18:10","date_gmt":"2017-03-03T13:18:10","guid":{"rendered":"http:\/\/parforce.dk\/?page_id=572"},"modified":"2017-06-28T13:06:12","modified_gmt":"2017-06-28T13:06:12","slug":"besuch-jaegersborg","status":"publish","type":"page","link":"https:\/\/parforce.dk\/de\/besuch\/besuch-jaegersborg\/","title":{"rendered":"Besuch &#8211; J\u00e6gersborg"},"content":{"rendered":"<section class=\"wpb-content-wrapper\"><p>[vc_row][vc_column][vc_column_text]<\/p>\n<h2>Besuch &#8211; J\u00e6gersborg Dyrehave og Hegn<\/h2>\n<p>[\/vc_column_text][\/vc_column][\/vc_row][vc_row][vc_column width=&#8220;1\/2&#8243;][vc_column_text]<\/p>\n<h5>J\u00e6gersborg Dyrehave und Hegn sind bekannt f\u00fcr ihre viele alten Eichen, ihren gro\u00dfen Bestand an Rehwild und nicht zuletzt f\u00fcr das wundersch\u00f6ne Jagdschloss Eremitageslottet, das \u00fcber der Landschaft thront.<\/h5>\n<p>J\u00e6gersborg Dyrehave und Hegn sind \u00f6ffentliche W\u00e4lder, das hei\u00dft, es gibt freien Zugang f\u00fcr Alle. Es handelt sich um eines der am meisten besuchten Waldgebiete D\u00e4nemarks, welches eine Menge Sehensw\u00fcrdigkeiten sowie Kultur- und Naturerlebnisse anbietet.[\/vc_column_text][vc_row_inner][vc_column_inner width=&#8220;1\/2&#8243;][vc_column_text]<\/p>\n<h6><strong>Informationszentrum:<\/strong><\/h6>\n<p>In J\u00e6gersborg und Hegn gibt es sieben Informationszentren. Hier findet man Karten, Texte und Brosch\u00fcren, die den Weg in das Welterbe-Gebiet aufzeigen (siehe Karte).[\/vc_column_text][vc_column_text]<\/p>\n<h6><strong>Ankunft im Auto:<\/strong><\/h6>\n<p>Es gibt mehrere gute Parkm\u00f6glichkeiten in der N\u00e4he von J\u00e6gersborg Dyrehave und Hegn.<\/p>\n<p>N\u00f6rdlich von der Bahnstation Klampenborg im s\u00fcd\u00f6stlichen Teil, bei Bakken und Kongeporten, bei Fortunen im s\u00fcdwestlichen Teil, in der N\u00e4he von Hjortk\u00e6r auf der westlichen Seite vom Dyrehaven (Tiergarten), bei Skodsborg Station im Norden und bei dem Springforbi-Tor im Osten.[\/vc_column_text][vc_column_text]<\/p>\n<h6><strong>Ankunft mit dem Zug:<\/strong><\/h6>\n<p>Nehmen sie die S-Bahn oder den \u00d8resundtog bis zur Klampenborg-Station oder den \u00d8resundtoget bis Skodsborg Station.<\/p>\n<p>Den Fahrplan sehen Sie auf <a href=\"http:\/\/www.rejseplanen.dk\/\" target=\"_blank\">www.rejseplanen.dk<\/a>.[\/vc_column_text][vc_column_text]<\/p>\n<h6><strong>Sehensw\u00fcrdigkeiten<\/strong><\/h6>\n<p>Es gibt viele interessante Sehensw\u00fcrdigkeiten in J\u00e6gersborg Dyrehaven und Hegn.<\/p>\n<p><a href=\"http:\/\/naturstyrelsen.dk\/naturoplevelser\/naturguider\/jaegersborg-dyrehave\/sevaerdigheder\/\" target=\"_blank\">Lesen Si mehr \u00fcber die Sehensw\u00fcrdigkeiten in Dyrehaven her (Es gibt nur eine englische \u00dcbersetzung \u00fcber Dyrehaven, aber hier findet man einen Link zu der gemeinsamen Brosch\u00fcre auf englisch).<\/a><\/p>\n<p><a href=\"http:\/\/naturstyrelsen.dk\/naturoplevelser\/naturguider\/jaegersborg-hegn\/sevaerdigheder\/\" target=\"_blank\">Lesen Sie mehr \u00fcber die Sehensw\u00fcrdigkeiten auf J\u00e6gersborg Hegn her.<\/a>[\/vc_column_text][\/vc_column_inner][vc_column_inner width=&#8220;1\/2&#8243;][vc_column_text]<\/p>\n<h6><strong>Fahrradfahren<\/strong><\/h6>\n<p>Man darf au fallen Pfaden und Waldwegen Fahrrad fahren, jedoch nicht direkt im Wald und die Abh\u00e4nge hinab, auf Steinmauern und auf Grabh\u00fcgeln.[\/vc_column_text][vc_column_text]<\/p>\n<h6><strong>Reiten<\/strong><\/h6>\n<p>Man muss im Besitz eines Reitpasses sein, um sich per Pferd in J\u00e6gersborg Dyrhave und Hegn zu bewegen. Der Pass kann auf Tages-, Wochen-, Monats-, Quartal- oder Jahresbasis bei <a href=\"http:\/\/naturstyrelsen.dk\/naturoplevelser\/aktiviteter\/ridning\/ridning-i-hovedstaden\/ridekort\/\" target=\"_blank\">www.naturstyrelsen.dk\/ridekort<\/a> gekauft werden.<\/p>\n<p>Es ist erlaubt, zu vielen Orten zu reiten, jedoch gibt es in den Sommermonaten Begrenzungen auf Grund der Hirsche.<\/p>\n<p>Man kann vielerorts Pferde und Ponys ausleihen, zum Beispiel <a href=\"https:\/\/www.fortunensponycenter.dk\/\" target=\"_blank\">Fortunens Ponycenter<\/a> und <a href=\"http:\/\/www.krathusgaard.dk\/de\/hesteudlejning\/\" target=\"_blank\">Krathusgaard<\/a>.[\/vc_column_text][vc_column_text]<\/p>\n<h6><strong>\u00dcbernachtungsm\u00f6glichkeiten<\/strong><\/h6>\n<p>Es gibt die M\u00f6glichkeit f\u00fcr eine primitive \u00dcbernachtung an ausgew\u00e4hlten Orten in J\u00e6gersborg Hegn und s\u00fcdlich von Dyrehave. Man findet Informationen auf <a href=\"http:\/\/www.udinaturen.dk\/#{&quot;x&quot;:723085.2748970492,&quot;y&quot;:6189566.71556211,&quot;zoom&quot;:7}\" target=\"_blank\">www.udinaturen.dk<\/a>.<\/p>\n<p>Es gibt auch mehrere \u00dcbernachtungsm\u00f6glichkeiten in der N\u00e4he von J\u00e6gersborg Dyrehave und Hegn \u2013 sowohl auf Campingpl\u00e4tzen und im Luxushotel.<br \/>\nMan findet genauere Informationen bei <a href=\"http:\/\/www.lyngbyturistinformation.dk\/\" target=\"_blank\">Lyngby og Omegns Turistinformation <\/a>oder <a href=\"http:\/\/letsgotoklampenborg.dk\/#\" target=\"_blank\">Let\u2019s go to Klampenborg<\/a>.<\/p>\n<p>Auf den beiden Leitseiten der Fremdenverkehrsvereine findet man auch Informationen \u00fcber eine reihe anderer Aktivit\u00e4ten im Gebiet um J\u00e6gersborg Dyrehave und Hegn.[\/vc_column_text][\/vc_column_inner][\/vc_row_inner][\/vc_column][vc_column width=&#8220;1\/2&#8243;][vc_single_image image=&#8220;358&#8243; img_size=&#8220;full&#8220;][vc_row_inner][vc_column_inner][vc_column_text]<\/p>\n<h6><strong>Das Eremitageschloss<\/strong><\/h6>\n<p>Das feine Jagdschloss Eremitageschloss im J\u00e6gersborg Dyrehave ist ein Teil des Welterbe-Gebietes.<\/p>\n<p>Das Eremitageschloss ist nicht t\u00e4glich f\u00fcr die \u00d6ffentlichkeit ge\u00f6ffnet, aber es gibt die M\u00f6glichkeiten, zu festgelegten Zeitpunkten in den Sommermonaten an F\u00fchrungen teilzunehmen. Eintrittskarten findet man <a href=\"http:\/\/kongeligeslotte.dk\/en\/palaces-and-gardens\/the-hermitage\/visit-the-hermitage.html\" target=\"_blank\">hier<\/a>.<\/p>\n<p>Jeden Mittwoch ist es m\u00f6glich, per Auto via dem Hjortek\u00e6r-Tor zum Eremitageschloss zu fahren. Das Tor ist ge\u00f6ffnet von 7.00 Uhr morgens bis zum Sonnenuntergang.[\/vc_column_text][\/vc_column_inner][\/vc_row_inner][vc_single_image image=&#8220;147&#8243; img_size=&#8220;full&#8220;][\/vc_column][\/vc_row]<\/p>\n<\/section>","protected":false},"excerpt":{"rendered":"<p>[vc_row][vc_column][vc_column_text] Besuch &#8211; J\u00e6gersborg Dyrehave og Hegn [\/vc_column_text][\/vc_column][\/vc_row][vc_row][vc_column width=&#8220;1\/2&#8243;][vc_column_text] J\u00e6gersborg Dyrehave und Hegn sind bekannt f\u00fcr ihre viele alten Eichen, ihren gro\u00dfen Bestand an Rehwild und nicht zuletzt f\u00fcr das wundersch\u00f6ne Jagdschloss Eremitageslottet, das \u00fcber der Landschaft thront. J\u00e6gersborg Dyrehave und Hegn sind \u00f6ffentliche W\u00e4lder, das hei\u00dft, es gibt freien Zugang f\u00fcr Alle. Es handelt [&hellip;]<\/p>\n","protected":false},"author":2,"featured_media":0,"parent":560,"menu_order":3,"comment_status":"closed","ping_status":"closed","template":"","meta":{"_acf_changed":false,"inline_featured_image":false,"footnotes":""},"class_list":["post-572","page","type-page","status-publish","hentry"],"acf":[],"yoast_head":"<!-- This site is optimized with the Yoast SEO plugin v27.4 - https:\/\/yoast.com\/product\/yoast-seo-wordpress\/ -->\n<title>Besuch - J\u00e6gersborg Dyrehave und Hegn, Parforcejagdlandschaft in Nordseeland<\/title>\n<meta name=\"description\" content=\"J\u00e6gersborg Dyrehave und Hegn sind bekannt f\u00fcr ihre viele alten Eichen, ihren gro\u00dfen Bestand an Rehwild und das wundersch\u00f6ne Jagdschloss Eremitageslottet.\" \/>\n<meta name=\"robots\" content=\"index, follow, max-snippet:-1, max-image-preview:large, max-video-preview:-1\" \/>\n<link rel=\"canonical\" href=\"https:\/\/parforce.dk\/besuch\/besuch-jaegersborg\/?lang=de\" \/>\n<meta property=\"og:locale\" content=\"de_DE\" \/>\n<meta property=\"og:type\" content=\"article\" \/>\n<meta property=\"og:title\" content=\"Besuch - J\u00e6gersborg Dyrehave und Hegn, Parforcejagdlandschaft in Nordseeland\" \/>\n<meta property=\"og:description\" content=\"J\u00e6gersborg Dyrehave und Hegn sind bekannt f\u00fcr ihre viele alten Eichen, ihren gro\u00dfen Bestand an Rehwild und das wundersch\u00f6ne Jagdschloss Eremitageslottet.\" \/>\n<meta property=\"og:url\" content=\"https:\/\/parforce.dk\/besuch\/besuch-jaegersborg\/?lang=de\" \/>\n<meta property=\"og:site_name\" content=\"Parforce\" \/>\n<meta property=\"article:modified_time\" content=\"2017-06-28T13:06:12+00:00\" \/>\n<meta name=\"twitter:card\" content=\"summary_large_image\" \/>\n<meta name=\"twitter:label1\" content=\"Gesch\u00e4tzte Lesezeit\" \/>\n\t<meta name=\"twitter:data1\" content=\"3\u00a0Minuten\" \/>\n<script type=\"application\/ld+json\" class=\"yoast-schema-graph\">{\"@context\":\"https:\\\/\\\/schema.org\",\"@graph\":[{\"@type\":\"WebPage\",\"@id\":\"https:\\\/\\\/parforce.dk\\\/besuch\\\/besuch-jaegersborg\\\/?lang=de\",\"url\":\"https:\\\/\\\/parforce.dk\\\/besuch\\\/besuch-jaegersborg\\\/?lang=de\",\"name\":\"Besuch - J\u00e6gersborg Dyrehave und Hegn, Parforcejagdlandschaft in Nordseeland\",\"isPartOf\":{\"@id\":\"https:\\\/\\\/parforce.dk\\\/#website\"},\"datePublished\":\"2017-03-03T13:18:10+00:00\",\"dateModified\":\"2017-06-28T13:06:12+00:00\",\"description\":\"J\u00e6gersborg Dyrehave und Hegn sind bekannt f\u00fcr ihre viele alten Eichen, ihren gro\u00dfen Bestand an Rehwild und das wundersch\u00f6ne Jagdschloss Eremitageslottet.\",\"breadcrumb\":{\"@id\":\"https:\\\/\\\/parforce.dk\\\/besuch\\\/besuch-jaegersborg\\\/?lang=de#breadcrumb\"},\"inLanguage\":\"de\",\"potentialAction\":[{\"@type\":\"ReadAction\",\"target\":[\"https:\\\/\\\/parforce.dk\\\/besuch\\\/besuch-jaegersborg\\\/?lang=de\"]}]},{\"@type\":\"BreadcrumbList\",\"@id\":\"https:\\\/\\\/parforce.dk\\\/besuch\\\/besuch-jaegersborg\\\/?lang=de#breadcrumb\",\"itemListElement\":[{\"@type\":\"ListItem\",\"position\":1,\"name\":\"Hjem\",\"item\":\"https:\\\/\\\/parforce.dk\\\/?lang=de\"},{\"@type\":\"ListItem\",\"position\":2,\"name\":\"Besuch\",\"item\":\"https:\\\/\\\/parforce.dk\\\/besuch\\\/?lang=de\"},{\"@type\":\"ListItem\",\"position\":3,\"name\":\"Besuch &#8211; J\u00e6gersborg\"}]},{\"@type\":\"WebSite\",\"@id\":\"https:\\\/\\\/parforce.dk\\\/#website\",\"url\":\"https:\\\/\\\/parforce.dk\\\/\",\"name\":\"Parforce\",\"description\":\"Parforcejagtlandskabet i Nordsj\u00e6lland\",\"potentialAction\":[{\"@type\":\"SearchAction\",\"target\":{\"@type\":\"EntryPoint\",\"urlTemplate\":\"https:\\\/\\\/parforce.dk\\\/?s={search_term_string}\"},\"query-input\":{\"@type\":\"PropertyValueSpecification\",\"valueRequired\":true,\"valueName\":\"search_term_string\"}}],\"inLanguage\":\"de\"}]}<\/script>\n<!-- \/ Yoast SEO plugin. -->","yoast_head_json":{"title":"Besuch - J\u00e6gersborg Dyrehave und Hegn, Parforcejagdlandschaft in Nordseeland","description":"J\u00e6gersborg Dyrehave und Hegn sind bekannt f\u00fcr ihre viele alten Eichen, ihren gro\u00dfen Bestand an Rehwild und das wundersch\u00f6ne Jagdschloss Eremitageslottet.","robots":{"index":"index","follow":"follow","max-snippet":"max-snippet:-1","max-image-preview":"max-image-preview:large","max-video-preview":"max-video-preview:-1"},"canonical":"https:\/\/parforce.dk\/besuch\/besuch-jaegersborg\/?lang=de","og_locale":"de_DE","og_type":"article","og_title":"Besuch - J\u00e6gersborg Dyrehave und Hegn, Parforcejagdlandschaft in Nordseeland","og_description":"J\u00e6gersborg Dyrehave und Hegn sind bekannt f\u00fcr ihre viele alten Eichen, ihren gro\u00dfen Bestand an Rehwild und das wundersch\u00f6ne Jagdschloss Eremitageslottet.","og_url":"https:\/\/parforce.dk\/besuch\/besuch-jaegersborg\/?lang=de","og_site_name":"Parforce","article_modified_time":"2017-06-28T13:06:12+00:00","twitter_card":"summary_large_image","twitter_misc":{"Gesch\u00e4tzte Lesezeit":"3\u00a0Minuten"},"schema":{"@context":"https:\/\/schema.org","@graph":[{"@type":"WebPage","@id":"https:\/\/parforce.dk\/besuch\/besuch-jaegersborg\/?lang=de","url":"https:\/\/parforce.dk\/besuch\/besuch-jaegersborg\/?lang=de","name":"Besuch - J\u00e6gersborg Dyrehave und Hegn, Parforcejagdlandschaft in Nordseeland","isPartOf":{"@id":"https:\/\/parforce.dk\/#website"},"datePublished":"2017-03-03T13:18:10+00:00","dateModified":"2017-06-28T13:06:12+00:00","description":"J\u00e6gersborg Dyrehave und Hegn sind bekannt f\u00fcr ihre viele alten Eichen, ihren gro\u00dfen Bestand an Rehwild und das wundersch\u00f6ne Jagdschloss Eremitageslottet.","breadcrumb":{"@id":"https:\/\/parforce.dk\/besuch\/besuch-jaegersborg\/?lang=de#breadcrumb"},"inLanguage":"de","potentialAction":[{"@type":"ReadAction","target":["https:\/\/parforce.dk\/besuch\/besuch-jaegersborg\/?lang=de"]}]},{"@type":"BreadcrumbList","@id":"https:\/\/parforce.dk\/besuch\/besuch-jaegersborg\/?lang=de#breadcrumb","itemListElement":[{"@type":"ListItem","position":1,"name":"Hjem","item":"https:\/\/parforce.dk\/?lang=de"},{"@type":"ListItem","position":2,"name":"Besuch","item":"https:\/\/parforce.dk\/besuch\/?lang=de"},{"@type":"ListItem","position":3,"name":"Besuch &#8211; J\u00e6gersborg"}]},{"@type":"WebSite","@id":"https:\/\/parforce.dk\/#website","url":"https:\/\/parforce.dk\/","name":"Parforce","description":"Parforcejagtlandskabet i Nordsj\u00e6lland","potentialAction":[{"@type":"SearchAction","target":{"@type":"EntryPoint","urlTemplate":"https:\/\/parforce.dk\/?s={search_term_string}"},"query-input":{"@type":"PropertyValueSpecification","valueRequired":true,"valueName":"search_term_string"}}],"inLanguage":"de"}]}},"_links":{"self":[{"href":"https:\/\/parforce.dk\/de\/wp-json\/wp\/v2\/pages\/572","targetHints":{"allow":["GET"]}}],"collection":[{"href":"https:\/\/parforce.dk\/de\/wp-json\/wp\/v2\/pages"}],"about":[{"href":"https:\/\/parforce.dk\/de\/wp-json\/wp\/v2\/types\/page"}],"author":[{"embeddable":true,"href":"https:\/\/parforce.dk\/de\/wp-json\/wp\/v2\/users\/2"}],"replies":[{"embeddable":true,"href":"https:\/\/parforce.dk\/de\/wp-json\/wp\/v2\/comments?post=572"}],"version-history":[{"count":0,"href":"https:\/\/parforce.dk\/de\/wp-json\/wp\/v2\/pages\/572\/revisions"}],"up":[{"embeddable":true,"href":"https:\/\/parforce.dk\/de\/wp-json\/wp\/v2\/pages\/560"}],"wp:attachment":[{"href":"https:\/\/parforce.dk\/de\/wp-json\/wp\/v2\/media?parent=572"}],"curies":[{"name":"wp","href":"https:\/\/api.w.org\/{rel}","templated":true}]}}