{"id":569,"date":"2017-03-03T12:54:56","date_gmt":"2017-03-03T12:54:56","guid":{"rendered":"http:\/\/parforce.dk\/?page_id=569"},"modified":"2017-03-20T07:34:09","modified_gmt":"2017-03-20T07:34:09","slug":"besuch-store-dyrehave","status":"publish","type":"page","link":"https:\/\/parforce.dk\/de\/besuch\/besuch-store-dyrehave\/","title":{"rendered":"Besuch &#8211; Store Dyrehave"},"content":{"rendered":"<section class=\"wpb-content-wrapper\"><p>[vc_row][vc_column][vc_row_inner][vc_column_inner][vc_column_text]<\/p>\n<h2>Besuch &#8211; Store Dyrehave<\/h2>\n<p>[\/vc_column_text][\/vc_column_inner][\/vc_row_inner][\/vc_column][\/vc_row][vc_row][vc_column width=&#8220;1\/2&#8243;][vc_column_text]<\/p>\n<h5>Store Dyrehave sieht aus wie wilde Natur mit seinen hohen B\u00e4umen, Mooren und Wasserl\u00f6chern. Aber in Wirklichkeit ist es eine Kulturlandschaft in absoluter Weltklasse.<\/h5>\n<p>Store Dyrehave ist ein \u00f6ffentlicher Wald mit freiem Zugang f\u00fcr Alle. Das Gebiet bietet viele spannende Kulturspuren \u2013 von den Steinmauern von Christian dem IV., die den Wald umgrenzen, bis zu dem avancierten System von Parforcejagdwegen. Man kann reiten, laufen, Fahrrad fahren und vieles mehr in Store Dyrehave, so dass es reiche M\u00f6glichkeiten gibt, das Welterbe zu erleben.[\/vc_column_text][vc_row_inner][vc_column_inner width=&#8220;1\/2&#8243;][vc_column_text]<\/p>\n<h6><strong>Information:<\/strong><\/h6>\n<p>Im Store Dyrhave sind Informationstafeln am Eingang bei Overdrevsvej, Ister\u00f8dvej und K\u00f8benhavssvej platziert. Hier findet man Karten, Text und Brosch\u00fcren, die in die Parforcejagdlandschaft in Store Dyrehave f\u00fchren.[\/vc_column_text][vc_column_text]<\/p>\n<h6><strong>Ankunft im Auto:<\/strong><\/h6>\n<p>Man kann bei dem Overdrevsvej, Ister\u00f8dvejen und K\u00f8benhavnsvej parken.[\/vc_column_text][vc_column_text]<strong>Ankunft mit dem Zug:<\/strong><\/p>\n<p>Nehmen Sie die S-Bahn oder die Lokalbahn bis Hiller\u00f8d Station. Fahrpl\u00e4ne auf <a href=\"http:\/\/www.rejseplanen.dk\/\" target=\"_blank\">www.rejseplanen.dk<\/a>.<\/p>\n<p>Von der Hillerr\u00f8d Station dauert es etwa 15 Minuten bis zum Store Dyrehave. [\/vc_column_text][vc_column_text]<\/p>\n<h6><strong>\u00dcbernachtungsm\u00f6glichkeiten<\/strong><\/h6>\n<p>Es gibt viele \u00dcbernachtungsm\u00f6glichkeiten in der N\u00e4he von Store Dyrehave \u2013 sowohl ob man Camping oder Luxushotels vorzieht.<\/p>\n<p>Es gibt freies Zelten in gr\u00f6\u00dften Teil von Store Dyrehave und einen primitiven \u00dcbernachtungsplatz mit Shelter. Finden Sie eine \u00dcbersichtskarte auf <a href=\"http:\/\/www.udinaturen.dk\/#{&quot;x&quot;:708921.6000000001,&quot;y&quot;:6202073.600000001,&quot;zoom&quot;:8}\">www.udinaturen.dk<\/a><\/p>\n<p>W\u00fcnschen Sie Camping, Wirtshaus oder Hotel? Sehen Sie die \u00dcbernachtungsm\u00f6glichkeiten und Speiselokale auf <a href=\"http:\/\/www.visitnordseeland.de\/de\/nordsjaelland\/die-daenische-riviera-nordseeland\" target=\"_blank\">der Leitseite von VisitNordsj\u00e6lland<\/a>.[\/vc_column_text][\/vc_column_inner][vc_column_inner width=&#8220;1\/2&#8243;][vc_column_text]<\/p>\n<h6><strong>Fahrrad fahren<\/strong><\/h6>\n<p>Sie d\u00fcrfen au fallen Pfaden und Waldwegen mit dem Fahrrad fahren, jedoch nicht im Wald und auf Abh\u00e4ngen oder auf Steinmauern und Grabh\u00fcgeln.<\/p>\n<p>Im Store Dyrehave gibt es eine lange, markierte Mountainbike-Route. Lesen Sie mehr auf <a href=\"http:\/\/www.udinaturen.dk\/#{&quot;x&quot;:708921.6000000001,&quot;y&quot;:6202073.600000001,&quot;zoom&quot;:8}\" target=\"_blank\">www.udinaturen.dk<\/a><\/p>\n<p>Haben Sie Lust auf eine Herausforderung mit Mountainbikes, dann k\u00f6nnen Sie Fahrr\u00e4der bei Sponz MTB Center leihen, das nur wenige Kilometer von Store Dyrehave entfernt liegt.[\/vc_column_text][vc_column_text]<\/p>\n<h6><strong>Wandern<\/strong><\/h6>\n<p>Es gibt mehrere gute Wanderrouten im Store Dyrehave. Sie finden Karten und Informationen \u00fcber die Routen auf <a href=\"http:\/\/www.udinaturen.dk\/#{&quot;x&quot;:708921.6000000001,&quot;y&quot;:6202073.600000001,&quot;zoom&quot;:8}\" target=\"_blank\">www.udinaturen.dk<\/a>[\/vc_column_text][vc_column_text]<\/p>\n<h6><strong>Reiten<\/strong><\/h6>\n<p>Sie d\u00fcrfen auf der Seite und in der Mitte der Waldwege reiten und auch in dem Wald, wo es hohe B\u00e4ume gibt.[\/vc_column_text][\/vc_column_inner][\/vc_row_inner][vc_row_inner][vc_column_inner width=&#8220;1\/3&#8243;][\/vc_column_inner][vc_column_inner width=&#8220;1\/3&#8243;][\/vc_column_inner][vc_column_inner width=&#8220;1\/3&#8243;][\/vc_column_inner][\/vc_row_inner][\/vc_column][vc_column width=&#8220;1\/2&#8243;][vc_single_image image=&#8220;353&#8243; img_size=&#8220;full&#8220;][vc_row_inner][vc_column_inner][vc_single_image image=&#8220;471&#8243; img_size=&#8220;full&#8220; style=&#8220;vc_box_rounded&#8220;][vc_column_text]<\/p>\n<h6><strong>Royal Hunting \u2013 the par force hunting landscape in Store Dyrehave<\/strong><\/h6>\n<p><a href=\"https:\/\/drive.google.com\/open?id=0B7Xc_CNTkhLeb1JGVWNwd0cyS0k\" target=\"_blank\">Download the Danish Nature Agency\u2019s brochure which helps you experience the par force hunting landscape in Store Dyrehave and introduces you to the story behind it.<\/a><\/p>\n<p>The brochure can also be found at the entrances to Store Dyrehave marked by an information-symbol on the map above.[\/vc_column_text][\/vc_column_inner][\/vc_row_inner][\/vc_column][\/vc_row]<\/p>\n<\/section>","protected":false},"excerpt":{"rendered":"<p>[vc_row][vc_column][vc_row_inner][vc_column_inner][vc_column_text] Besuch &#8211; Store Dyrehave [\/vc_column_text][\/vc_column_inner][\/vc_row_inner][\/vc_column][\/vc_row][vc_row][vc_column width=&#8220;1\/2&#8243;][vc_column_text] Store Dyrehave sieht aus wie wilde Natur mit seinen hohen B\u00e4umen, Mooren und Wasserl\u00f6chern. Aber in Wirklichkeit ist es eine Kulturlandschaft in absoluter Weltklasse. Store Dyrehave ist ein \u00f6ffentlicher Wald mit freiem Zugang f\u00fcr Alle. Das Gebiet bietet viele spannende Kulturspuren \u2013 von den Steinmauern von Christian dem [&hellip;]<\/p>\n","protected":false},"author":2,"featured_media":0,"parent":560,"menu_order":2,"comment_status":"closed","ping_status":"closed","template":"","meta":{"_acf_changed":false,"inline_featured_image":false,"footnotes":""},"class_list":["post-569","page","type-page","status-publish","hentry"],"acf":[],"yoast_head":"<!-- This site is optimized with the Yoast SEO plugin v27.3 - https:\/\/yoast.com\/product\/yoast-seo-wordpress\/ -->\n<title>Besuch - Store Dyrehave - die Parforcejagdlandschaft i Nordseeland<\/title>\n<meta name=\"description\" content=\"Store Dyrehave sieht aus wie wilde Natur mit seinen hohen B\u00e4umen, Mooren und Wasserl\u00f6chern. Aber in Wirklichkeit ist es eine Kulturlandschaft in Weltklasse.\" \/>\n<meta name=\"robots\" content=\"index, follow, max-snippet:-1, max-image-preview:large, max-video-preview:-1\" \/>\n<link rel=\"canonical\" href=\"https:\/\/parforce.dk\/besuch\/besuch-store-dyrehave\/?lang=de\" \/>\n<meta property=\"og:locale\" content=\"de_DE\" \/>\n<meta property=\"og:type\" content=\"article\" \/>\n<meta property=\"og:title\" content=\"Besuch - Store Dyrehave - die Parforcejagdlandschaft i Nordseeland\" \/>\n<meta property=\"og:description\" content=\"Store Dyrehave sieht aus wie wilde Natur mit seinen hohen B\u00e4umen, Mooren und Wasserl\u00f6chern. Aber in Wirklichkeit ist es eine Kulturlandschaft in Weltklasse.\" \/>\n<meta property=\"og:url\" content=\"https:\/\/parforce.dk\/besuch\/besuch-store-dyrehave\/?lang=de\" \/>\n<meta property=\"og:site_name\" content=\"Parforce\" \/>\n<meta property=\"article:modified_time\" content=\"2017-03-20T07:34:09+00:00\" \/>\n<meta name=\"twitter:card\" content=\"summary_large_image\" \/>\n<meta name=\"twitter:label1\" content=\"Gesch\u00e4tzte Lesezeit\" \/>\n\t<meta name=\"twitter:data1\" content=\"3\u00a0Minuten\" \/>\n<script type=\"application\/ld+json\" class=\"yoast-schema-graph\">{\"@context\":\"https:\\\/\\\/schema.org\",\"@graph\":[{\"@type\":\"WebPage\",\"@id\":\"https:\\\/\\\/parforce.dk\\\/besuch\\\/besuch-store-dyrehave\\\/?lang=de\",\"url\":\"https:\\\/\\\/parforce.dk\\\/besuch\\\/besuch-store-dyrehave\\\/?lang=de\",\"name\":\"Besuch - Store Dyrehave - die Parforcejagdlandschaft i Nordseeland\",\"isPartOf\":{\"@id\":\"https:\\\/\\\/parforce.dk\\\/#website\"},\"datePublished\":\"2017-03-03T12:54:56+00:00\",\"dateModified\":\"2017-03-20T07:34:09+00:00\",\"description\":\"Store Dyrehave sieht aus wie wilde Natur mit seinen hohen B\u00e4umen, Mooren und Wasserl\u00f6chern. Aber in Wirklichkeit ist es eine Kulturlandschaft in Weltklasse.\",\"breadcrumb\":{\"@id\":\"https:\\\/\\\/parforce.dk\\\/besuch\\\/besuch-store-dyrehave\\\/?lang=de#breadcrumb\"},\"inLanguage\":\"de\",\"potentialAction\":[{\"@type\":\"ReadAction\",\"target\":[\"https:\\\/\\\/parforce.dk\\\/besuch\\\/besuch-store-dyrehave\\\/?lang=de\"]}]},{\"@type\":\"BreadcrumbList\",\"@id\":\"https:\\\/\\\/parforce.dk\\\/besuch\\\/besuch-store-dyrehave\\\/?lang=de#breadcrumb\",\"itemListElement\":[{\"@type\":\"ListItem\",\"position\":1,\"name\":\"Hjem\",\"item\":\"https:\\\/\\\/parforce.dk\\\/?lang=de\"},{\"@type\":\"ListItem\",\"position\":2,\"name\":\"Besuch\",\"item\":\"https:\\\/\\\/parforce.dk\\\/besuch\\\/?lang=de\"},{\"@type\":\"ListItem\",\"position\":3,\"name\":\"Besuch &#8211; Store Dyrehave\"}]},{\"@type\":\"WebSite\",\"@id\":\"https:\\\/\\\/parforce.dk\\\/#website\",\"url\":\"https:\\\/\\\/parforce.dk\\\/\",\"name\":\"Parforce\",\"description\":\"Parforcejagtlandskabet i Nordsj\u00e6lland\",\"potentialAction\":[{\"@type\":\"SearchAction\",\"target\":{\"@type\":\"EntryPoint\",\"urlTemplate\":\"https:\\\/\\\/parforce.dk\\\/?s={search_term_string}\"},\"query-input\":{\"@type\":\"PropertyValueSpecification\",\"valueRequired\":true,\"valueName\":\"search_term_string\"}}],\"inLanguage\":\"de\"}]}<\/script>\n<!-- \/ Yoast SEO plugin. -->","yoast_head_json":{"title":"Besuch - Store Dyrehave - die Parforcejagdlandschaft i Nordseeland","description":"Store Dyrehave sieht aus wie wilde Natur mit seinen hohen B\u00e4umen, Mooren und Wasserl\u00f6chern. Aber in Wirklichkeit ist es eine Kulturlandschaft in Weltklasse.","robots":{"index":"index","follow":"follow","max-snippet":"max-snippet:-1","max-image-preview":"max-image-preview:large","max-video-preview":"max-video-preview:-1"},"canonical":"https:\/\/parforce.dk\/besuch\/besuch-store-dyrehave\/?lang=de","og_locale":"de_DE","og_type":"article","og_title":"Besuch - Store Dyrehave - die Parforcejagdlandschaft i Nordseeland","og_description":"Store Dyrehave sieht aus wie wilde Natur mit seinen hohen B\u00e4umen, Mooren und Wasserl\u00f6chern. Aber in Wirklichkeit ist es eine Kulturlandschaft in Weltklasse.","og_url":"https:\/\/parforce.dk\/besuch\/besuch-store-dyrehave\/?lang=de","og_site_name":"Parforce","article_modified_time":"2017-03-20T07:34:09+00:00","twitter_card":"summary_large_image","twitter_misc":{"Gesch\u00e4tzte Lesezeit":"3\u00a0Minuten"},"schema":{"@context":"https:\/\/schema.org","@graph":[{"@type":"WebPage","@id":"https:\/\/parforce.dk\/besuch\/besuch-store-dyrehave\/?lang=de","url":"https:\/\/parforce.dk\/besuch\/besuch-store-dyrehave\/?lang=de","name":"Besuch - Store Dyrehave - die Parforcejagdlandschaft i Nordseeland","isPartOf":{"@id":"https:\/\/parforce.dk\/#website"},"datePublished":"2017-03-03T12:54:56+00:00","dateModified":"2017-03-20T07:34:09+00:00","description":"Store Dyrehave sieht aus wie wilde Natur mit seinen hohen B\u00e4umen, Mooren und Wasserl\u00f6chern. Aber in Wirklichkeit ist es eine Kulturlandschaft in Weltklasse.","breadcrumb":{"@id":"https:\/\/parforce.dk\/besuch\/besuch-store-dyrehave\/?lang=de#breadcrumb"},"inLanguage":"de","potentialAction":[{"@type":"ReadAction","target":["https:\/\/parforce.dk\/besuch\/besuch-store-dyrehave\/?lang=de"]}]},{"@type":"BreadcrumbList","@id":"https:\/\/parforce.dk\/besuch\/besuch-store-dyrehave\/?lang=de#breadcrumb","itemListElement":[{"@type":"ListItem","position":1,"name":"Hjem","item":"https:\/\/parforce.dk\/?lang=de"},{"@type":"ListItem","position":2,"name":"Besuch","item":"https:\/\/parforce.dk\/besuch\/?lang=de"},{"@type":"ListItem","position":3,"name":"Besuch &#8211; Store Dyrehave"}]},{"@type":"WebSite","@id":"https:\/\/parforce.dk\/#website","url":"https:\/\/parforce.dk\/","name":"Parforce","description":"Parforcejagtlandskabet i Nordsj\u00e6lland","potentialAction":[{"@type":"SearchAction","target":{"@type":"EntryPoint","urlTemplate":"https:\/\/parforce.dk\/?s={search_term_string}"},"query-input":{"@type":"PropertyValueSpecification","valueRequired":true,"valueName":"search_term_string"}}],"inLanguage":"de"}]}},"_links":{"self":[{"href":"https:\/\/parforce.dk\/de\/wp-json\/wp\/v2\/pages\/569","targetHints":{"allow":["GET"]}}],"collection":[{"href":"https:\/\/parforce.dk\/de\/wp-json\/wp\/v2\/pages"}],"about":[{"href":"https:\/\/parforce.dk\/de\/wp-json\/wp\/v2\/types\/page"}],"author":[{"embeddable":true,"href":"https:\/\/parforce.dk\/de\/wp-json\/wp\/v2\/users\/2"}],"replies":[{"embeddable":true,"href":"https:\/\/parforce.dk\/de\/wp-json\/wp\/v2\/comments?post=569"}],"version-history":[{"count":0,"href":"https:\/\/parforce.dk\/de\/wp-json\/wp\/v2\/pages\/569\/revisions"}],"up":[{"embeddable":true,"href":"https:\/\/parforce.dk\/de\/wp-json\/wp\/v2\/pages\/560"}],"wp:attachment":[{"href":"https:\/\/parforce.dk\/de\/wp-json\/wp\/v2\/media?parent=569"}],"curies":[{"name":"wp","href":"https:\/\/api.w.org\/{rel}","templated":true}]}}