{"id":564,"date":"2017-03-03T12:32:59","date_gmt":"2017-03-03T12:32:59","guid":{"rendered":"http:\/\/parforce.dk\/?page_id=564"},"modified":"2017-03-20T07:33:40","modified_gmt":"2017-03-20T07:33:40","slug":"besuch-gribskov","status":"publish","type":"page","link":"https:\/\/parforce.dk\/de\/besuch\/besuch-gribskov\/","title":{"rendered":"Besuch Gribskov"},"content":{"rendered":"<section class=\"wpb-content-wrapper\"><p>[vc_row][vc_column][vc_column_text]<\/p>\n<h2>Besuch &#8211; Gribskov<\/h2>\n<p>[\/vc_column_text][\/vc_column][\/vc_row][vc_row][vc_column width=&#8220;1\/2&#8243;][vc_column_text]<\/p>\n<h5>Gribskov ist eines der gr\u00f6\u00dften und sch\u00f6nsten Naturgebiete D\u00e4nemarks. Die sanften Mor\u00e4ne H\u00fcgel erschaffen eine kupierte Landschaft, die sich von dichter, unwegsamer Wildnis zu gro\u00dfen Wiesen \u00e4ndert. Im s\u00fcdlichen Teil von Gribskov schneiden sich viele Kilometer Parforcejagdwege durch Wald, H\u00fcgel und Moor.<\/h5>\n<p>[\/vc_column_text][vc_column_text]In Gribskov kommt man ganz nahe an die Natur und Geschichte. Nehmen Sie eine Wanderwege Brosch\u00fcre mit, wenn Sie auf den alten Parforcejagdwegen spazieren oder benutzen Sie einen der markierten Fahrradwege, der sie sicher durch die Landschaft f\u00fchrt. Es ist auch m\u00f6glich zu reiten, in primitiven \u00dcbernachtungsanlagen zu schlafen und vieles mehr. [\/vc_column_text][vc_row_inner][vc_column_inner width=&#8220;1\/2&#8243;][vc_column_text]<\/p>\n<h6><strong>Information:<\/strong><\/h6>\n<p>Ottevejskorset (das \u201dAcht-Wege-Kreuz\u201d) ist ein gut geeigneter Platz, einen Besuch zu beginnen, bevor Sie sich nach Gribskov und in die Parforcejagdlandschaft hinein bewegen. Hier befinden sich Tafeln mit Karten, Texten und Brosch\u00fcren, die als Information benutzt werden k\u00f6nnen.[\/vc_column_text][vc_column_text]<\/p>\n<h6><strong>Ankunft im Auto:<\/strong><\/h6>\n<p>Parkgelegenheiten am Ottevejskorset (Acht-Wege-Kreuz).[\/vc_column_text][vc_column_text]<\/p>\n<h6><strong>Ankunft mit Bahn oder Bus:<\/strong><\/h6>\n<p>Lokalbahn bis Gribs\u00f8 Station oder Bus Nr. 307 bis Skovskolen in N\u00f8debo. Fahrplan unter <a href=\"http:\/\/www.rejseplanen.dk\/\" target=\"_blank\">www.rejseplanen.dk<\/a>.[\/vc_column_text][vc_column_text]<\/p>\n<h6><strong>\u00dcbernachtungsm\u00f6glichkeiten<\/strong><\/h6>\n<p>Es gibt eine gro\u00dfe Anzahl von \u00dcbernachtungsm\u00f6glichkeiten in und um Gribskov, von primitiven Lagerpl\u00e4tzen tief im Wald bis zu gem\u00fctlichen Gasth\u00f6fen und exklusiven Hotels.<\/p>\n<p>Sie finden eine \u00dcbersichtskarte mit Sheltern und primitiven \u00dcbernachtungsm\u00f6glichen auf der Seite <a href=\"http:\/\/eng.naturstyrelsen.dk\/experience-nature\/sleeping-outside-in-nature\/\" target=\"_blank\">www.naturstyrelsen.dk<\/a><\/p>\n<p>Bevorzugen Sie weiche Bettbez\u00fcge und Gourmet-Essen, finden Sie das Richtige auf <a href=\"http:\/\/www.visitnordseeland.de\/de\/nordsjaelland\/die-daenische-riviera-nordseeland\" target=\"_blank\">VisitNordsj\u00e6lland.dk<\/a>.[\/vc_column_text][\/vc_column_inner][vc_column_inner width=&#8220;1\/2&#8243;][vc_column_text]<\/p>\n<h6><strong>Fahrradfahren<\/strong><\/h6>\n<p>Das Fahrradfahren ist auf alle Pfaden und Waldwegen erlaubt, jedoch nicht direkt im Wald und auf Abh\u00e4ngen, Steinmauern und Grabh\u00fcgeln.[\/vc_column_text][vc_column_text]<\/p>\n<h6><strong>Wandern<\/strong><\/h6>\n<p>Beim Ottevejskorset (\u201dAcht-Wege-Kreuz\u201d) startet eine markierte Wanderroute, die u.a. am Stern, an Dronningens B\u00f8ge (\u201eDie Buche der K\u00f6nigin\u201c) und N\u00f8debo vorbei f\u00fchrt. Auf dieser Route wandert man auf einigen der alten Parforcejagdwege. Laden Sie <a href=\"http:\/\/udinaturen.dk\/facilitet\/Gribskov--N\u00f8debo\/4478\">Naturstyrelsens Brosch\u00fcre hier<\/a>\u00a0(D\u00e4nisch).[\/vc_column_text][vc_column_text]<\/p>\n<h6><strong>Reiten<\/strong><\/h6>\n<p>Das Reiten ist auf den markierten Reitwegen, sowie im Wald mit hohen B\u00e4umen zugelassen. Sie finden einen F\u00fchrer \u00fcber die Reitwege im s\u00fcdlichen Teil von Gribskov und Informationen \u00fcber die Regeln auf <a href=\"http:\/\/naturstyrelsen.dk\/publikationer\/2012\/feb\/velkommen-til-ridestierne-gribskov-syd\/\" target=\"_blank\">Naturstyrelsens Webseite<\/a> (D\u00e4nisch).[\/vc_column_text][vc_column_text]<\/p>\n<h6><strong>Sev\u00e6rdigheder<\/strong><\/h6>\n<p>Der er mange sp\u00e6ndende sev\u00e6rdigheder i Gribskov, som du kan l\u00e6se mere om p\u00e5 <a href=\"http:\/\/naturstyrelsen.dk\/naturoplevelser\/naturguider\/gribskov\/sevaerdigheder\/\" target=\"_blank\">Naturstyrelsens hjemmeside<\/a>.[\/vc_column_text][\/vc_column_inner][\/vc_row_inner][\/vc_column][vc_column width=&#8220;1\/2&#8243;][vc_single_image image=&#8220;349&#8243; img_size=&#8220;full&#8220;][vc_single_image image=&#8220;471&#8243; img_size=&#8220;full&#8220; style=&#8220;vc_box_rounded&#8220;][vc_row_inner][vc_column_inner][vc_column_text]<\/p>\n<h5>Experiencing 1690 \u2013 The landscape of par force hunting in Gribskov Forest<\/h5>\n<p><a href=\"https:\/\/drive.google.com\/open?id=0B7Xc_CNTkhLeUEoxWXpxNHg5MHc\">Download the Danish Nature Agency\u2019s brochure (in English) that let you experience nature and discover the interesting traces of culture in Gribskov<\/a>[\/vc_column_text][\/vc_column_inner][\/vc_row_inner][\/vc_column][\/vc_row]<\/p>\n<\/section>","protected":false},"excerpt":{"rendered":"<p>[vc_row][vc_column][vc_column_text] Besuch &#8211; Gribskov [\/vc_column_text][\/vc_column][\/vc_row][vc_row][vc_column width=&#8220;1\/2&#8243;][vc_column_text] Gribskov ist eines der gr\u00f6\u00dften und sch\u00f6nsten Naturgebiete D\u00e4nemarks. Die sanften Mor\u00e4ne H\u00fcgel erschaffen eine kupierte Landschaft, die sich von dichter, unwegsamer Wildnis zu gro\u00dfen Wiesen \u00e4ndert. Im s\u00fcdlichen Teil von Gribskov schneiden sich viele Kilometer Parforcejagdwege durch Wald, H\u00fcgel und Moor. [\/vc_column_text][vc_column_text]In Gribskov kommt man ganz nahe an [&hellip;]<\/p>\n","protected":false},"author":2,"featured_media":0,"parent":560,"menu_order":1,"comment_status":"closed","ping_status":"closed","template":"page-interaktivtkort.php","meta":{"_acf_changed":false,"inline_featured_image":false,"footnotes":""},"class_list":["post-564","page","type-page","status-publish","hentry"],"acf":[],"yoast_head":"<!-- This site is optimized with the Yoast SEO plugin v27.5 - https:\/\/yoast.com\/product\/yoast-seo-wordpress\/ -->\n<title>Besuch Gribskov - Parforce<\/title>\n<meta name=\"robots\" content=\"index, follow, max-snippet:-1, max-image-preview:large, max-video-preview:-1\" \/>\n<link rel=\"canonical\" href=\"https:\/\/parforce.dk\/besuch\/besuch-gribskov\/?lang=de\" \/>\n<meta property=\"og:locale\" content=\"de_DE\" \/>\n<meta property=\"og:type\" content=\"article\" \/>\n<meta property=\"og:title\" content=\"Besuch Gribskov - Parforce\" \/>\n<meta property=\"og:description\" content=\"[vc_row][vc_column][vc_column_text] Besuch &#8211; Gribskov [\/vc_column_text][\/vc_column][\/vc_row][vc_row][vc_column width=&#8220;1\/2&#8243;][vc_column_text] Gribskov ist eines der gr\u00f6\u00dften und sch\u00f6nsten Naturgebiete D\u00e4nemarks. Die sanften Mor\u00e4ne H\u00fcgel erschaffen eine kupierte Landschaft, die sich von dichter, unwegsamer Wildnis zu gro\u00dfen Wiesen \u00e4ndert. Im s\u00fcdlichen Teil von Gribskov schneiden sich viele Kilometer Parforcejagdwege durch Wald, H\u00fcgel und Moor. [\/vc_column_text][vc_column_text]In Gribskov kommt man ganz nahe an [&hellip;]\" \/>\n<meta property=\"og:url\" content=\"https:\/\/parforce.dk\/besuch\/besuch-gribskov\/?lang=de\" \/>\n<meta property=\"og:site_name\" content=\"Parforce\" \/>\n<meta property=\"article:modified_time\" content=\"2017-03-20T07:33:40+00:00\" \/>\n<meta name=\"twitter:card\" content=\"summary_large_image\" \/>\n<meta name=\"twitter:label1\" content=\"Gesch\u00e4tzte Lesezeit\" \/>\n\t<meta name=\"twitter:data1\" content=\"3\u00a0Minuten\" \/>\n<script type=\"application\/ld+json\" class=\"yoast-schema-graph\">{\"@context\":\"https:\\\/\\\/schema.org\",\"@graph\":[{\"@type\":\"WebPage\",\"@id\":\"https:\\\/\\\/parforce.dk\\\/besuch\\\/besuch-gribskov\\\/?lang=de\",\"url\":\"https:\\\/\\\/parforce.dk\\\/besuch\\\/besuch-gribskov\\\/?lang=de\",\"name\":\"Besuch Gribskov - Parforce\",\"isPartOf\":{\"@id\":\"https:\\\/\\\/parforce.dk\\\/#website\"},\"datePublished\":\"2017-03-03T12:32:59+00:00\",\"dateModified\":\"2017-03-20T07:33:40+00:00\",\"breadcrumb\":{\"@id\":\"https:\\\/\\\/parforce.dk\\\/besuch\\\/besuch-gribskov\\\/?lang=de#breadcrumb\"},\"inLanguage\":\"de\",\"potentialAction\":[{\"@type\":\"ReadAction\",\"target\":[\"https:\\\/\\\/parforce.dk\\\/besuch\\\/besuch-gribskov\\\/?lang=de\"]}]},{\"@type\":\"BreadcrumbList\",\"@id\":\"https:\\\/\\\/parforce.dk\\\/besuch\\\/besuch-gribskov\\\/?lang=de#breadcrumb\",\"itemListElement\":[{\"@type\":\"ListItem\",\"position\":1,\"name\":\"Hjem\",\"item\":\"https:\\\/\\\/parforce.dk\\\/?lang=de\"},{\"@type\":\"ListItem\",\"position\":2,\"name\":\"Besuch\",\"item\":\"https:\\\/\\\/parforce.dk\\\/besuch\\\/?lang=de\"},{\"@type\":\"ListItem\",\"position\":3,\"name\":\"Besuch Gribskov\"}]},{\"@type\":\"WebSite\",\"@id\":\"https:\\\/\\\/parforce.dk\\\/#website\",\"url\":\"https:\\\/\\\/parforce.dk\\\/\",\"name\":\"Parforce\",\"description\":\"Parforcejagtlandskabet i Nordsj\u00e6lland\",\"potentialAction\":[{\"@type\":\"SearchAction\",\"target\":{\"@type\":\"EntryPoint\",\"urlTemplate\":\"https:\\\/\\\/parforce.dk\\\/?s={search_term_string}\"},\"query-input\":{\"@type\":\"PropertyValueSpecification\",\"valueRequired\":true,\"valueName\":\"search_term_string\"}}],\"inLanguage\":\"de\"}]}<\/script>\n<!-- \/ Yoast SEO plugin. -->","yoast_head_json":{"title":"Besuch Gribskov - Parforce","robots":{"index":"index","follow":"follow","max-snippet":"max-snippet:-1","max-image-preview":"max-image-preview:large","max-video-preview":"max-video-preview:-1"},"canonical":"https:\/\/parforce.dk\/besuch\/besuch-gribskov\/?lang=de","og_locale":"de_DE","og_type":"article","og_title":"Besuch Gribskov - Parforce","og_description":"[vc_row][vc_column][vc_column_text] Besuch &#8211; Gribskov [\/vc_column_text][\/vc_column][\/vc_row][vc_row][vc_column width=&#8220;1\/2&#8243;][vc_column_text] Gribskov ist eines der gr\u00f6\u00dften und sch\u00f6nsten Naturgebiete D\u00e4nemarks. Die sanften Mor\u00e4ne H\u00fcgel erschaffen eine kupierte Landschaft, die sich von dichter, unwegsamer Wildnis zu gro\u00dfen Wiesen \u00e4ndert. Im s\u00fcdlichen Teil von Gribskov schneiden sich viele Kilometer Parforcejagdwege durch Wald, H\u00fcgel und Moor. [\/vc_column_text][vc_column_text]In Gribskov kommt man ganz nahe an [&hellip;]","og_url":"https:\/\/parforce.dk\/besuch\/besuch-gribskov\/?lang=de","og_site_name":"Parforce","article_modified_time":"2017-03-20T07:33:40+00:00","twitter_card":"summary_large_image","twitter_misc":{"Gesch\u00e4tzte Lesezeit":"3\u00a0Minuten"},"schema":{"@context":"https:\/\/schema.org","@graph":[{"@type":"WebPage","@id":"https:\/\/parforce.dk\/besuch\/besuch-gribskov\/?lang=de","url":"https:\/\/parforce.dk\/besuch\/besuch-gribskov\/?lang=de","name":"Besuch Gribskov - Parforce","isPartOf":{"@id":"https:\/\/parforce.dk\/#website"},"datePublished":"2017-03-03T12:32:59+00:00","dateModified":"2017-03-20T07:33:40+00:00","breadcrumb":{"@id":"https:\/\/parforce.dk\/besuch\/besuch-gribskov\/?lang=de#breadcrumb"},"inLanguage":"de","potentialAction":[{"@type":"ReadAction","target":["https:\/\/parforce.dk\/besuch\/besuch-gribskov\/?lang=de"]}]},{"@type":"BreadcrumbList","@id":"https:\/\/parforce.dk\/besuch\/besuch-gribskov\/?lang=de#breadcrumb","itemListElement":[{"@type":"ListItem","position":1,"name":"Hjem","item":"https:\/\/parforce.dk\/?lang=de"},{"@type":"ListItem","position":2,"name":"Besuch","item":"https:\/\/parforce.dk\/besuch\/?lang=de"},{"@type":"ListItem","position":3,"name":"Besuch Gribskov"}]},{"@type":"WebSite","@id":"https:\/\/parforce.dk\/#website","url":"https:\/\/parforce.dk\/","name":"Parforce","description":"Parforcejagtlandskabet i Nordsj\u00e6lland","potentialAction":[{"@type":"SearchAction","target":{"@type":"EntryPoint","urlTemplate":"https:\/\/parforce.dk\/?s={search_term_string}"},"query-input":{"@type":"PropertyValueSpecification","valueRequired":true,"valueName":"search_term_string"}}],"inLanguage":"de"}]}},"_links":{"self":[{"href":"https:\/\/parforce.dk\/de\/wp-json\/wp\/v2\/pages\/564","targetHints":{"allow":["GET"]}}],"collection":[{"href":"https:\/\/parforce.dk\/de\/wp-json\/wp\/v2\/pages"}],"about":[{"href":"https:\/\/parforce.dk\/de\/wp-json\/wp\/v2\/types\/page"}],"author":[{"embeddable":true,"href":"https:\/\/parforce.dk\/de\/wp-json\/wp\/v2\/users\/2"}],"replies":[{"embeddable":true,"href":"https:\/\/parforce.dk\/de\/wp-json\/wp\/v2\/comments?post=564"}],"version-history":[{"count":0,"href":"https:\/\/parforce.dk\/de\/wp-json\/wp\/v2\/pages\/564\/revisions"}],"up":[{"embeddable":true,"href":"https:\/\/parforce.dk\/de\/wp-json\/wp\/v2\/pages\/560"}],"wp:attachment":[{"href":"https:\/\/parforce.dk\/de\/wp-json\/wp\/v2\/media?parent=564"}],"curies":[{"name":"wp","href":"https:\/\/api.w.org\/{rel}","templated":true}]}}