{"id":560,"date":"2017-03-03T12:01:46","date_gmt":"2017-03-03T12:01:46","guid":{"rendered":"http:\/\/parforce.dk\/?page_id=560"},"modified":"2017-03-03T13:33:48","modified_gmt":"2017-03-03T13:33:48","slug":"besuch","status":"publish","type":"page","link":"https:\/\/parforce.dk\/de\/besuch\/","title":{"rendered":"Besuch"},"content":{"rendered":"<section class=\"wpb-content-wrapper\"><p>[vc_row][vc_column][vc_column_text]<\/p>\n<h2>Besuch<\/h2>\n<h5>Die nordseel\u00e4ndischen W\u00e4lder bestehen sowohl aus sch\u00f6ner Natur als auch aus einzigartiger Kultur. Die W\u00e4lder, Seen und Wiesen kombiniert mit einmaligen Kulturspuren laden zum Besuch ein. Gl\u00fccklicherweise gibt es viele M\u00f6glichkeiten, da es den freien Zugang zu Gribskov, Store Dyrehave und J\u00e6gersborg Dyrehave und Hegn gibt. Das ganze Jahr, jeden Tag!<\/h5>\n<p>[\/vc_column_text][\/vc_column][\/vc_row][vc_row][vc_column][vc_column_text]M\u00f6chten sie gerne die Parforcejagdlandschaft in Nordseeland erleben? Die alten Jagdwege, die im 17. Jahrhundert als eine B\u00fchne f\u00fcr die Parforcejagd des absolutistischen K\u00f6nigs dienten, schaffen den Zugang zu drei verschiedenen Gebieten mit unterschiedlicher Natur und Geschichte.<\/p>\n<p>Die drei Gebiete, die zu der Parforcejagdlandschaft in Nordseeland geh\u00f6ren, decken ein sehr gro\u00dfes Gebiet \u2013 mehr als 4500 Hektar. Es ist daher eine sehr gute Idee, f\u00fcr einen etwaigen Besuch einen Plan zu machen. Man kann durch einen Klick auf die Linkliste mehr \u00fcber die verschiedenen Gebiete erfahren und Informationen finden, was man erleben kann und wie man die Gebiete erreichen kann.[\/vc_column_text][\/vc_column][\/vc_row][vc_row][vc_column width=&#8220;1\/3&#8243;][vc_single_image image=&#8220;344&#8243; img_size=&#8220;full&#8220; style=&#8220;vc_box_rounded&#8220; onclick=&#8220;custom_link&#8220; link=&#8220;http:\/\/parforce.dk\/besuch\/besuch-gribskov\/?lang=de&#8220;][vc_column_text]<a href=\"http:\/\/parforce.dk\/besuch\/besuch-gribskov\/?lang=de\"><strong>Gribskov<\/strong> ist einer der gr\u00f6\u00dften W\u00e4lder D\u00e4nemarks. Hier findet man wilde Natur, ein reiches Tiervorkommen und jede Menge Geschichte. Die alten Jagdwege schaffen heute, genau wie vor 300 Jahren, den einfachsten Zugang, um sich in dem Wald zu bewegen.<\/a>[\/vc_column_text][\/vc_column][vc_column width=&#8220;1\/3&#8243;][vc_single_image image=&#8220;345&#8243; img_size=&#8220;full&#8220; style=&#8220;vc_box_rounded&#8220; onclick=&#8220;custom_link&#8220; link=&#8220;http:\/\/parforce.dk\/besuch\/besuch-store-dyrehave\/?lang=de&#8220;][vc_column_text]<a href=\"http:\/\/parforce.dk\/besuch\/besuch-store-dyrehave\/?lang=de\"><strong>Store Dyrehave<\/strong> zeigt das Zusammenspiel von Natur und Kultur. Die sehr gut bewahrten Steinmauern von Christian dem IV. aus den Anf\u00e4ngen des 17. Jahrhunderts rahmen das Gebiet ein, welches durch sein geometrisches System von Parforcejagdwegen eine einzigartige Kulturlandschaft ist.<\/a>[\/vc_column_text][\/vc_column][vc_column width=&#8220;1\/3&#8243;][vc_single_image image=&#8220;346&#8243; img_size=&#8220;full&#8220; style=&#8220;vc_box_rounded&#8220; onclick=&#8220;custom_link&#8220; link=&#8220;http:\/\/parforce.dk\/besuch\/besuch-jaegersborg\/?lang=de&#8220;][vc_column_text]<a href=\"http:\/\/parforce.dk\/besuch\/besuch-jaegersborg\/?lang=de\"><strong>J\u00e6gersborg Dyehave und Hegn<\/strong> waren viele Jahre der bevorzugte Spielplatz des K\u00f6nigs. Der gro\u00dfe Bestand von Hirschen, die vielen Jagdwege und nicht zuletzt das Eremitage Schloss bezeugen die grosse Bedeutung, die dieses Gebiet gehabt hat.<\/a>[\/vc_column_text][\/vc_column][\/vc_row]<\/p>\n<\/section>","protected":false},"excerpt":{"rendered":"<p>[vc_row][vc_column][vc_column_text] Besuch Die nordseel\u00e4ndischen W\u00e4lder bestehen sowohl aus sch\u00f6ner Natur als auch aus einzigartiger Kultur. Die W\u00e4lder, Seen und Wiesen kombiniert mit einmaligen Kulturspuren laden zum Besuch ein. Gl\u00fccklicherweise gibt es viele M\u00f6glichkeiten, da es den freien Zugang zu Gribskov, Store Dyrehave und J\u00e6gersborg Dyrehave und Hegn gibt. Das ganze Jahr, jeden Tag! [\/vc_column_text][\/vc_column][\/vc_row][vc_row][vc_column][vc_column_text]M\u00f6chten sie [&hellip;]<\/p>\n","protected":false},"author":2,"featured_media":0,"parent":0,"menu_order":0,"comment_status":"closed","ping_status":"closed","template":"","meta":{"_acf_changed":false,"inline_featured_image":false,"footnotes":""},"class_list":["post-560","page","type-page","status-publish","hentry"],"acf":[],"yoast_head":"<!-- This site is optimized with the Yoast SEO plugin v27.5 - https:\/\/yoast.com\/product\/yoast-seo-wordpress\/ -->\n<title>Besuch - die Parforcejagdlandschaft in Nordseeland<\/title>\n<meta name=\"description\" content=\"M\u00f6chten sie gerne die Parforcejagdlandschaft erleben? Die nordseel\u00e4ndischen W\u00e4lder bestehen sowohl aus sch\u00f6ner Natur als auch aus einzigartiger Kultur.\" \/>\n<meta name=\"robots\" content=\"index, follow, max-snippet:-1, max-image-preview:large, max-video-preview:-1\" \/>\n<link rel=\"canonical\" href=\"https:\/\/parforce.dk\/besuch\/?lang=de\" \/>\n<meta property=\"og:locale\" content=\"de_DE\" \/>\n<meta property=\"og:type\" content=\"article\" \/>\n<meta property=\"og:title\" content=\"Besuch - die Parforcejagdlandschaft in Nordseeland\" \/>\n<meta property=\"og:description\" content=\"M\u00f6chten sie gerne die Parforcejagdlandschaft erleben? Die nordseel\u00e4ndischen W\u00e4lder bestehen sowohl aus sch\u00f6ner Natur als auch aus einzigartiger Kultur.\" \/>\n<meta property=\"og:url\" content=\"https:\/\/parforce.dk\/besuch\/?lang=de\" \/>\n<meta property=\"og:site_name\" content=\"Parforce\" \/>\n<meta property=\"article:modified_time\" content=\"2017-03-03T13:33:48+00:00\" \/>\n<meta name=\"twitter:card\" content=\"summary_large_image\" \/>\n<meta name=\"twitter:label1\" content=\"Gesch\u00e4tzte Lesezeit\" \/>\n\t<meta name=\"twitter:data1\" content=\"2\u00a0Minuten\" \/>\n<script type=\"application\/ld+json\" class=\"yoast-schema-graph\">{\"@context\":\"https:\\\/\\\/schema.org\",\"@graph\":[{\"@type\":\"WebPage\",\"@id\":\"https:\\\/\\\/parforce.dk\\\/besuch\\\/?lang=de\",\"url\":\"https:\\\/\\\/parforce.dk\\\/besuch\\\/?lang=de\",\"name\":\"Besuch - die Parforcejagdlandschaft in Nordseeland\",\"isPartOf\":{\"@id\":\"https:\\\/\\\/parforce.dk\\\/#website\"},\"datePublished\":\"2017-03-03T12:01:46+00:00\",\"dateModified\":\"2017-03-03T13:33:48+00:00\",\"description\":\"M\u00f6chten sie gerne die Parforcejagdlandschaft erleben? Die nordseel\u00e4ndischen W\u00e4lder bestehen sowohl aus sch\u00f6ner Natur als auch aus einzigartiger Kultur.\",\"breadcrumb\":{\"@id\":\"https:\\\/\\\/parforce.dk\\\/besuch\\\/?lang=de#breadcrumb\"},\"inLanguage\":\"de\",\"potentialAction\":[{\"@type\":\"ReadAction\",\"target\":[\"https:\\\/\\\/parforce.dk\\\/besuch\\\/?lang=de\"]}]},{\"@type\":\"BreadcrumbList\",\"@id\":\"https:\\\/\\\/parforce.dk\\\/besuch\\\/?lang=de#breadcrumb\",\"itemListElement\":[{\"@type\":\"ListItem\",\"position\":1,\"name\":\"Hjem\",\"item\":\"https:\\\/\\\/parforce.dk\\\/?lang=de\"},{\"@type\":\"ListItem\",\"position\":2,\"name\":\"Besuch\"}]},{\"@type\":\"WebSite\",\"@id\":\"https:\\\/\\\/parforce.dk\\\/#website\",\"url\":\"https:\\\/\\\/parforce.dk\\\/\",\"name\":\"Parforce\",\"description\":\"Parforcejagtlandskabet i Nordsj\u00e6lland\",\"potentialAction\":[{\"@type\":\"SearchAction\",\"target\":{\"@type\":\"EntryPoint\",\"urlTemplate\":\"https:\\\/\\\/parforce.dk\\\/?s={search_term_string}\"},\"query-input\":{\"@type\":\"PropertyValueSpecification\",\"valueRequired\":true,\"valueName\":\"search_term_string\"}}],\"inLanguage\":\"de\"}]}<\/script>\n<!-- \/ Yoast SEO plugin. -->","yoast_head_json":{"title":"Besuch - die Parforcejagdlandschaft in Nordseeland","description":"M\u00f6chten sie gerne die Parforcejagdlandschaft erleben? Die nordseel\u00e4ndischen W\u00e4lder bestehen sowohl aus sch\u00f6ner Natur als auch aus einzigartiger Kultur.","robots":{"index":"index","follow":"follow","max-snippet":"max-snippet:-1","max-image-preview":"max-image-preview:large","max-video-preview":"max-video-preview:-1"},"canonical":"https:\/\/parforce.dk\/besuch\/?lang=de","og_locale":"de_DE","og_type":"article","og_title":"Besuch - die Parforcejagdlandschaft in Nordseeland","og_description":"M\u00f6chten sie gerne die Parforcejagdlandschaft erleben? Die nordseel\u00e4ndischen W\u00e4lder bestehen sowohl aus sch\u00f6ner Natur als auch aus einzigartiger Kultur.","og_url":"https:\/\/parforce.dk\/besuch\/?lang=de","og_site_name":"Parforce","article_modified_time":"2017-03-03T13:33:48+00:00","twitter_card":"summary_large_image","twitter_misc":{"Gesch\u00e4tzte Lesezeit":"2\u00a0Minuten"},"schema":{"@context":"https:\/\/schema.org","@graph":[{"@type":"WebPage","@id":"https:\/\/parforce.dk\/besuch\/?lang=de","url":"https:\/\/parforce.dk\/besuch\/?lang=de","name":"Besuch - die Parforcejagdlandschaft in Nordseeland","isPartOf":{"@id":"https:\/\/parforce.dk\/#website"},"datePublished":"2017-03-03T12:01:46+00:00","dateModified":"2017-03-03T13:33:48+00:00","description":"M\u00f6chten sie gerne die Parforcejagdlandschaft erleben? Die nordseel\u00e4ndischen W\u00e4lder bestehen sowohl aus sch\u00f6ner Natur als auch aus einzigartiger Kultur.","breadcrumb":{"@id":"https:\/\/parforce.dk\/besuch\/?lang=de#breadcrumb"},"inLanguage":"de","potentialAction":[{"@type":"ReadAction","target":["https:\/\/parforce.dk\/besuch\/?lang=de"]}]},{"@type":"BreadcrumbList","@id":"https:\/\/parforce.dk\/besuch\/?lang=de#breadcrumb","itemListElement":[{"@type":"ListItem","position":1,"name":"Hjem","item":"https:\/\/parforce.dk\/?lang=de"},{"@type":"ListItem","position":2,"name":"Besuch"}]},{"@type":"WebSite","@id":"https:\/\/parforce.dk\/#website","url":"https:\/\/parforce.dk\/","name":"Parforce","description":"Parforcejagtlandskabet i Nordsj\u00e6lland","potentialAction":[{"@type":"SearchAction","target":{"@type":"EntryPoint","urlTemplate":"https:\/\/parforce.dk\/?s={search_term_string}"},"query-input":{"@type":"PropertyValueSpecification","valueRequired":true,"valueName":"search_term_string"}}],"inLanguage":"de"}]}},"_links":{"self":[{"href":"https:\/\/parforce.dk\/de\/wp-json\/wp\/v2\/pages\/560","targetHints":{"allow":["GET"]}}],"collection":[{"href":"https:\/\/parforce.dk\/de\/wp-json\/wp\/v2\/pages"}],"about":[{"href":"https:\/\/parforce.dk\/de\/wp-json\/wp\/v2\/types\/page"}],"author":[{"embeddable":true,"href":"https:\/\/parforce.dk\/de\/wp-json\/wp\/v2\/users\/2"}],"replies":[{"embeddable":true,"href":"https:\/\/parforce.dk\/de\/wp-json\/wp\/v2\/comments?post=560"}],"version-history":[{"count":0,"href":"https:\/\/parforce.dk\/de\/wp-json\/wp\/v2\/pages\/560\/revisions"}],"wp:attachment":[{"href":"https:\/\/parforce.dk\/de\/wp-json\/wp\/v2\/media?parent=560"}],"curies":[{"name":"wp","href":"https:\/\/api.w.org\/{rel}","templated":true}]}}