{"id":559,"date":"2017-03-03T13:27:09","date_gmt":"2017-03-03T13:27:09","guid":{"rendered":"http:\/\/parforce.dk\/?page_id=559"},"modified":"2025-05-28T06:17:45","modified_gmt":"2025-05-28T06:17:45","slug":"kontakt","status":"publish","type":"page","link":"https:\/\/parforce.dk\/de\/kontakt\/","title":{"rendered":"Kontakt"},"content":{"rendered":"<section class=\"wpb-content-wrapper\"><p>[vc_row][vc_column][vc_column_text]<\/p>\n<h2>Kontakt<\/h2>\n<p>[\/vc_column_text][\/vc_column][\/vc_row][vc_row][vc_column width=&#8220;1\/2&#8243;][vc_column_text]<\/p>\n<h5>Vertreter der Naturschutzbeh\u00f6rde, der Schloss- und Kulturbeh\u00f6rde und der beteiligten Kommunen bilden eine gemeinsame Einheit f\u00fcr die Parforcejagdlandschaft in Nordseeland. Die Kommune Gentofte hat allerdings nur Observationsstatus in der Gruppe. Au\u00dferdem ist Det Gr\u00f8nne Museum (Das Gr\u00fcne Museum), Rudersdal Museer\u00a0und Museum Nordsj\u00e6lland (Museum Nordseeland) in der Einheit vertreten. Die Zusammenarbeit zwischen den verschiedenen Schutzbeh\u00f6rden, den Kommunen und dem Museum dient zur Sicherung, dass alle Bereiche des Welterbe Gebietes besch\u00fctzt werden.<\/h5>\n<p>[\/vc_column_text][\/vc_column][vc_column width=&#8220;1\/2&#8243;][vc_column_text]<\/p>\n<h5>Kontaktinformation:<\/h5>\n<p>Liv Appel<br \/>\nSite Manager<\/p>\n<p>2148 9343<br \/>\nlap@museumns.dk[\/vc_column_text][\/vc_column][\/vc_row]<\/p>\n<\/section>","protected":false},"excerpt":{"rendered":"<p>[vc_row][vc_column][vc_column_text] Kontakt [\/vc_column_text][\/vc_column][\/vc_row][vc_row][vc_column width=&#8220;1\/2&#8243;][vc_column_text] Vertreter der Naturschutzbeh\u00f6rde, der Schloss- und Kulturbeh\u00f6rde und der beteiligten Kommunen bilden eine gemeinsame Einheit f\u00fcr die Parforcejagdlandschaft in Nordseeland. Die Kommune Gentofte hat allerdings nur Observationsstatus in der Gruppe. Au\u00dferdem ist Det Gr\u00f8nne Museum (Das Gr\u00fcne Museum), Rudersdal Museer\u00a0und Museum Nordsj\u00e6lland (Museum Nordseeland) in der Einheit vertreten. Die Zusammenarbeit zwischen [&hellip;]<\/p>\n","protected":false},"author":2,"featured_media":0,"parent":0,"menu_order":0,"comment_status":"closed","ping_status":"closed","template":"","meta":{"_acf_changed":false,"inline_featured_image":false,"footnotes":""},"class_list":["post-559","page","type-page","status-publish","hentry"],"acf":[],"yoast_head":"<!-- This site is optimized with the Yoast SEO plugin v27.3 - https:\/\/yoast.com\/product\/yoast-seo-wordpress\/ -->\n<title>Kontakt Information - die Parforcejagdlandschaft in Nordseeland<\/title>\n<meta name=\"description\" content=\"Kontakt information, die Parforcejagdlandschaft in Nordseeland, D\u00e4nemark\" \/>\n<meta name=\"robots\" content=\"index, follow, max-snippet:-1, max-image-preview:large, max-video-preview:-1\" \/>\n<link rel=\"canonical\" href=\"https:\/\/parforce.dk\/kontakt-parforcejagtlandskabet\/\" \/>\n<meta property=\"og:locale\" content=\"de_DE\" \/>\n<meta property=\"og:type\" content=\"article\" \/>\n<meta property=\"og:title\" content=\"Kontakt Information - die Parforcejagdlandschaft in Nordseeland\" \/>\n<meta property=\"og:description\" content=\"Kontakt information, die Parforcejagdlandschaft in Nordseeland, D\u00e4nemark\" \/>\n<meta property=\"og:url\" content=\"https:\/\/parforce.dk\/kontakt-parforcejagtlandskabet\/\" \/>\n<meta property=\"og:site_name\" content=\"Parforce\" \/>\n<meta property=\"article:modified_time\" content=\"2025-05-28T06:17:45+00:00\" \/>\n<meta name=\"twitter:card\" content=\"summary_large_image\" \/>\n<meta name=\"twitter:label1\" content=\"Gesch\u00e4tzte Lesezeit\" \/>\n\t<meta name=\"twitter:data1\" content=\"1\u00a0Minute\" \/>\n<script type=\"application\/ld+json\" class=\"yoast-schema-graph\">{\"@context\":\"https:\\\/\\\/schema.org\",\"@graph\":[{\"@type\":\"WebPage\",\"@id\":\"https:\\\/\\\/parforce.dk\\\/kontakt-parforcejagtlandskabet\\\/\",\"url\":\"https:\\\/\\\/parforce.dk\\\/kontakt-parforcejagtlandskabet\\\/\",\"name\":\"Kontakt Information - die Parforcejagdlandschaft in Nordseeland\",\"isPartOf\":{\"@id\":\"https:\\\/\\\/parforce.dk\\\/#website\"},\"datePublished\":\"2017-03-03T13:27:09+00:00\",\"dateModified\":\"2025-05-28T06:17:45+00:00\",\"description\":\"Kontakt information, die Parforcejagdlandschaft in Nordseeland, D\u00e4nemark\",\"breadcrumb\":{\"@id\":\"https:\\\/\\\/parforce.dk\\\/kontakt-parforcejagtlandskabet\\\/#breadcrumb\"},\"inLanguage\":\"de\",\"potentialAction\":[{\"@type\":\"ReadAction\",\"target\":[\"https:\\\/\\\/parforce.dk\\\/kontakt-parforcejagtlandskabet\\\/\"]}]},{\"@type\":\"BreadcrumbList\",\"@id\":\"https:\\\/\\\/parforce.dk\\\/kontakt-parforcejagtlandskabet\\\/#breadcrumb\",\"itemListElement\":[{\"@type\":\"ListItem\",\"position\":1,\"name\":\"Hjem\",\"item\":\"https:\\\/\\\/parforce.dk\\\/?lang=de\"},{\"@type\":\"ListItem\",\"position\":2,\"name\":\"Kontakt\"}]},{\"@type\":\"WebSite\",\"@id\":\"https:\\\/\\\/parforce.dk\\\/#website\",\"url\":\"https:\\\/\\\/parforce.dk\\\/\",\"name\":\"Parforce\",\"description\":\"Parforcejagtlandskabet i Nordsj\u00e6lland\",\"potentialAction\":[{\"@type\":\"SearchAction\",\"target\":{\"@type\":\"EntryPoint\",\"urlTemplate\":\"https:\\\/\\\/parforce.dk\\\/?s={search_term_string}\"},\"query-input\":{\"@type\":\"PropertyValueSpecification\",\"valueRequired\":true,\"valueName\":\"search_term_string\"}}],\"inLanguage\":\"de\"}]}<\/script>\n<!-- \/ Yoast SEO plugin. -->","yoast_head_json":{"title":"Kontakt Information - die Parforcejagdlandschaft in Nordseeland","description":"Kontakt information, die Parforcejagdlandschaft in Nordseeland, D\u00e4nemark","robots":{"index":"index","follow":"follow","max-snippet":"max-snippet:-1","max-image-preview":"max-image-preview:large","max-video-preview":"max-video-preview:-1"},"canonical":"https:\/\/parforce.dk\/kontakt-parforcejagtlandskabet\/","og_locale":"de_DE","og_type":"article","og_title":"Kontakt Information - die Parforcejagdlandschaft in Nordseeland","og_description":"Kontakt information, die Parforcejagdlandschaft in Nordseeland, D\u00e4nemark","og_url":"https:\/\/parforce.dk\/kontakt-parforcejagtlandskabet\/","og_site_name":"Parforce","article_modified_time":"2025-05-28T06:17:45+00:00","twitter_card":"summary_large_image","twitter_misc":{"Gesch\u00e4tzte Lesezeit":"1\u00a0Minute"},"schema":{"@context":"https:\/\/schema.org","@graph":[{"@type":"WebPage","@id":"https:\/\/parforce.dk\/kontakt-parforcejagtlandskabet\/","url":"https:\/\/parforce.dk\/kontakt-parforcejagtlandskabet\/","name":"Kontakt Information - die Parforcejagdlandschaft in Nordseeland","isPartOf":{"@id":"https:\/\/parforce.dk\/#website"},"datePublished":"2017-03-03T13:27:09+00:00","dateModified":"2025-05-28T06:17:45+00:00","description":"Kontakt information, die Parforcejagdlandschaft in Nordseeland, D\u00e4nemark","breadcrumb":{"@id":"https:\/\/parforce.dk\/kontakt-parforcejagtlandskabet\/#breadcrumb"},"inLanguage":"de","potentialAction":[{"@type":"ReadAction","target":["https:\/\/parforce.dk\/kontakt-parforcejagtlandskabet\/"]}]},{"@type":"BreadcrumbList","@id":"https:\/\/parforce.dk\/kontakt-parforcejagtlandskabet\/#breadcrumb","itemListElement":[{"@type":"ListItem","position":1,"name":"Hjem","item":"https:\/\/parforce.dk\/?lang=de"},{"@type":"ListItem","position":2,"name":"Kontakt"}]},{"@type":"WebSite","@id":"https:\/\/parforce.dk\/#website","url":"https:\/\/parforce.dk\/","name":"Parforce","description":"Parforcejagtlandskabet i Nordsj\u00e6lland","potentialAction":[{"@type":"SearchAction","target":{"@type":"EntryPoint","urlTemplate":"https:\/\/parforce.dk\/?s={search_term_string}"},"query-input":{"@type":"PropertyValueSpecification","valueRequired":true,"valueName":"search_term_string"}}],"inLanguage":"de"}]}},"_links":{"self":[{"href":"https:\/\/parforce.dk\/de\/wp-json\/wp\/v2\/pages\/559","targetHints":{"allow":["GET"]}}],"collection":[{"href":"https:\/\/parforce.dk\/de\/wp-json\/wp\/v2\/pages"}],"about":[{"href":"https:\/\/parforce.dk\/de\/wp-json\/wp\/v2\/types\/page"}],"author":[{"embeddable":true,"href":"https:\/\/parforce.dk\/de\/wp-json\/wp\/v2\/users\/2"}],"replies":[{"embeddable":true,"href":"https:\/\/parforce.dk\/de\/wp-json\/wp\/v2\/comments?post=559"}],"version-history":[{"count":2,"href":"https:\/\/parforce.dk\/de\/wp-json\/wp\/v2\/pages\/559\/revisions"}],"predecessor-version":[{"id":2040,"href":"https:\/\/parforce.dk\/de\/wp-json\/wp\/v2\/pages\/559\/revisions\/2040"}],"wp:attachment":[{"href":"https:\/\/parforce.dk\/de\/wp-json\/wp\/v2\/media?parent=559"}],"curies":[{"name":"wp","href":"https:\/\/api.w.org\/{rel}","templated":true}]}}