{"id":552,"date":"2017-03-02T13:56:44","date_gmt":"2017-03-02T13:56:44","guid":{"rendered":"http:\/\/parforce.dk\/?page_id=552"},"modified":"2017-03-02T14:03:36","modified_gmt":"2017-03-02T14:03:36","slug":"hvad-er-verdensarv","status":"publish","type":"page","link":"https:\/\/parforce.dk\/de\/hvad-er-verdensarv\/","title":{"rendered":"Was bedeutet Welterbe?"},"content":{"rendered":"<section class=\"wpb-content-wrapper\"><p>[vc_row][vc_column][vc_column_text]<\/p>\n<h2>Was bedeutet Welterbe?<\/h2>\n<h5>2015 wurde die Parforcelandschaft in Nordseeland in die Liste der UNESCO \u00fcber Weltkultur &#8211; Erben aufgenommen. Aber was bedeutet dies eigentlich?<\/h5>\n<p>Das Welterbe ist definiert als ein Natur- oder Kulturerbe von einmaliger universeller Bedeutung. Oft spricht man dabei \u00fcber Geb\u00e4ude, St\u00e4dte, Naturgebiete oder Kulturlandschaften. So geh\u00f6ren beispielsweise die Chinesische Mauer und das Great Barrier Reef in Australien zu den \u00fcber 1000 Orten auf der ganzen Welt, die in der Welterbe Liste der UNESCO aufgenommen sind.<br \/>\nUm in dieser Welterbe Liste aufgenommen zu werden, m\u00fcssen die nominierten Objekte die Kriterien erf\u00fcllen, die die UNESCO beschreibt, um aufgenommen zu werden.<\/p>\n<p>Au\u00dferdem m\u00fcssen die Objekte echt und wohlerhalten sein. Die Parforcelandschaft in Nordseeland erf\u00fcllt z.B. das Kriterium, das fordert, das um eine einmalige universelle Bedeutung zu erf\u00fcllen, muss die Kulturlandschaft \u201d einen wichtigen Austausch menschlicher Werte f\u00fcr den Ausdruck in Architektur, Technologie, monumentaler Kunst, Stadtplanung oder Landschaftsdesign erf\u00fcllen&#8220;.<\/p>\n<p>Es ist der Staat, der eine Landschaft, ein Geb\u00e4ude oder ein Naturgebiet f\u00fcr die UNESCO Welterbe Liste vorschl\u00e4gt. Bei diesem Vorschlag muss beispielsweise erkl\u00e4rt werden, wie der Staat die Sicherung und Verwaltung des vorgeschlagenen Objektes sichert, damit der einmalige universelle Wert nicht verloren geht. Eine Aufnahme in die Liste der Welterben ist daher auch eine Verpflichtung, dass der Staat und die lokalen Beh\u00f6rden auf das ausgew\u00e4hlte Objekt aufpasst und in die Zukunft absichert.[\/vc_column_text][\/vc_column][\/vc_row][vc_row][vc_column el_class=&#8220;fullwidth&#8220;][vc_single_image image=&#8220;364&#8243; img_size=&#8220;full&#8220;][\/vc_column][\/vc_row][vc_row][vc_column width=&#8220;1\/2&#8243;][vc_column_text]<\/p>\n<h3>Warum ist die Parforcejagdlandschaft in Nordseeland Welterbe?<\/h3>\n<h5>Die Parforcejagdlandschaft in den nordseel\u00e4ndischen W\u00e4ldern ist ein einmaliges und authentisches Beispiel der Entwicklung von und innerhalb der europ\u00e4ischen Wertvorstellungen des Landschaft Designs im 17.Jahrhundert.<\/h5>\n<p>Die Jagdwege, die das Zentrum der Parforcejagdlandschaft bilden, erz\u00e4hlen von dieser Entwicklung und davon, wie die absolutistischen Herrscher des Kontinents ihre Macht demonstrierten, in dem sie die Natur kontrollierten.<\/p>\n<h6><strong>Die Kriterien von UNESCO<\/strong><\/h6>\n<p>Um in die Liste der Welterben von UNESCO aufgenommen zu werden, muss ein nominiertes Objekt sogenanntes Outstanding Universal Value (OUV), oder, auf Deutsch, einmaligen universellen Wert besitzen. Das UNESCOs Welterbe Komitee hat insgesamt zehn Kriterien aufgestellt, die definieren, was OUV beinhaltet. Ein nominiertes Objekt muss mindestens vier dieser Kriterien erf\u00fcllen.<\/p>\n<p>Die Parforcejagdlandschaft in Nordseeland erf\u00fcllt folgende Kriterien:<\/p>\n<p><strong>Kriterium ii:<\/strong> Die Parforcejagdlandschaft in Nordseeland ist ein einmaliges Beispiel daf\u00fcr, wie der Austausch der Werte des Barock in Europa die Entwicklung des Landschaftsdesigns im 17. und 18. Jahrhundert beeinflusste. Die Landschaften illustrieren eine Evolution im Landschaftsdesign.<\/p>\n<p><strong>Kriterium iv:<\/strong> Die Parforcejagdlandschaft in Nordseeland ist ein einmaliges Beispiel einer Kulturlandschaft, die als Machtsymbol des absolutistischen K\u00f6nigs am Ende des 17.Jahrhunderts geschaffen wurde.[\/vc_column_text][\/vc_column][vc_column width=&#8220;1\/2&#8243;][vc_column_text]<\/p>\n<h3>Wir m\u00fcssen das Welterbe besch\u00fctzen<\/h3>\n<h5>Das UNESCO Welterbe-Gebiet Parforcejagdlandschaft in Nordseeland ist ein einmaliges Kulturerbe. Es ist wichtig, dass wir auf dieses Erbe aufpassen, so dass die Landschaft und die vielen einzigartigen geschichtlichen Werte nicht verloren gehen.<\/h5>\n<p>Die zentralen Werte der Parforcejagdlandschaft in Nordseeland ist der Schutz durch sowohl staatliche wie kommunale Gesetzgebung. Die Werte sind u.a. die Linien in der Landschaft, die die alten Jagdwege geschaffen haben, sowohl wie das Wegesystem, die Steinmauern und andere Kulturspuren in der Landschaft.<\/p>\n<p>Gribskov, Store Dyrehave und J\u00e6gersborg Dyrhave und Hegn sind staatliche W\u00e4lder. Es ist die Naturschutzbeh\u00f6rde D\u00e4nemarks, die f\u00fcr die Verwaltung der W\u00e4lder verantwortlich ist. Die Arbeit der Beh\u00f6rde ist durch sogenannte Betriebspl\u00e4ne geordnet, in welchen beispielsweise beschrieben ist, wie man die Parforcejagdlandschaft besch\u00fctzen will.<\/p>\n<p>Der gr\u00f6\u00dfte Teil der Gebiete, die an die W\u00e4lder grenzen, also die Pufferzone, ist der kommunale Gesetzgebung zugeordnet und wird daher von den Kommunen besch\u00fctzt. Die Kommunen, die die Verantwortung f\u00fcr die Verwaltung der Pufferzonen haben, sind Gentofte, Gribskov, Fredensborg, Hiller\u00f8d, Aller\u00f8d, Rudersdal und Lyngby-T\u00e5rnb\u00e6k.<\/p>\n<p>Das Eremitage Schloss im Dyrhave gilt auch al sein Teil der Parforcejagdlandschaft in Nordseeland und wird von den Verwaltungspl\u00e4nen der Schloss- und Kulturbeh\u00f6rde besch\u00fctzt.<\/p>\n<h6><strong>Eine Zusammenarbeit<\/strong><\/h6>\n<p>Vertreter der Naturschutzbeh\u00f6rde, der Schloss- und Kulturbeh\u00f6rde und der beteiligten Kommunen bilden eine gemeinsame Einheit f\u00fcr die Parforcejagdlandschaft in Nordseeland. Die Kommune Gentofte hat allerdings nur Observationsstatus in der Gruppe. Au\u00dferdem ist Det Gr\u00f8nne Museum (Das Gr\u00fcne Museum) und Museum Nordsj\u00e6lland (Museum Nordseeland) in der Einheit vertreten. Die Zusammenarbeit zwischen den verschiedenen Schutzbeh\u00f6rden, den Kommunen und dem Museum dient zur Sicherung, dass alle Bereiche des Welterbe Gebietes besch\u00fctzt werden.[\/vc_column_text][\/vc_column][\/vc_row]<\/p>\n<\/section>","protected":false},"excerpt":{"rendered":"<p>[vc_row][vc_column][vc_column_text] Was bedeutet Welterbe? 2015 wurde die Parforcelandschaft in Nordseeland in die Liste der UNESCO \u00fcber Weltkultur &#8211; Erben aufgenommen. Aber was bedeutet dies eigentlich? Das Welterbe ist definiert als ein Natur- oder Kulturerbe von einmaliger universeller Bedeutung. Oft spricht man dabei \u00fcber Geb\u00e4ude, St\u00e4dte, Naturgebiete oder Kulturlandschaften. So geh\u00f6ren beispielsweise die Chinesische Mauer und [&hellip;]<\/p>\n","protected":false},"author":2,"featured_media":0,"parent":0,"menu_order":0,"comment_status":"closed","ping_status":"closed","template":"","meta":{"_acf_changed":false,"inline_featured_image":false,"footnotes":""},"class_list":["post-552","page","type-page","status-publish","hentry"],"acf":[],"yoast_head":"<!-- This site is optimized with the Yoast SEO plugin v27.3 - https:\/\/yoast.com\/product\/yoast-seo-wordpress\/ -->\n<title>Was bedeutet Welterbe? - Die Parforcejagdlandschaft in Nordseeland<\/title>\n<meta name=\"description\" content=\"2015 wurde die Parforcelandschaft in Nordseeland in die Liste der UNESCO \u00fcber Weltkultur - Erben aufgenommen. Aber was bedeutet dies eigentlich?\" \/>\n<meta name=\"robots\" content=\"index, follow, max-snippet:-1, max-image-preview:large, max-video-preview:-1\" \/>\n<link rel=\"canonical\" href=\"https:\/\/parforce.dk\/hvad-er-verdensarv\/?lang=de\" \/>\n<meta property=\"og:locale\" content=\"de_DE\" \/>\n<meta property=\"og:type\" content=\"article\" \/>\n<meta property=\"og:title\" content=\"Was bedeutet Welterbe? - Die Parforcejagdlandschaft in Nordseeland\" \/>\n<meta property=\"og:description\" content=\"2015 wurde die Parforcelandschaft in Nordseeland in die Liste der UNESCO \u00fcber Weltkultur - Erben aufgenommen. Aber was bedeutet dies eigentlich?\" \/>\n<meta property=\"og:url\" content=\"https:\/\/parforce.dk\/hvad-er-verdensarv\/?lang=de\" \/>\n<meta property=\"og:site_name\" content=\"Parforce\" \/>\n<meta property=\"article:modified_time\" content=\"2017-03-02T14:03:36+00:00\" \/>\n<meta name=\"twitter:card\" content=\"summary_large_image\" \/>\n<meta name=\"twitter:label1\" content=\"Gesch\u00e4tzte Lesezeit\" \/>\n\t<meta name=\"twitter:data1\" content=\"4\u00a0Minuten\" \/>\n<script type=\"application\/ld+json\" class=\"yoast-schema-graph\">{\"@context\":\"https:\\\/\\\/schema.org\",\"@graph\":[{\"@type\":\"WebPage\",\"@id\":\"https:\\\/\\\/parforce.dk\\\/hvad-er-verdensarv\\\/?lang=de\",\"url\":\"https:\\\/\\\/parforce.dk\\\/hvad-er-verdensarv\\\/?lang=de\",\"name\":\"Was bedeutet Welterbe? - Die Parforcejagdlandschaft in Nordseeland\",\"isPartOf\":{\"@id\":\"https:\\\/\\\/parforce.dk\\\/#website\"},\"datePublished\":\"2017-03-02T13:56:44+00:00\",\"dateModified\":\"2017-03-02T14:03:36+00:00\",\"description\":\"2015 wurde die Parforcelandschaft in Nordseeland in die Liste der UNESCO \u00fcber Weltkultur - Erben aufgenommen. Aber was bedeutet dies eigentlich?\",\"breadcrumb\":{\"@id\":\"https:\\\/\\\/parforce.dk\\\/hvad-er-verdensarv\\\/?lang=de#breadcrumb\"},\"inLanguage\":\"de\",\"potentialAction\":[{\"@type\":\"ReadAction\",\"target\":[\"https:\\\/\\\/parforce.dk\\\/hvad-er-verdensarv\\\/?lang=de\"]}]},{\"@type\":\"BreadcrumbList\",\"@id\":\"https:\\\/\\\/parforce.dk\\\/hvad-er-verdensarv\\\/?lang=de#breadcrumb\",\"itemListElement\":[{\"@type\":\"ListItem\",\"position\":1,\"name\":\"Hjem\",\"item\":\"https:\\\/\\\/parforce.dk\\\/?lang=de\"},{\"@type\":\"ListItem\",\"position\":2,\"name\":\"Was bedeutet Welterbe?\"}]},{\"@type\":\"WebSite\",\"@id\":\"https:\\\/\\\/parforce.dk\\\/#website\",\"url\":\"https:\\\/\\\/parforce.dk\\\/\",\"name\":\"Parforce\",\"description\":\"Parforcejagtlandskabet i Nordsj\u00e6lland\",\"potentialAction\":[{\"@type\":\"SearchAction\",\"target\":{\"@type\":\"EntryPoint\",\"urlTemplate\":\"https:\\\/\\\/parforce.dk\\\/?s={search_term_string}\"},\"query-input\":{\"@type\":\"PropertyValueSpecification\",\"valueRequired\":true,\"valueName\":\"search_term_string\"}}],\"inLanguage\":\"de\"}]}<\/script>\n<!-- \/ Yoast SEO plugin. -->","yoast_head_json":{"title":"Was bedeutet Welterbe? - Die Parforcejagdlandschaft in Nordseeland","description":"2015 wurde die Parforcelandschaft in Nordseeland in die Liste der UNESCO \u00fcber Weltkultur - Erben aufgenommen. Aber was bedeutet dies eigentlich?","robots":{"index":"index","follow":"follow","max-snippet":"max-snippet:-1","max-image-preview":"max-image-preview:large","max-video-preview":"max-video-preview:-1"},"canonical":"https:\/\/parforce.dk\/hvad-er-verdensarv\/?lang=de","og_locale":"de_DE","og_type":"article","og_title":"Was bedeutet Welterbe? - Die Parforcejagdlandschaft in Nordseeland","og_description":"2015 wurde die Parforcelandschaft in Nordseeland in die Liste der UNESCO \u00fcber Weltkultur - Erben aufgenommen. Aber was bedeutet dies eigentlich?","og_url":"https:\/\/parforce.dk\/hvad-er-verdensarv\/?lang=de","og_site_name":"Parforce","article_modified_time":"2017-03-02T14:03:36+00:00","twitter_card":"summary_large_image","twitter_misc":{"Gesch\u00e4tzte Lesezeit":"4\u00a0Minuten"},"schema":{"@context":"https:\/\/schema.org","@graph":[{"@type":"WebPage","@id":"https:\/\/parforce.dk\/hvad-er-verdensarv\/?lang=de","url":"https:\/\/parforce.dk\/hvad-er-verdensarv\/?lang=de","name":"Was bedeutet Welterbe? - Die Parforcejagdlandschaft in Nordseeland","isPartOf":{"@id":"https:\/\/parforce.dk\/#website"},"datePublished":"2017-03-02T13:56:44+00:00","dateModified":"2017-03-02T14:03:36+00:00","description":"2015 wurde die Parforcelandschaft in Nordseeland in die Liste der UNESCO \u00fcber Weltkultur - Erben aufgenommen. Aber was bedeutet dies eigentlich?","breadcrumb":{"@id":"https:\/\/parforce.dk\/hvad-er-verdensarv\/?lang=de#breadcrumb"},"inLanguage":"de","potentialAction":[{"@type":"ReadAction","target":["https:\/\/parforce.dk\/hvad-er-verdensarv\/?lang=de"]}]},{"@type":"BreadcrumbList","@id":"https:\/\/parforce.dk\/hvad-er-verdensarv\/?lang=de#breadcrumb","itemListElement":[{"@type":"ListItem","position":1,"name":"Hjem","item":"https:\/\/parforce.dk\/?lang=de"},{"@type":"ListItem","position":2,"name":"Was bedeutet Welterbe?"}]},{"@type":"WebSite","@id":"https:\/\/parforce.dk\/#website","url":"https:\/\/parforce.dk\/","name":"Parforce","description":"Parforcejagtlandskabet i Nordsj\u00e6lland","potentialAction":[{"@type":"SearchAction","target":{"@type":"EntryPoint","urlTemplate":"https:\/\/parforce.dk\/?s={search_term_string}"},"query-input":{"@type":"PropertyValueSpecification","valueRequired":true,"valueName":"search_term_string"}}],"inLanguage":"de"}]}},"_links":{"self":[{"href":"https:\/\/parforce.dk\/de\/wp-json\/wp\/v2\/pages\/552","targetHints":{"allow":["GET"]}}],"collection":[{"href":"https:\/\/parforce.dk\/de\/wp-json\/wp\/v2\/pages"}],"about":[{"href":"https:\/\/parforce.dk\/de\/wp-json\/wp\/v2\/types\/page"}],"author":[{"embeddable":true,"href":"https:\/\/parforce.dk\/de\/wp-json\/wp\/v2\/users\/2"}],"replies":[{"embeddable":true,"href":"https:\/\/parforce.dk\/de\/wp-json\/wp\/v2\/comments?post=552"}],"version-history":[{"count":0,"href":"https:\/\/parforce.dk\/de\/wp-json\/wp\/v2\/pages\/552\/revisions"}],"wp:attachment":[{"href":"https:\/\/parforce.dk\/de\/wp-json\/wp\/v2\/media?parent=552"}],"curies":[{"name":"wp","href":"https:\/\/api.w.org\/{rel}","templated":true}]}}