{"id":545,"date":"2017-03-02T13:38:19","date_gmt":"2017-03-02T13:38:19","guid":{"rendered":"http:\/\/parforce.dk\/?page_id=545"},"modified":"2017-03-02T14:01:16","modified_gmt":"2017-03-02T14:01:16","slug":"die-parforcejagd","status":"publish","type":"page","link":"https:\/\/parforce.dk\/de\/die-parforcejagd\/","title":{"rendered":"Die Parforcejagd"},"content":{"rendered":"<section class=\"wpb-content-wrapper\"><p>[vc_row][vc_column][vc_column_text]<\/p>\n<h2>Die Parforcejagd<\/h2>\n<h5>Die Parforcejagd war gro\u00dfe Mode bei Europas absolutistischen F\u00fcrsten im 17.Jahrhundert. Die Jagd war ein gro\u00dfes, vornehm angelegtes Schauspiel, wobei es darum ging, Macht und Pracht vorzuf\u00fchren. In D\u00e4nemark waren die W\u00e4lder von Nordseeland der Austragungsort f\u00fcr die besondere Jagdform.<\/h5>\n<p>Die Parforcejagd wurde von Christian dem V. in D\u00e4nemark eingef\u00fchrt. Sie stammt aus Frankreich, wo Christian der V. als junger Prinz den franz\u00f6sischen Hof und den Sonnenk\u00f6nig Ludwig den IVX. besuchte und von dieser pomp\u00f6sen Jagdform fasziniert wurde.<\/p>\n<p>Das Ziel der Parforcejagd war nicht nur, f\u00fcr Essen zu jagen, um einen Hirsch zu erlegen, der mehrere Stunden gelaufen war und durch die Milchs\u00e4ure in seinen Muskeln ungenie\u00dfbar geworden war. Es war ein Schauspiel.<\/p>\n<p>Der K\u00f6nig und seine vornehmen G\u00e4ste nahmen teil oder hielten sich bei der Jagd an einem zentralen Ort im Wald auf, w\u00e4hrend sie darauf warteten, hinzu gerufen zu werden. Die J\u00e4ger verfolgten w\u00e4hrenddessen auf ihren Pferden und mit Hunden die ausgew\u00e4hlte Beute. In D\u00e4nemark war dies oft ein gro\u00dfer, majest\u00e4tischer Rothirsch. Vom Warteplatz aus konnte der K\u00f6nig und seine G\u00e4ste die J\u00e4ger, Pferde und Hunde betrachten, die den panischen Hirsch mit voller Kraft verfolgten. Wenn der ersch\u00f6pfte Hirsch nicht mehr laufen konnte, bissen sich die Hunde fest in seinem Hals, seinen Ohren, Beinen und seinem Maul. Nun war der Hirsch \u201egestellt\u201c und der K\u00f6nig wurde hinzu gerufen durch ein besonders Hornsignal. Er erf\u00fcllte seine Pflicht als der Leiter der Jagd und t\u00f6tete das Tier mit einem Stich ins Herz. Zu diesem Zweck benutzte der K\u00f6nig einen Spie\u00df oder ein kleines Jagdschwert, genannt \u201eder Hirschf\u00e4nger\u201c.<\/p>\n<p>Genau hier konnte er sich als ein m\u00e4chtiger Kriegsk\u00f6nig pr\u00e4sentieren, der \u00fcber die Natur bestimmte. Aber diese Aufgabe war bestimmt nicht ungef\u00e4hrlich. Sie forderte sowohl Pr\u00e4zision, St\u00e4rke und nicht zuletzt Mut, um sich so nah an das Tier zu bewegen und den Todessto\u00df auszuf\u00fchren. Der 100-200 kg schwere Rothirsch war zwar ermattet, aber Adrenalin und die Furcht pumpten im K\u00f6rper, so dass es sehr schwer f\u00fcr die Hunde war, das Tier fest zu halten. Ein leichter Schlag mit dem gro\u00dfen Geweih oder ein kraftvoller Schlag mit den Hinterbeinen waren lebensgef\u00e4hrlich. Meistens ging es jedoch gut und der K\u00f6nig konnte vor seinen G\u00e4sten triumphieren.[\/vc_column_text][\/vc_column][\/vc_row][vc_row][vc_column el_class=&#8220;fullwidth&#8220;][vc_raw_html]JTNDaWZyYW1lJTIwc3JjJTNEJTI3aHR0cHMlM0ElMkYlMkZjZG4ua25pZ2h0bGFiLmNvbSUyRmxpYnMlMkZ0aW1lbGluZTMlMkZsYXRlc3QlMkZlbWJlZCUyRmluZGV4Lmh0bWwlM0Zzb3VyY2UlM0QxUExwU1YwMlRFNU5zc1cwbkVIUDFvTEtlb3pMb2I5SDl5bVp6VEZFUjlSSSUyNmZvbnQlM0REZWZhdWx0JTI2bGFuZyUzRGVuJTI2aW5pdGlhbF96b29tJTNEMiUyNmhlaWdodCUzRDY1MCUyNyUyMHdpZHRoJTNEJTI3MTAwJTI1JTI3JTIwaGVpZ2h0JTNEJTI3NjUwJTI3JTIwd2Via2l0YWxsb3dmdWxsc2NyZWVuJTIwbW96YWxsb3dmdWxsc2NyZWVuJTIwYWxsb3dmdWxsc2NyZWVuJTIwZnJhbWVib3JkZXIlM0QlMjcwJTI3JTNFJTNDJTJGaWZyYW1lJTNF[\/vc_raw_html][\/vc_column][\/vc_row]<\/p>\n<\/section>","protected":false},"excerpt":{"rendered":"<p>[vc_row][vc_column][vc_column_text] Die Parforcejagd Die Parforcejagd war gro\u00dfe Mode bei Europas absolutistischen F\u00fcrsten im 17.Jahrhundert. Die Jagd war ein gro\u00dfes, vornehm angelegtes Schauspiel, wobei es darum ging, Macht und Pracht vorzuf\u00fchren. In D\u00e4nemark waren die W\u00e4lder von Nordseeland der Austragungsort f\u00fcr die besondere Jagdform. Die Parforcejagd wurde von Christian dem V. in D\u00e4nemark eingef\u00fchrt. Sie stammt [&hellip;]<\/p>\n","protected":false},"author":2,"featured_media":0,"parent":0,"menu_order":0,"comment_status":"closed","ping_status":"closed","template":"","meta":{"_acf_changed":false,"inline_featured_image":false,"footnotes":""},"class_list":["post-545","page","type-page","status-publish","hentry"],"acf":[],"yoast_head":"<!-- This site is optimized with the Yoast SEO plugin v27.4 - https:\/\/yoast.com\/product\/yoast-seo-wordpress\/ -->\n<title>Die Parforcejagd, die Parforcejagdlandschaft in Nordseeland<\/title>\n<meta name=\"description\" content=\"Die Parforcejagd war gro\u00dfe Mode bei Europas absolutistischen F\u00fcrsten im 17.Jahrhundert. Die Jagd war ein gro\u00dfes, vornehm angelegtes Schauspiel.\" \/>\n<meta name=\"robots\" content=\"index, follow, max-snippet:-1, max-image-preview:large, max-video-preview:-1\" \/>\n<link rel=\"canonical\" href=\"https:\/\/parforce.dk\/die-parforcejagd\/?lang=de\" \/>\n<meta property=\"og:locale\" content=\"de_DE\" \/>\n<meta property=\"og:type\" content=\"article\" \/>\n<meta property=\"og:title\" content=\"Die Parforcejagd, die Parforcejagdlandschaft in Nordseeland\" \/>\n<meta property=\"og:description\" content=\"Die Parforcejagd war gro\u00dfe Mode bei Europas absolutistischen F\u00fcrsten im 17.Jahrhundert. Die Jagd war ein gro\u00dfes, vornehm angelegtes Schauspiel.\" \/>\n<meta property=\"og:url\" content=\"https:\/\/parforce.dk\/die-parforcejagd\/?lang=de\" \/>\n<meta property=\"og:site_name\" content=\"Parforce\" \/>\n<meta property=\"article:modified_time\" content=\"2017-03-02T14:01:16+00:00\" \/>\n<meta name=\"twitter:card\" content=\"summary_large_image\" \/>\n<meta name=\"twitter:label1\" content=\"Gesch\u00e4tzte Lesezeit\" \/>\n\t<meta name=\"twitter:data1\" content=\"2\u00a0Minuten\" \/>\n<script type=\"application\/ld+json\" class=\"yoast-schema-graph\">{\"@context\":\"https:\\\/\\\/schema.org\",\"@graph\":[{\"@type\":\"WebPage\",\"@id\":\"https:\\\/\\\/parforce.dk\\\/die-parforcejagd\\\/?lang=de\",\"url\":\"https:\\\/\\\/parforce.dk\\\/die-parforcejagd\\\/?lang=de\",\"name\":\"Die Parforcejagd, die Parforcejagdlandschaft in Nordseeland\",\"isPartOf\":{\"@id\":\"https:\\\/\\\/parforce.dk\\\/#website\"},\"datePublished\":\"2017-03-02T13:38:19+00:00\",\"dateModified\":\"2017-03-02T14:01:16+00:00\",\"description\":\"Die Parforcejagd war gro\u00dfe Mode bei Europas absolutistischen F\u00fcrsten im 17.Jahrhundert. Die Jagd war ein gro\u00dfes, vornehm angelegtes Schauspiel.\",\"breadcrumb\":{\"@id\":\"https:\\\/\\\/parforce.dk\\\/die-parforcejagd\\\/?lang=de#breadcrumb\"},\"inLanguage\":\"de\",\"potentialAction\":[{\"@type\":\"ReadAction\",\"target\":[\"https:\\\/\\\/parforce.dk\\\/die-parforcejagd\\\/?lang=de\"]}]},{\"@type\":\"BreadcrumbList\",\"@id\":\"https:\\\/\\\/parforce.dk\\\/die-parforcejagd\\\/?lang=de#breadcrumb\",\"itemListElement\":[{\"@type\":\"ListItem\",\"position\":1,\"name\":\"Hjem\",\"item\":\"https:\\\/\\\/parforce.dk\\\/?lang=de\"},{\"@type\":\"ListItem\",\"position\":2,\"name\":\"Die Parforcejagd\"}]},{\"@type\":\"WebSite\",\"@id\":\"https:\\\/\\\/parforce.dk\\\/#website\",\"url\":\"https:\\\/\\\/parforce.dk\\\/\",\"name\":\"Parforce\",\"description\":\"Parforcejagtlandskabet i Nordsj\u00e6lland\",\"potentialAction\":[{\"@type\":\"SearchAction\",\"target\":{\"@type\":\"EntryPoint\",\"urlTemplate\":\"https:\\\/\\\/parforce.dk\\\/?s={search_term_string}\"},\"query-input\":{\"@type\":\"PropertyValueSpecification\",\"valueRequired\":true,\"valueName\":\"search_term_string\"}}],\"inLanguage\":\"de\"}]}<\/script>\n<!-- \/ Yoast SEO plugin. -->","yoast_head_json":{"title":"Die Parforcejagd, die Parforcejagdlandschaft in Nordseeland","description":"Die Parforcejagd war gro\u00dfe Mode bei Europas absolutistischen F\u00fcrsten im 17.Jahrhundert. Die Jagd war ein gro\u00dfes, vornehm angelegtes Schauspiel.","robots":{"index":"index","follow":"follow","max-snippet":"max-snippet:-1","max-image-preview":"max-image-preview:large","max-video-preview":"max-video-preview:-1"},"canonical":"https:\/\/parforce.dk\/die-parforcejagd\/?lang=de","og_locale":"de_DE","og_type":"article","og_title":"Die Parforcejagd, die Parforcejagdlandschaft in Nordseeland","og_description":"Die Parforcejagd war gro\u00dfe Mode bei Europas absolutistischen F\u00fcrsten im 17.Jahrhundert. Die Jagd war ein gro\u00dfes, vornehm angelegtes Schauspiel.","og_url":"https:\/\/parforce.dk\/die-parforcejagd\/?lang=de","og_site_name":"Parforce","article_modified_time":"2017-03-02T14:01:16+00:00","twitter_card":"summary_large_image","twitter_misc":{"Gesch\u00e4tzte Lesezeit":"2\u00a0Minuten"},"schema":{"@context":"https:\/\/schema.org","@graph":[{"@type":"WebPage","@id":"https:\/\/parforce.dk\/die-parforcejagd\/?lang=de","url":"https:\/\/parforce.dk\/die-parforcejagd\/?lang=de","name":"Die Parforcejagd, die Parforcejagdlandschaft in Nordseeland","isPartOf":{"@id":"https:\/\/parforce.dk\/#website"},"datePublished":"2017-03-02T13:38:19+00:00","dateModified":"2017-03-02T14:01:16+00:00","description":"Die Parforcejagd war gro\u00dfe Mode bei Europas absolutistischen F\u00fcrsten im 17.Jahrhundert. Die Jagd war ein gro\u00dfes, vornehm angelegtes Schauspiel.","breadcrumb":{"@id":"https:\/\/parforce.dk\/die-parforcejagd\/?lang=de#breadcrumb"},"inLanguage":"de","potentialAction":[{"@type":"ReadAction","target":["https:\/\/parforce.dk\/die-parforcejagd\/?lang=de"]}]},{"@type":"BreadcrumbList","@id":"https:\/\/parforce.dk\/die-parforcejagd\/?lang=de#breadcrumb","itemListElement":[{"@type":"ListItem","position":1,"name":"Hjem","item":"https:\/\/parforce.dk\/?lang=de"},{"@type":"ListItem","position":2,"name":"Die Parforcejagd"}]},{"@type":"WebSite","@id":"https:\/\/parforce.dk\/#website","url":"https:\/\/parforce.dk\/","name":"Parforce","description":"Parforcejagtlandskabet i Nordsj\u00e6lland","potentialAction":[{"@type":"SearchAction","target":{"@type":"EntryPoint","urlTemplate":"https:\/\/parforce.dk\/?s={search_term_string}"},"query-input":{"@type":"PropertyValueSpecification","valueRequired":true,"valueName":"search_term_string"}}],"inLanguage":"de"}]}},"_links":{"self":[{"href":"https:\/\/parforce.dk\/de\/wp-json\/wp\/v2\/pages\/545","targetHints":{"allow":["GET"]}}],"collection":[{"href":"https:\/\/parforce.dk\/de\/wp-json\/wp\/v2\/pages"}],"about":[{"href":"https:\/\/parforce.dk\/de\/wp-json\/wp\/v2\/types\/page"}],"author":[{"embeddable":true,"href":"https:\/\/parforce.dk\/de\/wp-json\/wp\/v2\/users\/2"}],"replies":[{"embeddable":true,"href":"https:\/\/parforce.dk\/de\/wp-json\/wp\/v2\/comments?post=545"}],"version-history":[{"count":0,"href":"https:\/\/parforce.dk\/de\/wp-json\/wp\/v2\/pages\/545\/revisions"}],"wp:attachment":[{"href":"https:\/\/parforce.dk\/de\/wp-json\/wp\/v2\/media?parent=545"}],"curies":[{"name":"wp","href":"https:\/\/api.w.org\/{rel}","templated":true}]}}