{"id":532,"date":"2017-03-01T14:43:22","date_gmt":"2017-03-01T14:43:22","guid":{"rendered":"http:\/\/parforce.dk\/?page_id=532"},"modified":"2017-03-01T14:55:41","modified_gmt":"2017-03-01T14:55:41","slug":"die-grosse-buehne","status":"publish","type":"page","link":"https:\/\/parforce.dk\/de\/die-koenigliche-landschaft\/die-grosse-buehne\/","title":{"rendered":"Die grosse B\u00fchne"},"content":{"rendered":"<section class=\"wpb-content-wrapper\"><p>[vc_row][vc_column][vc_column_text]<\/p>\n<h2>Die grosse B\u00fchne: Gribskov und Store Dyrehave<\/h2>\n<h5>Im 17. Jahrhundert besa\u00df der K\u00f6nig Gribskov und Store Dyrehave, die ein Teil des k\u00f6niglichen Gutes in Nordseeland waren. Hier hatte der K\u00f6nig das Alleinrecht, Jagd zu betreiben und die W\u00e4lder dienten als eine Extra Speisekammer. Gleichzeitig war die Jagd eine bevorzugte Vergn\u00fcgung und ein wichtiges Machtsymbol.<\/h5>\n<p>Als Christian der V. die Parforce-Jagd in D\u00e4nemark einf\u00fchrte und kilometerlange Jagd Wege im Gribskov und Store Dyrehave etablierte, wurden die W\u00e4lder zu einer Jagdlandschaft ge\u00e4ndert, die als eine B\u00fchne f\u00fcr die Gr\u00f6\u00dfe des absolutistischen K\u00f6nigs diente. Die Landschaft und die Jagd wurden zu einem Machtsymbol, geschaffen, um den Untertanen, den Adeligen und den vornehmen ausl\u00e4ndischen G\u00e4sten zu imponieren.<\/p>\n<h5>Ein gro\u00dfartiger Plan<\/h5>\n<p>Im 17. Jahrhundert waren Gribskov und Store Dyrehave Teile eines gro\u00dfen zusammenh\u00e4ngenden Waldgebietes in der N\u00e4he von Frederiksborg Schloss, wo es viel Wild gab. Von 1560 ab diente es als das Jagdgebiet des K\u00f6nigs. Das Gebiet war h\u00fcgelig und sandig, voll von kleineren Seen und Moor, so dass es fast lebensgef\u00e4hrlich war, durch die W\u00e4lder au\u00dferhalb der festen Wege zu reiten. In den Jahren 1618-20 legte Christian der IV. Store Dyrehave als Jagd-Park und als Weide f\u00fcr die Pferde von dem Gest\u00fct von Frederiksborg. Dyrehave wurde begrenzt von einer Steinmauer, die u.a. die Tiere der Bauern au\u00dferhalb des Gebietes halten sollte.<\/p>\n<p>In den Jahren zwischen 1680 und 1690 \u00e4nderte Christian der V. die W\u00e4lder um Frederiksborg Schloss, in dem er kilometerlange Parforce-Jagdwege anlegte. Die Wege formten Sterne und Quadrate in einem interessanten, geometrischen Design, das den Ausgangspunkt in den neuesten Wissenschaften seiner Zeit nahm. Damit wurden Store Dyrehave und Gribskov ein Teil des gemeinschaftlichen Planes f\u00fcr eine Reihe nordseel\u00e4ndischer W\u00e4lder, f\u00fcr die Christian der V. als Initiator galt.<\/p>\n<p>Die Jagdwege in Store Dyrehave und Gribskov wurden als ein zusammenh\u00e4ngendes System angelegt, wobei der sogenannte K\u00f6nigsstern im Store Dyrehave das Zentrum bildete. Von hier aus ging das geometrische System von Jagdwegen aus, welches sich bis weit in Gribskov verzweigte. Die W\u00e4lder zwischen Store Dyrehave und Gribskov sind heute gr\u00f6\u00dftenteils verschwunden, da die Stadtentwicklung voneinander getrennt hat, aber zum Ende des 17. Jahrhunderts wurden verschiedene Parforce-Jagdwege angelegt, die den Stern im Gribskov mit dem K\u00f6nigsstern in Store Dyrehave verband. Wer als eigentlicher Verantwortlicher des Planes und des avancierten Netzes von Jadgwegen gilt, ist ungewiss. Die Parforcelandschaft wurde als ein Ausdruck des \u201eg\u00f6ttliche\u201c Vernunft des absolutistischen K\u00f6nigs geschaffen, aber der K\u00f6nig hat \u2013 h\u00f6chst wahrscheinlich \u2013 Hilfe dabei bekommen. Das System von Jagdwegen war ein gl\u00e4nzendes St\u00fcck Ingenieurarbeit, das ein technisches und mathematisches Spezialwissen erforderte, welches der K\u00f6nig sicher nicht selbst besa\u00df.[\/vc_column_text][vc_row_inner][vc_column_inner el_class=&#8220;fullwidth&#8220;][vc_single_image image=&#8220;339&#8243; img_size=&#8220;full&#8220;][\/vc_column_inner][\/vc_row_inner][\/vc_column][\/vc_row][vc_row][vc_column][vc_column_text]<\/p>\n<h5>Kilometerlange Jagdwege<\/h5>\n<p>In den Jahren zwischen 1680-1690 war Frieden zwischen D\u00e4nemark und dem Erbfeind Schweden, aber es war trotzdem notwendig f\u00fcr den K\u00f6nig, ein Heer aufrecht zu erhalten, so dass er jederzeit bereit war, einen eventuellen schwedischen Angriff zur\u00fcckzuschlagen. Die Soldaten wurden in die nordseel\u00e4ndischen W\u00e4lder kommandiert, wo sie \u2013 anstatt zu k\u00e4mpfen \u2013 Wege bauten.<\/p>\n<p>Mit Schaufeln, Hacken und \u00c4xten versehen, k\u00e4mpften sich die hart arbeitenden Soldaten durch Gribskov und Store Dyrehave. Das Design des Wegsystems nahm keine R\u00fccksicht auf landschaftliche Verhinderungen. Die Wege waren schnurgerade und geometrisch angelegt. Daher mussten Wurzeln und gro\u00dfe Steine entfernt werden und in den Sumpf- und Nassgebieten mussten D\u00e4mme aus Tonnen von Erde gebaut werden, so dass sich Pferde, Hunde und die J\u00e4ger trockenen Fu\u00dfes durch die Landschaft bewegen konnten.<\/p>\n<p>Es ging f\u00fcr den K\u00f6nig darum, die Natur zu b\u00e4ndigen und seine \u00dcberlegenheit gegen\u00fcber dem Wald zu zeigen. Das endg\u00fcltige Resultat war genauso so gro\u00dfartig, wie sich der K\u00f6nig w\u00fcnschen konnte. Kilometerlange Jagdwege wurden etabliert und bezwangen damit die Natur in Gribskov und Store Dyrehave. Die Wege waren ideell f\u00fcr die Parforcejagd. Nun konnten sich die J\u00e4ger, die Pferde, die Hunde und nicht zuletzt der K\u00f6nig einfach und unbehindert im Wald bewegen und w\u00e4hrend der Jagd navigieren.[\/vc_column_text][vc_row_inner][vc_column_inner][vc_single_image image=&#8220;341&#8243; img_size=&#8220;full&#8220;][\/vc_column_inner][\/vc_row_inner][\/vc_column][\/vc_row][vc_row][vc_column][vc_column_text]<\/p>\n<h5>Parforcejagd in Gribskov und Store Dyrehave<\/h5>\n<p>Die Jagdwege waren etabliert f\u00fcr die Art Parforcejagd, die Christian der V. als Kronprinz in Frankreich kennen gelernt hatte. Horden von Jagdhunden, J\u00e4ger in farbigen Uniformen und starke Pferde nahmen an der Jagd teil. Der K\u00f6nig war der Anf\u00fchrer der Jagd. Er war es, der die Beratschlagung f\u00fchrte, die immer stattfand, bevor die Jagd angeblasen wurde.<\/p>\n<p>Vor jeder Jagd hielt man eine Beratschlagung, ein Rendezvous. In Gribskov und Store Dyrehave verlief die Beratschlagung vielleicht an dem K\u00f6nigsstern. Die Jagd selbst entfaltete sich \u00fcber mehrere Stunden in einem atemlosen Tempo, bis die ausgew\u00e4hlte Beute des Tages v\u00f6llig ersch\u00f6pft war.<\/p>\n<p>Die Wege teilten Gribskov und Store Dyehave in kleinere, dreieckige Felder. Die Einteilung machte es einfacher f\u00fcr die J\u00e4ger, die Landschaft zu \u00fcberschauen und ein Auge auf die ersch\u00f6pfte Beute zu haben. In den Wegkreuzungen konnte man J\u00e4ger, Pferde und Hunde platzieren, die abgel\u00f6st werden konnten, so das immer frische Kr\u00e4fte vorhanden waren, um die Verfolgung fortzusetzten.<\/p>\n<p>Am Ende wurde die ersch\u00f6pften Beutetiere \u201egestellt\u201c, das hei\u00dft, dass die Hunde das Tier festhielten. Im Idealfall wurde die Beute in einem der Sterne oder an einer Wegkreuzung gestellt, was aber selten in der Praxis gelang. Oft bewegte sich der Hirsch in das Wasser oder in dichtes Gestr\u00fcpp, wo er sich sicherer f\u00fchlte. Nun konnte der K\u00f6nig dem Tier den Todessto\u00df geben. Dies sollte am besten vor einer gr\u00f6\u00dferen Gruppe vornehmer G\u00e4ste geschehen, da die Parforce Jagd besonders ein Prachtspiel f\u00fcr die Zuschauer war. Die G\u00e4ste konnten unterwegs mit in der Jagd reiten oder sie konnten die Verfolgung der J\u00e4ger betrachten.[\/vc_column_text][\/vc_column][\/vc_row]<\/p>\n<\/section>","protected":false},"excerpt":{"rendered":"<p>[vc_row][vc_column][vc_column_text] Die grosse B\u00fchne: Gribskov und Store Dyrehave Im 17. Jahrhundert besa\u00df der K\u00f6nig Gribskov und Store Dyrehave, die ein Teil des k\u00f6niglichen Gutes in Nordseeland waren. Hier hatte der K\u00f6nig das Alleinrecht, Jagd zu betreiben und die W\u00e4lder dienten als eine Extra Speisekammer. Gleichzeitig war die Jagd eine bevorzugte Vergn\u00fcgung und ein wichtiges Machtsymbol. [&hellip;]<\/p>\n","protected":false},"author":2,"featured_media":0,"parent":525,"menu_order":2,"comment_status":"closed","ping_status":"closed","template":"","meta":{"_acf_changed":false,"inline_featured_image":false,"footnotes":""},"class_list":["post-532","page","type-page","status-publish","hentry"],"acf":[],"yoast_head":"<!-- This site is optimized with the Yoast SEO plugin v27.4 - https:\/\/yoast.com\/product\/yoast-seo-wordpress\/ -->\n<title>Die grosse B\u00fchne: Die Parforcejagdlandschaft im Gribskov und Store Dyrehave<\/title>\n<meta name=\"description\" content=\"Im 17. Jahrhundert waren Gribskov und Store Dyrehave Teile eines gro\u00dfen zusammenh\u00e4ngenden Waldgebietes in der N\u00e4he von Frederiksborg Schloss.\" \/>\n<meta name=\"robots\" content=\"index, follow, max-snippet:-1, max-image-preview:large, max-video-preview:-1\" \/>\n<link rel=\"canonical\" href=\"https:\/\/parforce.dk\/die-koenigliche-landschaft\/die-grosse-buehne\/?lang=de\" \/>\n<meta property=\"og:locale\" content=\"de_DE\" \/>\n<meta property=\"og:type\" content=\"article\" \/>\n<meta property=\"og:title\" content=\"Die grosse B\u00fchne: Die Parforcejagdlandschaft im Gribskov und Store Dyrehave\" \/>\n<meta property=\"og:description\" content=\"Im 17. Jahrhundert waren Gribskov und Store Dyrehave Teile eines gro\u00dfen zusammenh\u00e4ngenden Waldgebietes in der N\u00e4he von Frederiksborg Schloss.\" \/>\n<meta property=\"og:url\" content=\"https:\/\/parforce.dk\/die-koenigliche-landschaft\/die-grosse-buehne\/?lang=de\" \/>\n<meta property=\"og:site_name\" content=\"Parforce\" \/>\n<meta property=\"article:modified_time\" content=\"2017-03-01T14:55:41+00:00\" \/>\n<meta name=\"twitter:card\" content=\"summary_large_image\" \/>\n<meta name=\"twitter:label1\" content=\"Gesch\u00e4tzte Lesezeit\" \/>\n\t<meta name=\"twitter:data1\" content=\"5\u00a0Minuten\" \/>\n<script type=\"application\/ld+json\" class=\"yoast-schema-graph\">{\"@context\":\"https:\\\/\\\/schema.org\",\"@graph\":[{\"@type\":\"WebPage\",\"@id\":\"https:\\\/\\\/parforce.dk\\\/die-koenigliche-landschaft\\\/die-grosse-buehne\\\/?lang=de\",\"url\":\"https:\\\/\\\/parforce.dk\\\/die-koenigliche-landschaft\\\/die-grosse-buehne\\\/?lang=de\",\"name\":\"Die grosse B\u00fchne: Die Parforcejagdlandschaft im Gribskov und Store Dyrehave\",\"isPartOf\":{\"@id\":\"https:\\\/\\\/parforce.dk\\\/#website\"},\"datePublished\":\"2017-03-01T14:43:22+00:00\",\"dateModified\":\"2017-03-01T14:55:41+00:00\",\"description\":\"Im 17. Jahrhundert waren Gribskov und Store Dyrehave Teile eines gro\u00dfen zusammenh\u00e4ngenden Waldgebietes in der N\u00e4he von Frederiksborg Schloss.\",\"breadcrumb\":{\"@id\":\"https:\\\/\\\/parforce.dk\\\/die-koenigliche-landschaft\\\/die-grosse-buehne\\\/?lang=de#breadcrumb\"},\"inLanguage\":\"de\",\"potentialAction\":[{\"@type\":\"ReadAction\",\"target\":[\"https:\\\/\\\/parforce.dk\\\/die-koenigliche-landschaft\\\/die-grosse-buehne\\\/?lang=de\"]}]},{\"@type\":\"BreadcrumbList\",\"@id\":\"https:\\\/\\\/parforce.dk\\\/die-koenigliche-landschaft\\\/die-grosse-buehne\\\/?lang=de#breadcrumb\",\"itemListElement\":[{\"@type\":\"ListItem\",\"position\":1,\"name\":\"Hjem\",\"item\":\"https:\\\/\\\/parforce.dk\\\/?lang=de\"},{\"@type\":\"ListItem\",\"position\":2,\"name\":\"Die k\u00f6nigliche Landschaft\",\"item\":\"https:\\\/\\\/parforce.dk\\\/die-koenigliche-landschaft\\\/?lang=de\"},{\"@type\":\"ListItem\",\"position\":3,\"name\":\"Die grosse B\u00fchne\"}]},{\"@type\":\"WebSite\",\"@id\":\"https:\\\/\\\/parforce.dk\\\/#website\",\"url\":\"https:\\\/\\\/parforce.dk\\\/\",\"name\":\"Parforce\",\"description\":\"Parforcejagtlandskabet i Nordsj\u00e6lland\",\"potentialAction\":[{\"@type\":\"SearchAction\",\"target\":{\"@type\":\"EntryPoint\",\"urlTemplate\":\"https:\\\/\\\/parforce.dk\\\/?s={search_term_string}\"},\"query-input\":{\"@type\":\"PropertyValueSpecification\",\"valueRequired\":true,\"valueName\":\"search_term_string\"}}],\"inLanguage\":\"de\"}]}<\/script>\n<!-- \/ Yoast SEO plugin. -->","yoast_head_json":{"title":"Die grosse B\u00fchne: Die Parforcejagdlandschaft im Gribskov und Store Dyrehave","description":"Im 17. Jahrhundert waren Gribskov und Store Dyrehave Teile eines gro\u00dfen zusammenh\u00e4ngenden Waldgebietes in der N\u00e4he von Frederiksborg Schloss.","robots":{"index":"index","follow":"follow","max-snippet":"max-snippet:-1","max-image-preview":"max-image-preview:large","max-video-preview":"max-video-preview:-1"},"canonical":"https:\/\/parforce.dk\/die-koenigliche-landschaft\/die-grosse-buehne\/?lang=de","og_locale":"de_DE","og_type":"article","og_title":"Die grosse B\u00fchne: Die Parforcejagdlandschaft im Gribskov und Store Dyrehave","og_description":"Im 17. Jahrhundert waren Gribskov und Store Dyrehave Teile eines gro\u00dfen zusammenh\u00e4ngenden Waldgebietes in der N\u00e4he von Frederiksborg Schloss.","og_url":"https:\/\/parforce.dk\/die-koenigliche-landschaft\/die-grosse-buehne\/?lang=de","og_site_name":"Parforce","article_modified_time":"2017-03-01T14:55:41+00:00","twitter_card":"summary_large_image","twitter_misc":{"Gesch\u00e4tzte Lesezeit":"5\u00a0Minuten"},"schema":{"@context":"https:\/\/schema.org","@graph":[{"@type":"WebPage","@id":"https:\/\/parforce.dk\/die-koenigliche-landschaft\/die-grosse-buehne\/?lang=de","url":"https:\/\/parforce.dk\/die-koenigliche-landschaft\/die-grosse-buehne\/?lang=de","name":"Die grosse B\u00fchne: Die Parforcejagdlandschaft im Gribskov und Store Dyrehave","isPartOf":{"@id":"https:\/\/parforce.dk\/#website"},"datePublished":"2017-03-01T14:43:22+00:00","dateModified":"2017-03-01T14:55:41+00:00","description":"Im 17. Jahrhundert waren Gribskov und Store Dyrehave Teile eines gro\u00dfen zusammenh\u00e4ngenden Waldgebietes in der N\u00e4he von Frederiksborg Schloss.","breadcrumb":{"@id":"https:\/\/parforce.dk\/die-koenigliche-landschaft\/die-grosse-buehne\/?lang=de#breadcrumb"},"inLanguage":"de","potentialAction":[{"@type":"ReadAction","target":["https:\/\/parforce.dk\/die-koenigliche-landschaft\/die-grosse-buehne\/?lang=de"]}]},{"@type":"BreadcrumbList","@id":"https:\/\/parforce.dk\/die-koenigliche-landschaft\/die-grosse-buehne\/?lang=de#breadcrumb","itemListElement":[{"@type":"ListItem","position":1,"name":"Hjem","item":"https:\/\/parforce.dk\/?lang=de"},{"@type":"ListItem","position":2,"name":"Die k\u00f6nigliche Landschaft","item":"https:\/\/parforce.dk\/die-koenigliche-landschaft\/?lang=de"},{"@type":"ListItem","position":3,"name":"Die grosse B\u00fchne"}]},{"@type":"WebSite","@id":"https:\/\/parforce.dk\/#website","url":"https:\/\/parforce.dk\/","name":"Parforce","description":"Parforcejagtlandskabet i Nordsj\u00e6lland","potentialAction":[{"@type":"SearchAction","target":{"@type":"EntryPoint","urlTemplate":"https:\/\/parforce.dk\/?s={search_term_string}"},"query-input":{"@type":"PropertyValueSpecification","valueRequired":true,"valueName":"search_term_string"}}],"inLanguage":"de"}]}},"_links":{"self":[{"href":"https:\/\/parforce.dk\/de\/wp-json\/wp\/v2\/pages\/532","targetHints":{"allow":["GET"]}}],"collection":[{"href":"https:\/\/parforce.dk\/de\/wp-json\/wp\/v2\/pages"}],"about":[{"href":"https:\/\/parforce.dk\/de\/wp-json\/wp\/v2\/types\/page"}],"author":[{"embeddable":true,"href":"https:\/\/parforce.dk\/de\/wp-json\/wp\/v2\/users\/2"}],"replies":[{"embeddable":true,"href":"https:\/\/parforce.dk\/de\/wp-json\/wp\/v2\/comments?post=532"}],"version-history":[{"count":0,"href":"https:\/\/parforce.dk\/de\/wp-json\/wp\/v2\/pages\/532\/revisions"}],"up":[{"embeddable":true,"href":"https:\/\/parforce.dk\/de\/wp-json\/wp\/v2\/pages\/525"}],"wp:attachment":[{"href":"https:\/\/parforce.dk\/de\/wp-json\/wp\/v2\/media?parent=532"}],"curies":[{"name":"wp","href":"https:\/\/api.w.org\/{rel}","templated":true}]}}