{"id":529,"date":"2017-03-01T14:39:18","date_gmt":"2017-03-01T14:39:18","guid":{"rendered":"http:\/\/parforce.dk\/?page_id=529"},"modified":"2017-03-01T14:55:02","modified_gmt":"2017-03-01T14:55:02","slug":"her-begyndte-det","status":"publish","type":"page","link":"https:\/\/parforce.dk\/de\/die-koenigliche-landschaft\/her-begyndte-det\/","title":{"rendered":"Hier begann es"},"content":{"rendered":"<section class=\"wpb-content-wrapper\"><p>[vc_row][vc_column][vc_column_text]<\/p>\n<h2>Hier begann es: J\u00e6gersborg Dyrehave und Hegn<\/h2>\n<h5>1670 gr\u00fcndete Christian V. J\u00e6gersborg Dyrehave, der der erste Schauplatz f\u00fcr die gro\u00dfz\u00fcgige Parforcejagd in D\u00e4nemark wurde.<\/h5>\n<p>1669 z\u00e4unte Frederik der III. den alten Buchenwald ein und \u00fcbergab ihn an seinen Sohn Christian, damit dieser hier seine bevorzugte Jagdform \u2013 die Parforcejagd \u2013 betreiben konnte.<\/p>\n<p>Im Jahre danach erbte Christian V. den Thron. Er erweiterte die Einz\u00e4unung des Buchenwaldes, so dass sein neuer Dyrehave (Tiergarten) das gesamte Areal umfasste, dass heute J\u00e6gersborg Dyrehave und Hegn ist. Das neue Jagdgebiet war \u00fcber 1500 Hektar gro\u00df und das Wild in J\u00e6gersborg Dyrehave wurde erg\u00e4nzt durch Tiere von au\u00dferhalb, wie zum Beispiel durch Rothirsche von der Insel Bornholm.<\/p>\n<p>Das Terrain in dem neuen Tierpark war offen und nicht besonders h\u00fcgelig, so das Christian der V. die Parforcejagd betreiben konnte, ohne besondere Wege daf\u00fcr anzulegen.[\/vc_column_text][vc_column_text]<\/p>\n<h5>Parforcejagd mit Inspiration aus England<\/h5>\n<p>Christian der V. hatte als junger Kronprinz den franz\u00f6sischen Sonnenk\u00f6nig Ludwig der IVX. und seine Parforcejagden erlebt, aber er die Jagd in D\u00e4nemark einf\u00fchrte, richtete er seinen Blick auch nach England.<\/p>\n<p>In den ersten Jahren betriebt der d\u00e4nische K\u00f6nig die Parforcejagd nach englischem Vorbild als einen freien Verfolgungsritt durch die Landschaft.<\/p>\n<p>Die englische Jagdform stand in Kontrast zu der stark ritualisierten franz\u00f6sischen Jagd, die an en strategisches Kriegsspiel erinnerte, durchgef\u00fchrt mit Gruppen von J\u00e4gern und Hunden, die sich im Laufe der sich entwickelten \u201eSchlacht\u201c abwechselten.[\/vc_column_text][vc_column_text]<\/p>\n<h5>Ein einfaches System von Jagdwegen<\/h5>\n<p>Die einfachere, englische Verfolgungsjagd passte perfekt in die offene Landschaft in J\u00e6gersborg Dyrehave und Hegn und es war nicht notwendig, ein avanciertes System von Parforcejagdwegen zu etablieren, wie wir es von Gribskov und Store Dyrehave kennen.<\/p>\n<p>Die Jagdwege in J\u00e6gersborg Dyrehave und Hegn waren haupts\u00e4chlich notwendig, wenn die Gebiete feucht, versumpft oder auf andere Art unwegsam waren.<br \/>\nIn dem zentralen, offenen Teil von J\u00e6gersborg Dyrehave und Hegn liefen drei parallele Wege von Nord nach S\u00fcd. In den W\u00e4ldern gab es mehrere Wege, die zusammen Quadrate in der Landschaft bildeten. Die Jagdwege, die heute einen Stern bei dem Ermitageschloss bilden, wurden erst in den Jahren um 1730 angelegt.[\/vc_column_text][\/vc_column][\/vc_row][vc_row][vc_column el_class=&#8220;fullwidth&#8220;][vc_single_image image=&#8220;295&#8243; img_size=&#8220;full&#8220;][\/vc_column][\/vc_row][vc_row][vc_column][vc_column_text]<\/p>\n<h5>Die Schl\u00f6sser des K\u00f6nigs<\/h5>\n<p>S\u00fcdlich von Dyrehaven lag das Schloss Ibstrup, das von Christian dem IV. um 1610 angelegt wurde. Als Christian der V. die Parforcejagd im Jahre 1670 einf\u00fchrte, wurde das alte Schloss gro\u00dfz\u00fcgig renoviert, weil es als Heimatort f\u00fcr die k\u00f6nigliche Jagd dienen sollte. Hier hatte der K\u00f6nig seine Pferde und Hunde und hier hielt sich das Jagdpersonal parat. Daher bekam das Schloss nun den Namen \u201eJ\u00e6gersborg\u201c.<\/p>\n<p>Zentral im Dyrehaven lag das Hubertushaus, ein Pavillon, in dem der K\u00f6nig und seine G\u00e4ste speisten, wenn Jagd war. In der Unteretage vom Hubertushaus war die K\u00fcche, w\u00e4hrend der Speisesaal eine Etage h\u00f6her lag. 1694 wurde ein Tisch-Fahrstuhl installiert, so dass das Essen aus der K\u00fcche in den Speisesaal transportiert werden konnte. Auf diese Art konnte die Ess-Gesellschaft das Essen genie\u00dfen, ohne die normale Schar von Dienern um sich herum laufen zu haben. Der Tisch-Fahrstuhl wurde eine \u201eEremitageanlage\u201c genannt und das Hubertushaus wurde daher auf \u201eEremitage\u201c umbenannt.<\/p>\n<p>Der alte Jagdpavillon wurde in den Jahren 1734-36 von dem jetzigen Eremitage Schloss ersetzt, gebaut von Christian dem VI.. Er baute das Eremitage Schloss zentral in J\u00e6gersborg Dyrehave, hoch platziert und sichtbar von allen Seiten auf einem Platz, wo die alten Wege eine dreieckige Kreuzung bildeten, so dass es aussah, als ob das Schloss im Zentrum eines Jagdwegesternes lag. Der Stern zeigt symbolisch, dass einerseits alle Wege auf den K\u00f6nig zeigen und andererseits alles von dem absolutistischen K\u00f6nig ausgeht.[\/vc_column_text][\/vc_column][\/vc_row][vc_row][vc_column el_class=&#8220;fullwidth&#8220;][vc_single_image image=&#8220;336&#8243; img_size=&#8220;full&#8220;][\/vc_column][\/vc_row][vc_row][vc_column][vc_column_text]<\/p>\n<h5>Der K\u00f6nig wird w\u00e4hrend einer Jagd verletzt<\/h5>\n<p>Die Parforcejagd war ein Schauspiel, das die gottgegebene, absolutische Macht des K\u00f6nigs demonstrieren sollte, aber die Jagd verlief nicht immer so, wie geplant war. Es kam vor, dass der Hirsch entkam und erst nach stundenlanger Suche wiedergefunden wurde. Das wurde als eine Dem\u00fctigung aufgefasst. Christian der V. musste jedoch eine noch gr\u00f6\u00dfere Dem\u00fctigung w\u00e4hrend einer Jagd im Jahre 1698 erleben.<\/p>\n<p>Die Jagd spielte sich im J\u00e6gersborg Dyrehave ab und verlief wie geplant bis zu ihrem Abschluss. Als das ausgew\u00e4hlte Tagesziel, ein gro\u00dfer Rothirsch, \u201egestellt\u201c worden war, das hei\u00dft, die Hunde hielten ihn fest, wurde der K\u00f6nig hinzugerufen. Man behauptet, dies geschah bei der Eich von Christian dem V.. Der K\u00f6nig stach dem Tier ins Herz, aber als er seine Waffe zur\u00fcckzog, wurde er von einem Tritt des Hinterbeines des Hirsches getroffen, der gleichzeitig auf den K\u00f6nig fiel.<\/p>\n<p>Christian der V. wurde schwer verletzt und von dort weg transportiert werden. Der K\u00f6nig mit der gro\u00dfen Jagdfreude war, so behauptet man, f\u00fcr den Rest seines Lebens an einen Rollstuhl gebunden. Er schaffte es jedoch vor seinem Tod im Sommer 1699, an mehreren weiteren Parforcejagden teilzunehmen.[\/vc_column_text][\/vc_column][\/vc_row][vc_row][vc_column][vc_column_text]<\/p>\n<h5>Die Gr\u00f6\u00dfe und der Fall der Parforcejagd<\/h5>\n<p>Die Parforcejagd wurde im Jahre 1670 als eine Machdemonstration des absolutistischen K\u00f6nigs eingef\u00fchrt, aber im Laufe des 18. Jahrhunderts verlor sie ihre Bedeutung. Die Jagdform war sehr teuer. Sie forderte gro\u00dfe, besonders angelegte Gebiete und eine gro\u00dfe Anzahl von J\u00e4gern und kostbaren Hunden und Pferden.<\/p>\n<p>Gleichzeitig ver\u00e4nderte sich die Gesellschaft im Laufe des 18. Jahrhunderts. Die pomp\u00f6se Gr\u00f6\u00dfe, die die Parforcejagd demonstrierte, konnte nur sehr schlecht mit den Gedanken der Aufkl\u00e4rung um Freiheit und Gleichheit zusammen h\u00e4ngen. Unter anderem aus diesen Gr\u00fcnden wurde die Jagdform unmodern und die k\u00f6niglich, d\u00e4nische Parforcejagd wurde endg\u00fcltig 1777 abgeschlossen.<\/p>\n<p>Seitdem hat keine Parforcejagd mehr in J\u00e6gersborg Dyrehave und Hegn stattgefunden[\/vc_column_text][\/vc_column][\/vc_row]<\/p>\n<\/section>","protected":false},"excerpt":{"rendered":"<p>[vc_row][vc_column][vc_column_text] Hier begann es: J\u00e6gersborg Dyrehave und Hegn 1670 gr\u00fcndete Christian V. J\u00e6gersborg Dyrehave, der der erste Schauplatz f\u00fcr die gro\u00dfz\u00fcgige Parforcejagd in D\u00e4nemark wurde. 1669 z\u00e4unte Frederik der III. den alten Buchenwald ein und \u00fcbergab ihn an seinen Sohn Christian, damit dieser hier seine bevorzugte Jagdform \u2013 die Parforcejagd \u2013 betreiben konnte. Im Jahre [&hellip;]<\/p>\n","protected":false},"author":2,"featured_media":0,"parent":525,"menu_order":1,"comment_status":"closed","ping_status":"closed","template":"","meta":{"_acf_changed":false,"inline_featured_image":false,"footnotes":""},"class_list":["post-529","page","type-page","status-publish","hentry"],"acf":[],"yoast_head":"<!-- This site is optimized with the Yoast SEO plugin v27.5 - https:\/\/yoast.com\/product\/yoast-seo-wordpress\/ -->\n<title>Hier begann es - Parforce<\/title>\n<meta name=\"robots\" content=\"index, follow, max-snippet:-1, max-image-preview:large, max-video-preview:-1\" \/>\n<link rel=\"canonical\" href=\"https:\/\/parforce.dk\/die-koenigliche-landschaft\/her-begyndte-det\/?lang=de\" \/>\n<meta property=\"og:locale\" content=\"de_DE\" \/>\n<meta property=\"og:type\" content=\"article\" \/>\n<meta property=\"og:title\" content=\"Hier begann es - Parforce\" \/>\n<meta property=\"og:description\" content=\"[vc_row][vc_column][vc_column_text] Hier begann es: J\u00e6gersborg Dyrehave und Hegn 1670 gr\u00fcndete Christian V. J\u00e6gersborg Dyrehave, der der erste Schauplatz f\u00fcr die gro\u00dfz\u00fcgige Parforcejagd in D\u00e4nemark wurde. 1669 z\u00e4unte Frederik der III. den alten Buchenwald ein und \u00fcbergab ihn an seinen Sohn Christian, damit dieser hier seine bevorzugte Jagdform \u2013 die Parforcejagd \u2013 betreiben konnte. Im Jahre [&hellip;]\" \/>\n<meta property=\"og:url\" content=\"https:\/\/parforce.dk\/die-koenigliche-landschaft\/her-begyndte-det\/?lang=de\" \/>\n<meta property=\"og:site_name\" content=\"Parforce\" \/>\n<meta property=\"article:modified_time\" content=\"2017-03-01T14:55:02+00:00\" \/>\n<meta name=\"twitter:card\" content=\"summary_large_image\" \/>\n<meta name=\"twitter:label1\" content=\"Gesch\u00e4tzte Lesezeit\" \/>\n\t<meta name=\"twitter:data1\" content=\"5\u00a0Minuten\" \/>\n<script type=\"application\/ld+json\" class=\"yoast-schema-graph\">{\"@context\":\"https:\\\/\\\/schema.org\",\"@graph\":[{\"@type\":\"WebPage\",\"@id\":\"https:\\\/\\\/parforce.dk\\\/die-koenigliche-landschaft\\\/her-begyndte-det\\\/?lang=de\",\"url\":\"https:\\\/\\\/parforce.dk\\\/die-koenigliche-landschaft\\\/her-begyndte-det\\\/?lang=de\",\"name\":\"Hier begann es - Parforce\",\"isPartOf\":{\"@id\":\"https:\\\/\\\/parforce.dk\\\/#website\"},\"datePublished\":\"2017-03-01T14:39:18+00:00\",\"dateModified\":\"2017-03-01T14:55:02+00:00\",\"breadcrumb\":{\"@id\":\"https:\\\/\\\/parforce.dk\\\/die-koenigliche-landschaft\\\/her-begyndte-det\\\/?lang=de#breadcrumb\"},\"inLanguage\":\"de\",\"potentialAction\":[{\"@type\":\"ReadAction\",\"target\":[\"https:\\\/\\\/parforce.dk\\\/die-koenigliche-landschaft\\\/her-begyndte-det\\\/?lang=de\"]}]},{\"@type\":\"BreadcrumbList\",\"@id\":\"https:\\\/\\\/parforce.dk\\\/die-koenigliche-landschaft\\\/her-begyndte-det\\\/?lang=de#breadcrumb\",\"itemListElement\":[{\"@type\":\"ListItem\",\"position\":1,\"name\":\"Hjem\",\"item\":\"https:\\\/\\\/parforce.dk\\\/?lang=de\"},{\"@type\":\"ListItem\",\"position\":2,\"name\":\"Die k\u00f6nigliche Landschaft\",\"item\":\"https:\\\/\\\/parforce.dk\\\/die-koenigliche-landschaft\\\/?lang=de\"},{\"@type\":\"ListItem\",\"position\":3,\"name\":\"Hier begann es\"}]},{\"@type\":\"WebSite\",\"@id\":\"https:\\\/\\\/parforce.dk\\\/#website\",\"url\":\"https:\\\/\\\/parforce.dk\\\/\",\"name\":\"Parforce\",\"description\":\"Parforcejagtlandskabet i Nordsj\u00e6lland\",\"potentialAction\":[{\"@type\":\"SearchAction\",\"target\":{\"@type\":\"EntryPoint\",\"urlTemplate\":\"https:\\\/\\\/parforce.dk\\\/?s={search_term_string}\"},\"query-input\":{\"@type\":\"PropertyValueSpecification\",\"valueRequired\":true,\"valueName\":\"search_term_string\"}}],\"inLanguage\":\"de\"}]}<\/script>\n<!-- \/ Yoast SEO plugin. -->","yoast_head_json":{"title":"Hier begann es - Parforce","robots":{"index":"index","follow":"follow","max-snippet":"max-snippet:-1","max-image-preview":"max-image-preview:large","max-video-preview":"max-video-preview:-1"},"canonical":"https:\/\/parforce.dk\/die-koenigliche-landschaft\/her-begyndte-det\/?lang=de","og_locale":"de_DE","og_type":"article","og_title":"Hier begann es - Parforce","og_description":"[vc_row][vc_column][vc_column_text] Hier begann es: J\u00e6gersborg Dyrehave und Hegn 1670 gr\u00fcndete Christian V. J\u00e6gersborg Dyrehave, der der erste Schauplatz f\u00fcr die gro\u00dfz\u00fcgige Parforcejagd in D\u00e4nemark wurde. 1669 z\u00e4unte Frederik der III. den alten Buchenwald ein und \u00fcbergab ihn an seinen Sohn Christian, damit dieser hier seine bevorzugte Jagdform \u2013 die Parforcejagd \u2013 betreiben konnte. Im Jahre [&hellip;]","og_url":"https:\/\/parforce.dk\/die-koenigliche-landschaft\/her-begyndte-det\/?lang=de","og_site_name":"Parforce","article_modified_time":"2017-03-01T14:55:02+00:00","twitter_card":"summary_large_image","twitter_misc":{"Gesch\u00e4tzte Lesezeit":"5\u00a0Minuten"},"schema":{"@context":"https:\/\/schema.org","@graph":[{"@type":"WebPage","@id":"https:\/\/parforce.dk\/die-koenigliche-landschaft\/her-begyndte-det\/?lang=de","url":"https:\/\/parforce.dk\/die-koenigliche-landschaft\/her-begyndte-det\/?lang=de","name":"Hier begann es - Parforce","isPartOf":{"@id":"https:\/\/parforce.dk\/#website"},"datePublished":"2017-03-01T14:39:18+00:00","dateModified":"2017-03-01T14:55:02+00:00","breadcrumb":{"@id":"https:\/\/parforce.dk\/die-koenigliche-landschaft\/her-begyndte-det\/?lang=de#breadcrumb"},"inLanguage":"de","potentialAction":[{"@type":"ReadAction","target":["https:\/\/parforce.dk\/die-koenigliche-landschaft\/her-begyndte-det\/?lang=de"]}]},{"@type":"BreadcrumbList","@id":"https:\/\/parforce.dk\/die-koenigliche-landschaft\/her-begyndte-det\/?lang=de#breadcrumb","itemListElement":[{"@type":"ListItem","position":1,"name":"Hjem","item":"https:\/\/parforce.dk\/?lang=de"},{"@type":"ListItem","position":2,"name":"Die k\u00f6nigliche Landschaft","item":"https:\/\/parforce.dk\/die-koenigliche-landschaft\/?lang=de"},{"@type":"ListItem","position":3,"name":"Hier begann es"}]},{"@type":"WebSite","@id":"https:\/\/parforce.dk\/#website","url":"https:\/\/parforce.dk\/","name":"Parforce","description":"Parforcejagtlandskabet i Nordsj\u00e6lland","potentialAction":[{"@type":"SearchAction","target":{"@type":"EntryPoint","urlTemplate":"https:\/\/parforce.dk\/?s={search_term_string}"},"query-input":{"@type":"PropertyValueSpecification","valueRequired":true,"valueName":"search_term_string"}}],"inLanguage":"de"}]}},"_links":{"self":[{"href":"https:\/\/parforce.dk\/de\/wp-json\/wp\/v2\/pages\/529","targetHints":{"allow":["GET"]}}],"collection":[{"href":"https:\/\/parforce.dk\/de\/wp-json\/wp\/v2\/pages"}],"about":[{"href":"https:\/\/parforce.dk\/de\/wp-json\/wp\/v2\/types\/page"}],"author":[{"embeddable":true,"href":"https:\/\/parforce.dk\/de\/wp-json\/wp\/v2\/users\/2"}],"replies":[{"embeddable":true,"href":"https:\/\/parforce.dk\/de\/wp-json\/wp\/v2\/comments?post=529"}],"version-history":[{"count":0,"href":"https:\/\/parforce.dk\/de\/wp-json\/wp\/v2\/pages\/529\/revisions"}],"up":[{"embeddable":true,"href":"https:\/\/parforce.dk\/de\/wp-json\/wp\/v2\/pages\/525"}],"wp:attachment":[{"href":"https:\/\/parforce.dk\/de\/wp-json\/wp\/v2\/media?parent=529"}],"curies":[{"name":"wp","href":"https:\/\/api.w.org\/{rel}","templated":true}]}}