{"id":525,"date":"2017-03-01T14:50:58","date_gmt":"2017-03-01T14:50:58","guid":{"rendered":"http:\/\/parforce.dk\/?page_id=525"},"modified":"2017-03-03T13:36:53","modified_gmt":"2017-03-03T13:36:53","slug":"die-koenigliche-landschaft","status":"publish","type":"page","link":"https:\/\/parforce.dk\/de\/die-koenigliche-landschaft\/","title":{"rendered":"Die k\u00f6nigliche Landschaft"},"content":{"rendered":"<section class=\"wpb-content-wrapper\"><p>[vc_row][vc_column][vc_column_text]<\/p>\n<h2>Die k\u00f6nigliche Landschaft<\/h2>\n<p>In den nordseel\u00e4ndischen W\u00e4ldern kann man noch immer die schnurgeraden Jagdwege sehen, die sich in regelm\u00e4\u00dfigen Sternen schneiden und die die W\u00e4lder in gro\u00dfe Dreiecke aufteilen. Die Wege wurden von Christian dem V. im 17. Jahrhundert f\u00fcr die Parforcejagd geschaffen.<\/p>\n<p>Kurz nachdem Christian der V. den Thron als D\u00e4nemarks absolutistischer K\u00f6nig 1670 \u00fcbernommen hatte, errichtete er einen Zaun um das heutige J\u00e6gersborg Dyrehave und Hegn. In den Jahren um 1680-1690 erweiterte Christian der V. sein Parforcejagdterritorium, als er Gribskov und Store Dyrehave mit kilometerlangen Jagdwegen ausstattete.<\/p>\n<p>Die Jagdwege machten es m\u00f6glich, sich schnell durch den ansonsten unwegsamen Wald zu bewegen, ohne sich zu verirren oder sich zu verletzten. Schaut man auf eine Landkarte von Nordseeland, wird man \u00fcberrascht von der Geometrie des Wegesystems. Die Waldlandschaft ist echter Barock in einer gro\u00dfen Scala, bewusst geplant als Ausdruck f\u00fcr die g\u00f6ttliche Gr\u00f6\u00dfe des absolutistischen K\u00f6nigs.<\/p>\n<p>Die k\u00f6niglich-d\u00e4nische Parforcejagd wurde 1777 beendet. Seit diesem Jahr ist in Store Dyrehav, Gribskov Und J\u00e6gersborg Dyrhave und Hegn keine Parforcejagd betrieben worden. Die Forstwirtschaft war wichtiger geworden als die Jagd und die alten Jagdwege hatten eine neue Funktion. Daher existieren heute immer noch 85% der Jagdwege in Gribskov und Store Dyrehave, die zum Ende des 17.Jahrhunderts angelegt wurden und die die gro\u00dfe Zeit der Parforcejagd bezeugen. Auf diese Weise lebt die Parforcelandschaft von K\u00f6nig Christian dem V. weiter. Nun auch als ein Teil des UNESCO Weltkulturerbe.[\/vc_column_text][\/vc_column][\/vc_row][vc_row][vc_column width=&#8220;1\/2&#8243;][vc_single_image image=&#8220;295&#8243; img_size=&#8220;full&#8220; style=&#8220;vc_box_rounded&#8220; onclick=&#8220;custom_link&#8220; link=&#8220;http:\/\/parforce.dk\/die-koenigliche-landschaft\/her-begyndte-det\/?lang=de&#8220;][\/vc_column][vc_column width=&#8220;1\/2&#8243;][vc_single_image image=&#8220;322&#8243; img_size=&#8220;full&#8220; style=&#8220;vc_box_rounded&#8220; onclick=&#8220;custom_link&#8220; link=&#8220;http:\/\/parforce.dk\/die-koenigliche-landschaft\/die-grosse-buehne\/?lang=de&#8220;][\/vc_column][\/vc_row][vc_row][vc_column width=&#8220;1\/2&#8243;][vc_column_text]<a href=\"http:\/\/parforce.dk\/die-koenigliche-landschaft\/her-begyndte-det\/?lang=de\"><strong>Hier begann es: J\u00e6gersborg Dyrehave und Hegn<\/strong><\/a>[\/vc_column_text][\/vc_column][vc_column width=&#8220;1\/2&#8243;][vc_column_text]<a href=\"http:\/\/parforce.dk\/die-koenigliche-landschaft\/die-grosse-buehne\/?lang=de\"><strong>Die grosse B\u00fchne: Gribskov und Store Dyrehave<\/strong><\/a>[\/vc_column_text][\/vc_column][\/vc_row]<\/p>\n<\/section>","protected":false},"excerpt":{"rendered":"<p>[vc_row][vc_column][vc_column_text] Die k\u00f6nigliche Landschaft In den nordseel\u00e4ndischen W\u00e4ldern kann man noch immer die schnurgeraden Jagdwege sehen, die sich in regelm\u00e4\u00dfigen Sternen schneiden und die die W\u00e4lder in gro\u00dfe Dreiecke aufteilen. Die Wege wurden von Christian dem V. im 17. Jahrhundert f\u00fcr die Parforcejagd geschaffen. Kurz nachdem Christian der V. den Thron als D\u00e4nemarks absolutistischer K\u00f6nig [&hellip;]<\/p>\n","protected":false},"author":2,"featured_media":0,"parent":0,"menu_order":0,"comment_status":"closed","ping_status":"closed","template":"","meta":{"_acf_changed":false,"inline_featured_image":false,"footnotes":""},"class_list":["post-525","page","type-page","status-publish","hentry"],"acf":[],"yoast_head":"<!-- This site is optimized with the Yoast SEO plugin v27.5 - https:\/\/yoast.com\/product\/yoast-seo-wordpress\/ -->\n<title>Die k\u00f6nigliche Landschaft, die Geschichte die Parforcejagdlandschaft in Nordseeland<\/title>\n<meta name=\"description\" content=\"In den nordseel\u00e4ndischen W\u00e4ldern kann man noch immer die schnurgeraden Jagdwege sehen. Die Wege wurden von Christian dem V. im 17. Jahrhundert geschaffen.\" \/>\n<meta name=\"robots\" content=\"index, follow, max-snippet:-1, max-image-preview:large, max-video-preview:-1\" \/>\n<link rel=\"canonical\" href=\"https:\/\/parforce.dk\/die-koenigliche-landschaft\/?lang=de\" \/>\n<meta property=\"og:locale\" content=\"de_DE\" \/>\n<meta property=\"og:type\" content=\"article\" \/>\n<meta property=\"og:title\" content=\"Die k\u00f6nigliche Landschaft, die Geschichte die Parforcejagdlandschaft in Nordseeland\" \/>\n<meta property=\"og:description\" content=\"In den nordseel\u00e4ndischen W\u00e4ldern kann man noch immer die schnurgeraden Jagdwege sehen. Die Wege wurden von Christian dem V. im 17. Jahrhundert geschaffen.\" \/>\n<meta property=\"og:url\" content=\"https:\/\/parforce.dk\/die-koenigliche-landschaft\/?lang=de\" \/>\n<meta property=\"og:site_name\" content=\"Parforce\" \/>\n<meta property=\"article:modified_time\" content=\"2017-03-03T13:36:53+00:00\" \/>\n<meta name=\"twitter:card\" content=\"summary_large_image\" \/>\n<meta name=\"twitter:label1\" content=\"Gesch\u00e4tzte Lesezeit\" \/>\n\t<meta name=\"twitter:data1\" content=\"2\u00a0Minuten\" \/>\n<script type=\"application\/ld+json\" class=\"yoast-schema-graph\">{\"@context\":\"https:\\\/\\\/schema.org\",\"@graph\":[{\"@type\":\"WebPage\",\"@id\":\"https:\\\/\\\/parforce.dk\\\/die-koenigliche-landschaft\\\/?lang=de\",\"url\":\"https:\\\/\\\/parforce.dk\\\/die-koenigliche-landschaft\\\/?lang=de\",\"name\":\"Die k\u00f6nigliche Landschaft, die Geschichte die Parforcejagdlandschaft in Nordseeland\",\"isPartOf\":{\"@id\":\"https:\\\/\\\/parforce.dk\\\/#website\"},\"datePublished\":\"2017-03-01T14:50:58+00:00\",\"dateModified\":\"2017-03-03T13:36:53+00:00\",\"description\":\"In den nordseel\u00e4ndischen W\u00e4ldern kann man noch immer die schnurgeraden Jagdwege sehen. Die Wege wurden von Christian dem V. im 17. Jahrhundert geschaffen.\",\"breadcrumb\":{\"@id\":\"https:\\\/\\\/parforce.dk\\\/die-koenigliche-landschaft\\\/?lang=de#breadcrumb\"},\"inLanguage\":\"de\",\"potentialAction\":[{\"@type\":\"ReadAction\",\"target\":[\"https:\\\/\\\/parforce.dk\\\/die-koenigliche-landschaft\\\/?lang=de\"]}]},{\"@type\":\"BreadcrumbList\",\"@id\":\"https:\\\/\\\/parforce.dk\\\/die-koenigliche-landschaft\\\/?lang=de#breadcrumb\",\"itemListElement\":[{\"@type\":\"ListItem\",\"position\":1,\"name\":\"Hjem\",\"item\":\"https:\\\/\\\/parforce.dk\\\/?lang=de\"},{\"@type\":\"ListItem\",\"position\":2,\"name\":\"Die k\u00f6nigliche Landschaft\"}]},{\"@type\":\"WebSite\",\"@id\":\"https:\\\/\\\/parforce.dk\\\/#website\",\"url\":\"https:\\\/\\\/parforce.dk\\\/\",\"name\":\"Parforce\",\"description\":\"Parforcejagtlandskabet i Nordsj\u00e6lland\",\"potentialAction\":[{\"@type\":\"SearchAction\",\"target\":{\"@type\":\"EntryPoint\",\"urlTemplate\":\"https:\\\/\\\/parforce.dk\\\/?s={search_term_string}\"},\"query-input\":{\"@type\":\"PropertyValueSpecification\",\"valueRequired\":true,\"valueName\":\"search_term_string\"}}],\"inLanguage\":\"de\"}]}<\/script>\n<!-- \/ Yoast SEO plugin. -->","yoast_head_json":{"title":"Die k\u00f6nigliche Landschaft, die Geschichte die Parforcejagdlandschaft in Nordseeland","description":"In den nordseel\u00e4ndischen W\u00e4ldern kann man noch immer die schnurgeraden Jagdwege sehen. Die Wege wurden von Christian dem V. im 17. Jahrhundert geschaffen.","robots":{"index":"index","follow":"follow","max-snippet":"max-snippet:-1","max-image-preview":"max-image-preview:large","max-video-preview":"max-video-preview:-1"},"canonical":"https:\/\/parforce.dk\/die-koenigliche-landschaft\/?lang=de","og_locale":"de_DE","og_type":"article","og_title":"Die k\u00f6nigliche Landschaft, die Geschichte die Parforcejagdlandschaft in Nordseeland","og_description":"In den nordseel\u00e4ndischen W\u00e4ldern kann man noch immer die schnurgeraden Jagdwege sehen. Die Wege wurden von Christian dem V. im 17. Jahrhundert geschaffen.","og_url":"https:\/\/parforce.dk\/die-koenigliche-landschaft\/?lang=de","og_site_name":"Parforce","article_modified_time":"2017-03-03T13:36:53+00:00","twitter_card":"summary_large_image","twitter_misc":{"Gesch\u00e4tzte Lesezeit":"2\u00a0Minuten"},"schema":{"@context":"https:\/\/schema.org","@graph":[{"@type":"WebPage","@id":"https:\/\/parforce.dk\/die-koenigliche-landschaft\/?lang=de","url":"https:\/\/parforce.dk\/die-koenigliche-landschaft\/?lang=de","name":"Die k\u00f6nigliche Landschaft, die Geschichte die Parforcejagdlandschaft in Nordseeland","isPartOf":{"@id":"https:\/\/parforce.dk\/#website"},"datePublished":"2017-03-01T14:50:58+00:00","dateModified":"2017-03-03T13:36:53+00:00","description":"In den nordseel\u00e4ndischen W\u00e4ldern kann man noch immer die schnurgeraden Jagdwege sehen. Die Wege wurden von Christian dem V. im 17. Jahrhundert geschaffen.","breadcrumb":{"@id":"https:\/\/parforce.dk\/die-koenigliche-landschaft\/?lang=de#breadcrumb"},"inLanguage":"de","potentialAction":[{"@type":"ReadAction","target":["https:\/\/parforce.dk\/die-koenigliche-landschaft\/?lang=de"]}]},{"@type":"BreadcrumbList","@id":"https:\/\/parforce.dk\/die-koenigliche-landschaft\/?lang=de#breadcrumb","itemListElement":[{"@type":"ListItem","position":1,"name":"Hjem","item":"https:\/\/parforce.dk\/?lang=de"},{"@type":"ListItem","position":2,"name":"Die k\u00f6nigliche Landschaft"}]},{"@type":"WebSite","@id":"https:\/\/parforce.dk\/#website","url":"https:\/\/parforce.dk\/","name":"Parforce","description":"Parforcejagtlandskabet i Nordsj\u00e6lland","potentialAction":[{"@type":"SearchAction","target":{"@type":"EntryPoint","urlTemplate":"https:\/\/parforce.dk\/?s={search_term_string}"},"query-input":{"@type":"PropertyValueSpecification","valueRequired":true,"valueName":"search_term_string"}}],"inLanguage":"de"}]}},"_links":{"self":[{"href":"https:\/\/parforce.dk\/de\/wp-json\/wp\/v2\/pages\/525","targetHints":{"allow":["GET"]}}],"collection":[{"href":"https:\/\/parforce.dk\/de\/wp-json\/wp\/v2\/pages"}],"about":[{"href":"https:\/\/parforce.dk\/de\/wp-json\/wp\/v2\/types\/page"}],"author":[{"embeddable":true,"href":"https:\/\/parforce.dk\/de\/wp-json\/wp\/v2\/users\/2"}],"replies":[{"embeddable":true,"href":"https:\/\/parforce.dk\/de\/wp-json\/wp\/v2\/comments?post=525"}],"version-history":[{"count":0,"href":"https:\/\/parforce.dk\/de\/wp-json\/wp\/v2\/pages\/525\/revisions"}],"wp:attachment":[{"href":"https:\/\/parforce.dk\/de\/wp-json\/wp\/v2\/media?parent=525"}],"curies":[{"name":"wp","href":"https:\/\/api.w.org\/{rel}","templated":true}]}}