{"id":521,"date":"2017-03-01T14:07:06","date_gmt":"2017-03-01T14:07:06","guid":{"rendered":"http:\/\/parforce.dk\/?page_id=521"},"modified":"2017-03-01T14:07:06","modified_gmt":"2017-03-01T14:07:06","slug":"einfuehrung","status":"publish","type":"page","link":"https:\/\/parforce.dk\/de\/einfuehrung\/","title":{"rendered":"Einf\u00fchrung"},"content":{"rendered":"<h2>Ein strebsamer K\u00f6nig<\/h2>\n<h5>Kilometerlange alte Jagdwege schneiden sich kreuz und quer durch Gribskov, Stor Dyrehave und J\u00e6gersborg Dyrehave und Hegn. Heutzutage werden die Wege von all denen benutzt, die sich im Wald befinden, aber urspr\u00fcnglich wurden sie von dem absolutistischen Christian dem V. in den Jahren 1670-1680 geschaffen.<\/h5>\n<p>Er z\u00fcgelte die wilde, unwegsame, nordseel\u00e4ndische Natur Nordseelands indem er ein avanciertes System von Jagdwegen etablierte, die mit Hilfe der damaligen modernsten mathematischen Wissenschaften ausgearbeitet wurden. Die Jagdwege machten es m\u00f6glich, Parforcejagd zu betreiben. Es handelt sich dabei um eine, aus heutiger Sicht, bestialische Form des Jagens, jedoch war dies h\u00f6chste Mode im 17.Jahrhundert. Und das nicht nur in D\u00e4nemark, sondern in ganz Europa.<\/p>\n<p>F\u00fcr Christian den V. handelte es sich um Selbstinszenierung. Er wollte zeigen, dass er ein machtvoller K\u00f6nig war, der sowohl \u00fcber Menschen, als auch \u00fcber Tiere und Natur bestimmte. Die vielen Wege entstanden durch eine enorme Anlegungsarbeit, die vornehme Ingenieurkunst und \u2013 nicht zuletzt \u2013 die Macht und den Reichtum des K\u00f6nigs demonstrierte.<\/p>\n<p>W\u00e4hrend der Parforcejagd spielte der K\u00f6nig die Hauptrolle. Es war der K\u00f6nig, der zur Jagd einlud, wo berittene J\u00e4ger mit ihren Hunden einen ausgew\u00e4hlten Rothirsch stundenlang verfolgten. Und es war der K\u00f6nig, der dem Tier den Gnadensto\u00df gab, als er die Verfolgung abschloss, indem er einen Spie\u00df oder ein kurzes Schwert, den sogenannten Hirschf\u00e4nger, in das Herz des Tieres stie\u00df.<\/p>\n","protected":false},"excerpt":{"rendered":"<p>Ein strebsamer K\u00f6nig Kilometerlange alte Jagdwege schneiden sich kreuz und quer durch Gribskov, Stor Dyrehave und J\u00e6gersborg Dyrehave und Hegn. Heutzutage werden die Wege von all denen benutzt, die sich im Wald befinden, aber urspr\u00fcnglich wurden sie von dem absolutistischen Christian dem V. in den Jahren 1670-1680 geschaffen. Er z\u00fcgelte die wilde, unwegsame, nordseel\u00e4ndische Natur [&hellip;]<\/p>\n","protected":false},"author":2,"featured_media":0,"parent":0,"menu_order":0,"comment_status":"closed","ping_status":"closed","template":"","meta":{"_acf_changed":false,"inline_featured_image":false,"footnotes":""},"class_list":["post-521","page","type-page","status-publish","hentry"],"acf":[],"yoast_head":"<!-- This site is optimized with the Yoast SEO plugin v27.4 - https:\/\/yoast.com\/product\/yoast-seo-wordpress\/ -->\n<title>Die Geschichte, Parforcejagdlandschaft in Nordseeland<\/title>\n<meta name=\"description\" content=\"Kilometerlange alte Jagdwege schneiden sich kreuz und quer durch Gribskov, Stor Dyrehave und J\u00e6gersborg Dyrehave und Hegn.\" \/>\n<meta name=\"robots\" content=\"index, follow, max-snippet:-1, max-image-preview:large, max-video-preview:-1\" \/>\n<link rel=\"canonical\" href=\"https:\/\/parforce.dk\/einfuehrung\/?lang=de\" \/>\n<meta property=\"og:locale\" content=\"de_DE\" \/>\n<meta property=\"og:type\" content=\"article\" \/>\n<meta property=\"og:title\" content=\"Die Geschichte, Parforcejagdlandschaft in Nordseeland\" \/>\n<meta property=\"og:description\" content=\"Kilometerlange alte Jagdwege schneiden sich kreuz und quer durch Gribskov, Stor Dyrehave und J\u00e6gersborg Dyrehave und Hegn.\" \/>\n<meta property=\"og:url\" content=\"https:\/\/parforce.dk\/einfuehrung\/?lang=de\" \/>\n<meta property=\"og:site_name\" content=\"Parforce\" \/>\n<meta name=\"twitter:card\" content=\"summary_large_image\" \/>\n<meta name=\"twitter:label1\" content=\"Gesch\u00e4tzte Lesezeit\" \/>\n\t<meta name=\"twitter:data1\" content=\"1\u00a0Minute\" \/>\n<script type=\"application\/ld+json\" class=\"yoast-schema-graph\">{\"@context\":\"https:\\\/\\\/schema.org\",\"@graph\":[{\"@type\":\"WebPage\",\"@id\":\"https:\\\/\\\/parforce.dk\\\/einfuehrung\\\/?lang=de\",\"url\":\"https:\\\/\\\/parforce.dk\\\/einfuehrung\\\/?lang=de\",\"name\":\"Die Geschichte, Parforcejagdlandschaft in Nordseeland\",\"isPartOf\":{\"@id\":\"https:\\\/\\\/parforce.dk\\\/#website\"},\"datePublished\":\"2017-03-01T14:07:06+00:00\",\"description\":\"Kilometerlange alte Jagdwege schneiden sich kreuz und quer durch Gribskov, Stor Dyrehave und J\u00e6gersborg Dyrehave und Hegn.\",\"breadcrumb\":{\"@id\":\"https:\\\/\\\/parforce.dk\\\/einfuehrung\\\/?lang=de#breadcrumb\"},\"inLanguage\":\"de\",\"potentialAction\":[{\"@type\":\"ReadAction\",\"target\":[\"https:\\\/\\\/parforce.dk\\\/einfuehrung\\\/?lang=de\"]}]},{\"@type\":\"BreadcrumbList\",\"@id\":\"https:\\\/\\\/parforce.dk\\\/einfuehrung\\\/?lang=de#breadcrumb\",\"itemListElement\":[{\"@type\":\"ListItem\",\"position\":1,\"name\":\"Hjem\",\"item\":\"https:\\\/\\\/parforce.dk\\\/?lang=de\"},{\"@type\":\"ListItem\",\"position\":2,\"name\":\"Einf\u00fchrung\"}]},{\"@type\":\"WebSite\",\"@id\":\"https:\\\/\\\/parforce.dk\\\/#website\",\"url\":\"https:\\\/\\\/parforce.dk\\\/\",\"name\":\"Parforce\",\"description\":\"Parforcejagtlandskabet i Nordsj\u00e6lland\",\"potentialAction\":[{\"@type\":\"SearchAction\",\"target\":{\"@type\":\"EntryPoint\",\"urlTemplate\":\"https:\\\/\\\/parforce.dk\\\/?s={search_term_string}\"},\"query-input\":{\"@type\":\"PropertyValueSpecification\",\"valueRequired\":true,\"valueName\":\"search_term_string\"}}],\"inLanguage\":\"de\"}]}<\/script>\n<!-- \/ Yoast SEO plugin. -->","yoast_head_json":{"title":"Die Geschichte, Parforcejagdlandschaft in Nordseeland","description":"Kilometerlange alte Jagdwege schneiden sich kreuz und quer durch Gribskov, Stor Dyrehave und J\u00e6gersborg Dyrehave und Hegn.","robots":{"index":"index","follow":"follow","max-snippet":"max-snippet:-1","max-image-preview":"max-image-preview:large","max-video-preview":"max-video-preview:-1"},"canonical":"https:\/\/parforce.dk\/einfuehrung\/?lang=de","og_locale":"de_DE","og_type":"article","og_title":"Die Geschichte, Parforcejagdlandschaft in Nordseeland","og_description":"Kilometerlange alte Jagdwege schneiden sich kreuz und quer durch Gribskov, Stor Dyrehave und J\u00e6gersborg Dyrehave und Hegn.","og_url":"https:\/\/parforce.dk\/einfuehrung\/?lang=de","og_site_name":"Parforce","twitter_card":"summary_large_image","twitter_misc":{"Gesch\u00e4tzte Lesezeit":"1\u00a0Minute"},"schema":{"@context":"https:\/\/schema.org","@graph":[{"@type":"WebPage","@id":"https:\/\/parforce.dk\/einfuehrung\/?lang=de","url":"https:\/\/parforce.dk\/einfuehrung\/?lang=de","name":"Die Geschichte, Parforcejagdlandschaft in Nordseeland","isPartOf":{"@id":"https:\/\/parforce.dk\/#website"},"datePublished":"2017-03-01T14:07:06+00:00","description":"Kilometerlange alte Jagdwege schneiden sich kreuz und quer durch Gribskov, Stor Dyrehave und J\u00e6gersborg Dyrehave und Hegn.","breadcrumb":{"@id":"https:\/\/parforce.dk\/einfuehrung\/?lang=de#breadcrumb"},"inLanguage":"de","potentialAction":[{"@type":"ReadAction","target":["https:\/\/parforce.dk\/einfuehrung\/?lang=de"]}]},{"@type":"BreadcrumbList","@id":"https:\/\/parforce.dk\/einfuehrung\/?lang=de#breadcrumb","itemListElement":[{"@type":"ListItem","position":1,"name":"Hjem","item":"https:\/\/parforce.dk\/?lang=de"},{"@type":"ListItem","position":2,"name":"Einf\u00fchrung"}]},{"@type":"WebSite","@id":"https:\/\/parforce.dk\/#website","url":"https:\/\/parforce.dk\/","name":"Parforce","description":"Parforcejagtlandskabet i Nordsj\u00e6lland","potentialAction":[{"@type":"SearchAction","target":{"@type":"EntryPoint","urlTemplate":"https:\/\/parforce.dk\/?s={search_term_string}"},"query-input":{"@type":"PropertyValueSpecification","valueRequired":true,"valueName":"search_term_string"}}],"inLanguage":"de"}]}},"_links":{"self":[{"href":"https:\/\/parforce.dk\/de\/wp-json\/wp\/v2\/pages\/521","targetHints":{"allow":["GET"]}}],"collection":[{"href":"https:\/\/parforce.dk\/de\/wp-json\/wp\/v2\/pages"}],"about":[{"href":"https:\/\/parforce.dk\/de\/wp-json\/wp\/v2\/types\/page"}],"author":[{"embeddable":true,"href":"https:\/\/parforce.dk\/de\/wp-json\/wp\/v2\/users\/2"}],"replies":[{"embeddable":true,"href":"https:\/\/parforce.dk\/de\/wp-json\/wp\/v2\/comments?post=521"}],"version-history":[{"count":0,"href":"https:\/\/parforce.dk\/de\/wp-json\/wp\/v2\/pages\/521\/revisions"}],"wp:attachment":[{"href":"https:\/\/parforce.dk\/de\/wp-json\/wp\/v2\/media?parent=521"}],"curies":[{"name":"wp","href":"https:\/\/api.w.org\/{rel}","templated":true}]}}